
{"id":10232,"date":"2021-11-27T17:23:51","date_gmt":"2021-11-27T17:23:51","guid":{"rendered":"https:\/\/dev.eunitecidos.pt\/?post_type=product&#038;p=10232"},"modified":"2026-01-28T11:07:47","modified_gmt":"2026-01-28T11:07:47","slug":"tecido-100-algodao-basicos-pintas-poppy-2","status":"publish","type":"product","link":"https:\/\/dev.eunitecidos.pt\/en\/loja\/texteis\/tecido-100-algodao-basicos-pintas-poppy-2\/","title":{"rendered":"Fabric 100 % Cotton | Basics | Pints | Poppy"},"content":{"rendered":"<p>Fabric 100 % Cotton | Basics | Pints | Poppy<\/p>\n<p>100% Cotton<\/p>\n<p>Organic cotton<\/p>\n<p>OEKO-TEX and GOTS certified<\/p>\n<p>1.50 Width<\/p>","protected":false},"excerpt":{"rendered":"<p>Fabric 100 % Cotton | Basic | Pints | Poppy 100% Cotton Organic Cotton OEKO-TEX and GOTS Certified 1.50 Wide<\/p>","protected":false},"featured_media":10177,"comment_status":"closed","ping_status":"closed","template":"","meta":{"_seopress_robots_primary_cat":"69","_seopress_titles_title":"Tecido Poppy 100% Algod\u00e3o Certificado OEKO-TEX e GOTS","_seopress_titles_desc":"Descubra os nossos B\u00e1sicos em tecido de algod\u00e3o com pintas e 1,50m de largura. Qualidade certificada e sustent\u00e1vel para os seus projetos de costura.","_seopress_robots_index":""},"product_brand":[],"product_cat":[194,189,190,135,69],"product_tag":[315,443,428,339,420,722,1879,723,331,1880,427,1712,856],"class_list":{"0":"post-10232","1":"product","2":"type-product","3":"status-publish","4":"has-post-thumbnail","6":"product_cat-algodao-organico","7":"product_cat-basicos","8":"product_cat-pintas","9":"product_cat-tecido-100-algodao","10":"product_cat-texteis","11":"product_tag-100-algodao","12":"product_tag-algodao-organico","13":"product_tag-lilas","14":"product_tag-pintas","15":"product_tag-poppy","16":"product_tag-rosa-bebe","17":"product_tag-rosa-escuro","18":"product_tag-rosa-fuscia","19":"product_tag-rosa-velho","20":"product_tag-rosa-velho-escuro","21":"product_tag-roxo","22":"product_tag-tecido-algodao","23":"product_tag-tecidos-poppy","24":"pa_cor-lilas","25":"pa_cor-rosa-bebe","26":"pa_cor-rosa-escuro","27":"pa_cor-rosa-fuscia","28":"pa_cor-rosa-velho-claro","29":"pa_cor-rosa-velho-escuro-2","30":"pa_cor-rosa-velho-medio","31":"pa_cor-roxo","33":"first","34":"instock","35":"taxable","36":"shipping-taxable","37":"purchasable","38":"product-type-variable"},"_links":{"self":[{"href":"https:\/\/dev.eunitecidos.pt\/en\/wp-json\/wp\/v2\/product\/10232","targetHints":{"allow":["GET"]}}],"collection":[{"href":"https:\/\/dev.eunitecidos.pt\/en\/wp-json\/wp\/v2\/product"}],"about":[{"href":"https:\/\/dev.eunitecidos.pt\/en\/wp-json\/wp\/v2\/types\/product"}],"replies":[{"embeddable":true,"href":"https:\/\/dev.eunitecidos.pt\/en\/wp-json\/wp\/v2\/comments?post=10232"}],"wp:featuredmedia":[{"embeddable":true,"href":"https:\/\/dev.eunitecidos.pt\/en\/wp-json\/wp\/v2\/media\/10177"}],"wp:attachment":[{"href":"https:\/\/dev.eunitecidos.pt\/en\/wp-json\/wp\/v2\/media?parent=10232"}],"wp:term":[{"taxonomy":"product_brand","embeddable":true,"href":"https:\/\/dev.eunitecidos.pt\/en\/wp-json\/wp\/v2\/product_brand?post=10232"},{"taxonomy":"product_cat","embeddable":true,"href":"https:\/\/dev.eunitecidos.pt\/en\/wp-json\/wp\/v2\/product_cat?post=10232"},{"taxonomy":"product_tag","embeddable":true,"href":"https:\/\/dev.eunitecidos.pt\/en\/wp-json\/wp\/v2\/product_tag?post=10232"}],"curies":[{"name":"wp","href":"https:\/\/api.w.org\/{rel}","templated":true}]}}