
{"id":10359,"date":"2022-01-03T18:42:49","date_gmt":"2022-01-03T18:42:49","guid":{"rendered":"https:\/\/dev.eunitecidos.pt\/?post_type=product&#038;p=10359"},"modified":"2026-01-09T19:57:51","modified_gmt":"2026-01-09T19:57:51","slug":"rede-mesh-azul-turquesa","status":"publish","type":"product","link":"https:\/\/dev.eunitecidos.pt\/en\/loja\/texteis\/rede-mesh-azul-turquesa\/","title":{"rendered":"Mesh | Turquoise Blue"},"content":{"rendered":"<p>Mesh | Turquoise Blue<\/p>\n<p>100% Polyester, Machine washable.<\/p>\n<p>Light, soft and malleable hammock.<\/p>\n<p>Great hammock for beach bags, rucksacks, the sand comes out easily.<\/p>\n<p>Netting used for storage bags.<\/p>\n<p>Width 1.5 metres<\/p>","protected":false},"excerpt":{"rendered":"<p>Rede | Mesh | Azul Turquesa 100% Poli\u00e9ster, Lav\u00e1vel na m\u00e1quina. Rede Leve, macia e male\u00e1vel. Rede \u00f3tima para Sacos de Praia, Mochilas, a areia sa\u00ed facilmente. Rede utilizada para sacos de armazenamento. Largura 1,5 mt<\/p>","protected":false},"featured_media":10328,"comment_status":"closed","ping_status":"closed","template":"","meta":{"_seopress_robots_primary_cat":"69","_seopress_titles_title":"Rede Azul Turquesa 100% Poli\u00e9ster Lav\u00e1vel | Mochilas, Sacos de Praia","_seopress_titles_desc":"Rede Leve e male\u00e1vel, ideal para Sacos de Praia e Mochilas. A areia sai facilmente. Largura de 1,5 mt. Utilizada tamb\u00e9m para sacos de armazenamento.","_seopress_robots_index":""},"product_brand":[],"product_cat":[148,69],"product_tag":[707,1638,813,891],"class_list":{"0":"post-10359","1":"product","2":"type-product","3":"status-publish","4":"has-post-thumbnail","6":"product_cat-rede-mesh","7":"product_cat-texteis","8":"product_tag-100-poliester","9":"product_tag-lisa","10":"product_tag-rede-mesh","11":"product_tag-turquesa","13":"first","14":"instock","15":"taxable","16":"shipping-taxable","17":"purchasable","18":"product-type-simple"},"_links":{"self":[{"href":"https:\/\/dev.eunitecidos.pt\/en\/wp-json\/wp\/v2\/product\/10359","targetHints":{"allow":["GET"]}}],"collection":[{"href":"https:\/\/dev.eunitecidos.pt\/en\/wp-json\/wp\/v2\/product"}],"about":[{"href":"https:\/\/dev.eunitecidos.pt\/en\/wp-json\/wp\/v2\/types\/product"}],"replies":[{"embeddable":true,"href":"https:\/\/dev.eunitecidos.pt\/en\/wp-json\/wp\/v2\/comments?post=10359"}],"wp:featuredmedia":[{"embeddable":true,"href":"https:\/\/dev.eunitecidos.pt\/en\/wp-json\/wp\/v2\/media\/10328"}],"wp:attachment":[{"href":"https:\/\/dev.eunitecidos.pt\/en\/wp-json\/wp\/v2\/media?parent=10359"}],"wp:term":[{"taxonomy":"product_brand","embeddable":true,"href":"https:\/\/dev.eunitecidos.pt\/en\/wp-json\/wp\/v2\/product_brand?post=10359"},{"taxonomy":"product_cat","embeddable":true,"href":"https:\/\/dev.eunitecidos.pt\/en\/wp-json\/wp\/v2\/product_cat?post=10359"},{"taxonomy":"product_tag","embeddable":true,"href":"https:\/\/dev.eunitecidos.pt\/en\/wp-json\/wp\/v2\/product_tag?post=10359"}],"curies":[{"name":"wp","href":"https:\/\/api.w.org\/{rel}","templated":true}]}}