
{"id":10369,"date":"2022-01-03T19:56:55","date_gmt":"2022-01-03T19:56:55","guid":{"rendered":"https:\/\/dev.eunitecidos.pt\/?post_type=product&#038;p=10369"},"modified":"2025-08-05T13:55:35","modified_gmt":"2025-08-05T13:55:35","slug":"rede-mesh-preto","status":"publish","type":"product","link":"https:\/\/dev.eunitecidos.pt\/en\/loja\/texteis\/rede-mesh-preto\/","title":{"rendered":"Mesh | Black"},"content":{"rendered":"<p>Mesh | Black<\/p>\n<p>100% Polyester, Machine washable.<\/p>\n<p>Light, soft and malleable hammock.<\/p>\n<p>Great hammock for beach bags, rucksacks, the sand comes out easily.<\/p>\n<p>Netting used for storage bags.<\/p>\n<p>Width 1.5 metres<\/p>","protected":false},"excerpt":{"rendered":"<p>Rede | Mesh | Preto 100% Poli\u00e9ster, Lav\u00e1vel na m\u00e1quina. Rede Leve, macia e male\u00e1vel. Rede \u00f3tima para Sacos de Praia, Mochilas, a areia sa\u00ed facilmente. Rede utilizada para sacos de armazenamento. Largura 1,5 mt<\/p>","protected":false},"featured_media":10325,"comment_status":"closed","ping_status":"closed","template":"","meta":{"_seopress_robots_primary_cat":"69","_seopress_titles_title":"Rede de Malha Preta Lav\u00e1vel | 100% Poli\u00e9ster","_seopress_titles_desc":"Rede de Mesh preta em poli\u00e9ster, ideal para Sacos de Praia e Mochilas. Resistente e f\u00e1cil de limpar. Largura de 1,5 metros. Descubra mais!","_seopress_robots_index":""},"product_brand":[],"product_cat":[148,69],"product_tag":[707,1638,491,813],"class_list":{"0":"post-10369","1":"product","2":"type-product","3":"status-publish","4":"has-post-thumbnail","6":"product_cat-rede-mesh","7":"product_cat-texteis","8":"product_tag-100-poliester","9":"product_tag-lisa","10":"product_tag-preto","11":"product_tag-rede-mesh","13":"first","14":"instock","15":"taxable","16":"shipping-taxable","17":"purchasable","18":"product-type-simple"},"_links":{"self":[{"href":"https:\/\/dev.eunitecidos.pt\/en\/wp-json\/wp\/v2\/product\/10369","targetHints":{"allow":["GET"]}}],"collection":[{"href":"https:\/\/dev.eunitecidos.pt\/en\/wp-json\/wp\/v2\/product"}],"about":[{"href":"https:\/\/dev.eunitecidos.pt\/en\/wp-json\/wp\/v2\/types\/product"}],"replies":[{"embeddable":true,"href":"https:\/\/dev.eunitecidos.pt\/en\/wp-json\/wp\/v2\/comments?post=10369"}],"wp:featuredmedia":[{"embeddable":true,"href":"https:\/\/dev.eunitecidos.pt\/en\/wp-json\/wp\/v2\/media\/10325"}],"wp:attachment":[{"href":"https:\/\/dev.eunitecidos.pt\/en\/wp-json\/wp\/v2\/media?parent=10369"}],"wp:term":[{"taxonomy":"product_brand","embeddable":true,"href":"https:\/\/dev.eunitecidos.pt\/en\/wp-json\/wp\/v2\/product_brand?post=10369"},{"taxonomy":"product_cat","embeddable":true,"href":"https:\/\/dev.eunitecidos.pt\/en\/wp-json\/wp\/v2\/product_cat?post=10369"},{"taxonomy":"product_tag","embeddable":true,"href":"https:\/\/dev.eunitecidos.pt\/en\/wp-json\/wp\/v2\/product_tag?post=10369"}],"curies":[{"name":"wp","href":"https:\/\/api.w.org\/{rel}","templated":true}]}}