
{"id":10587,"date":"2021-12-28T19:18:57","date_gmt":"2021-12-28T19:18:57","guid":{"rendered":"https:\/\/dev.eunitecidos.pt\/?post_type=product&#038;p=10587"},"modified":"2025-08-01T10:46:17","modified_gmt":"2025-08-01T10:46:17","slug":"rede-mesh-amarelo","status":"publish","type":"product","link":"https:\/\/dev.eunitecidos.pt\/en\/loja\/texteis\/rede-mesh-amarelo\/","title":{"rendered":"Mesh | Yellow"},"content":{"rendered":"<p>Mesh | Yellow<\/p>\n<p>100% Polyester, Machine washable.<\/p>\n<p>Light, soft and malleable hammock.<\/p>\n<p>Great hammock for beach bags, rucksacks, the sand comes out easily.<\/p>\n<p>Netting used for storage bags.<\/p>\n<p>1.50 Width<\/p>","protected":false},"excerpt":{"rendered":"<p>Mesh | Yellow 100% Polyester, Machine washable. Lightweight, soft and malleable net. Great net for beach bags, rucksacks, sand comes out easily. Netting used for storage bags. 1.50 wide<\/p>","protected":false},"featured_media":10556,"comment_status":"closed","ping_status":"closed","template":"","meta":{"_seopress_robots_primary_cat":"69","_seopress_titles_title":"Rede Amarela 100% Poli\u00e9ster Lav\u00e1vel - Leve e Vers\u00e1til","_seopress_titles_desc":"Rede amarela 100% poli\u00e9ster, lav\u00e1vel na m\u00e1quina. Ideal para sacos de praia e mochilas. F\u00e1cil de limpar a areia. Aproveite a leveza e maleabilidade desta rede de 1,50m de largura.","_seopress_robots_index":""},"product_brand":[],"product_cat":[148,69],"product_tag":[307,1638,813],"class_list":{"0":"post-10587","1":"product","2":"type-product","3":"status-publish","4":"has-post-thumbnail","6":"product_cat-rede-mesh","7":"product_cat-texteis","8":"product_tag-amarelo","9":"product_tag-lisa","10":"product_tag-rede-mesh","12":"first","13":"instock","14":"taxable","15":"shipping-taxable","16":"purchasable","17":"product-type-simple"},"_links":{"self":[{"href":"https:\/\/dev.eunitecidos.pt\/en\/wp-json\/wp\/v2\/product\/10587","targetHints":{"allow":["GET"]}}],"collection":[{"href":"https:\/\/dev.eunitecidos.pt\/en\/wp-json\/wp\/v2\/product"}],"about":[{"href":"https:\/\/dev.eunitecidos.pt\/en\/wp-json\/wp\/v2\/types\/product"}],"replies":[{"embeddable":true,"href":"https:\/\/dev.eunitecidos.pt\/en\/wp-json\/wp\/v2\/comments?post=10587"}],"wp:featuredmedia":[{"embeddable":true,"href":"https:\/\/dev.eunitecidos.pt\/en\/wp-json\/wp\/v2\/media\/10556"}],"wp:attachment":[{"href":"https:\/\/dev.eunitecidos.pt\/en\/wp-json\/wp\/v2\/media?parent=10587"}],"wp:term":[{"taxonomy":"product_brand","embeddable":true,"href":"https:\/\/dev.eunitecidos.pt\/en\/wp-json\/wp\/v2\/product_brand?post=10587"},{"taxonomy":"product_cat","embeddable":true,"href":"https:\/\/dev.eunitecidos.pt\/en\/wp-json\/wp\/v2\/product_cat?post=10587"},{"taxonomy":"product_tag","embeddable":true,"href":"https:\/\/dev.eunitecidos.pt\/en\/wp-json\/wp\/v2\/product_tag?post=10587"}],"curies":[{"name":"wp","href":"https:\/\/api.w.org\/{rel}","templated":true}]}}