
{"id":11495,"date":"2022-01-20T15:41:04","date_gmt":"2022-01-20T15:41:04","guid":{"rendered":"https:\/\/dev.eunitecidos.pt\/?post_type=product&#038;p=11495"},"modified":"2025-01-14T11:26:13","modified_gmt":"2025-01-14T11:26:13","slug":"linha-cose-100-poliester-40-s-2-castanho-escuro-744","status":"publish","type":"product","link":"https:\/\/dev.eunitecidos.pt\/en\/loja\/retrosaria\/linha-cose-100-poliester-40-s-2-castanho-escuro-744\/","title":{"rendered":"Cose Line | 100% Polyester 40 S\/2 | Dark Brown 744"},"content":{"rendered":"<p>Cose Line | 100% Polyester 40 S\/2 | Dark Brown 744<\/p>\n<p><span style=\"font-size: 14.4px\">Hand and machine sewing thread<\/span><\/p>\n<p>100% Polyester<\/p>\n<p>1000 metres<\/p>","protected":false},"excerpt":{"rendered":"<p>Sewing thread | 100% Polyester 40 S\/2 | Dark Brown 744 Hand and machine sewing thread 100% Polyester 1000 metres<\/p>","protected":false},"featured_media":11430,"comment_status":"closed","ping_status":"closed","template":"","meta":{"_seopress_robots_primary_cat":"72","_seopress_titles_title":"Linha Cose 100% Poli\u00e9ster 40 S\/2 Castanho Escuro 744","_seopress_titles_desc":"Garanta costuras perfeitas com a Linha Cose de 100% Poli\u00e9ster 40 S\/2 em Castanho Escuro. Ideal para costurar \u00e0 m\u00e3o e \u00e0 m\u00e1quina. Compre agora!","_seopress_robots_index":""},"product_brand":[],"product_cat":[1986,72],"product_tag":[707,1983,1982,516,1981,1604],"class_list":{"0":"post-11495","1":"product","2":"type-product","3":"status-publish","4":"has-post-thumbnail","6":"product_cat-linhas-cose-1000-metros","7":"product_cat-retrosaria","8":"product_tag-100-poliester","9":"product_tag-1000-metros","10":"product_tag-40s-2","11":"product_tag-castanho","12":"product_tag-cose","13":"product_tag-linha","15":"first","16":"instock","17":"taxable","18":"shipping-taxable","19":"purchasable","20":"product-type-simple"},"_links":{"self":[{"href":"https:\/\/dev.eunitecidos.pt\/en\/wp-json\/wp\/v2\/product\/11495","targetHints":{"allow":["GET"]}}],"collection":[{"href":"https:\/\/dev.eunitecidos.pt\/en\/wp-json\/wp\/v2\/product"}],"about":[{"href":"https:\/\/dev.eunitecidos.pt\/en\/wp-json\/wp\/v2\/types\/product"}],"replies":[{"embeddable":true,"href":"https:\/\/dev.eunitecidos.pt\/en\/wp-json\/wp\/v2\/comments?post=11495"}],"wp:featuredmedia":[{"embeddable":true,"href":"https:\/\/dev.eunitecidos.pt\/en\/wp-json\/wp\/v2\/media\/11430"}],"wp:attachment":[{"href":"https:\/\/dev.eunitecidos.pt\/en\/wp-json\/wp\/v2\/media?parent=11495"}],"wp:term":[{"taxonomy":"product_brand","embeddable":true,"href":"https:\/\/dev.eunitecidos.pt\/en\/wp-json\/wp\/v2\/product_brand?post=11495"},{"taxonomy":"product_cat","embeddable":true,"href":"https:\/\/dev.eunitecidos.pt\/en\/wp-json\/wp\/v2\/product_cat?post=11495"},{"taxonomy":"product_tag","embeddable":true,"href":"https:\/\/dev.eunitecidos.pt\/en\/wp-json\/wp\/v2\/product_tag?post=11495"}],"curies":[{"name":"wp","href":"https:\/\/api.w.org\/{rel}","templated":true}]}}