
{"id":11589,"date":"2022-01-22T15:43:54","date_gmt":"2022-01-22T15:43:54","guid":{"rendered":"https:\/\/dev.eunitecidos.pt\/?post_type=product&#038;p=11589"},"modified":"2024-01-22T21:55:24","modified_gmt":"2024-01-22T21:55:24","slug":"tecidos-plastificados-basicos-estrela-fundo-verde","status":"publish","type":"product","link":"https:\/\/dev.eunitecidos.pt\/en\/loja\/plastificados\/tecidos-plastificados-basicos-estrela-fundo-verde\/","title":{"rendered":"Plasticised Fabrics | Basic | Star | Green Background"},"content":{"rendered":"<p>Plasticised Fabrics | Basic | Star | Green Background<\/p>\n<p>Waterproof fabrics.<\/p>\n<p>1.40 Width<\/p>","protected":false},"excerpt":{"rendered":"<p>Tecidos Plastificados | B\u00e1sicos | Estrela | Fundo Verde Tecidos Imperme\u00e1veis. 1.40 Largura<\/p>","protected":false},"featured_media":19135,"comment_status":"closed","ping_status":"closed","template":"","meta":{"_seopress_robots_primary_cat":"92","_seopress_titles_title":"Tecidos Plastificados e Imperme\u00e1veis em Fundo Verde | 1.40 Largura","_seopress_titles_desc":"Descubra os b\u00e1sicos em tecidos plastificados imperme\u00e1veis com 1.40m de largura. Estilo e qualidade para os seus projetos de costura!","_seopress_robots_index":""},"product_brand":[],"product_cat":[251,92,162],"product_tag":[419,1994,1938,506],"class_list":{"0":"post-11589","1":"product","2":"type-product","3":"status-publish","4":"has-post-thumbnail","6":"product_cat-basicos-plastificados-plastificados","7":"product_cat-plastificados","8":"product_cat-plastificados-plastificados","9":"product_tag-basico","10":"product_tag-estrela-branca","11":"product_tag-fundo-verde","12":"product_tag-plastificado","14":"first","15":"instock","16":"taxable","17":"shipping-taxable","18":"purchasable","19":"product-type-simple"},"_links":{"self":[{"href":"https:\/\/dev.eunitecidos.pt\/en\/wp-json\/wp\/v2\/product\/11589","targetHints":{"allow":["GET"]}}],"collection":[{"href":"https:\/\/dev.eunitecidos.pt\/en\/wp-json\/wp\/v2\/product"}],"about":[{"href":"https:\/\/dev.eunitecidos.pt\/en\/wp-json\/wp\/v2\/types\/product"}],"replies":[{"embeddable":true,"href":"https:\/\/dev.eunitecidos.pt\/en\/wp-json\/wp\/v2\/comments?post=11589"}],"wp:featuredmedia":[{"embeddable":true,"href":"https:\/\/dev.eunitecidos.pt\/en\/wp-json\/wp\/v2\/media\/19135"}],"wp:attachment":[{"href":"https:\/\/dev.eunitecidos.pt\/en\/wp-json\/wp\/v2\/media?parent=11589"}],"wp:term":[{"taxonomy":"product_brand","embeddable":true,"href":"https:\/\/dev.eunitecidos.pt\/en\/wp-json\/wp\/v2\/product_brand?post=11589"},{"taxonomy":"product_cat","embeddable":true,"href":"https:\/\/dev.eunitecidos.pt\/en\/wp-json\/wp\/v2\/product_cat?post=11589"},{"taxonomy":"product_tag","embeddable":true,"href":"https:\/\/dev.eunitecidos.pt\/en\/wp-json\/wp\/v2\/product_tag?post=11589"}],"curies":[{"name":"wp","href":"https:\/\/api.w.org\/{rel}","templated":true}]}}