
{"id":11762,"date":"2022-01-28T16:23:11","date_gmt":"2022-01-28T16:23:11","guid":{"rendered":"https:\/\/dev.eunitecidos.pt\/?post_type=product&#038;p=11762"},"modified":"2026-01-22T19:57:38","modified_gmt":"2026-01-22T19:57:38","slug":"tecido-tule-10gr-m2-liso-castanho","status":"publish","type":"product","link":"https:\/\/dev.eunitecidos.pt\/en\/loja\/texteis\/tecido-tule-10gr-m2-liso-castanho\/","title":{"rendered":"Tule | 10gr\/m2 | Liso | Castanho"},"content":{"rendered":"<p>Tulle fabric | 10gr\/m2 | Plain | Brown<\/p>\n<p>Thinner, lighter weight tulle fabric.<\/p>\n<p>Ideal for making carnival clothes and costumes.<\/p>\n<p>Composition: 100% Polyamide 10gr\/m2<\/p>\n<p>3 metres wide<\/p>","protected":false},"excerpt":{"rendered":"<p>Tecido Tule | 10gr\/m2 | Liso | Castanho Tecido tule de gramagem mais fina e leve. Ideal para confe\u00e7\u00e3o de vestu\u00e1rio e fatos de carnaval. Composi\u00e7\u00e3o: 100% Poliamida 10gr\/m2 3 mt Largura<\/p>","protected":false},"featured_media":11755,"comment_status":"closed","ping_status":"closed","template":"","meta":{"_seopress_robots_primary_cat":"69","_seopress_titles_title":"Tecido Tule Castanho de 10gr\/m2 - Ideal para Carnaval!","_seopress_titles_desc":"Tecido tule castanho de 10gr\/m2. Perfeito para fatos de carnaval com composi\u00e7\u00e3o de 100% Poliamida. Encomende j\u00e1!","_seopress_robots_index":""},"product_brand":[],"product_cat":[2016,199,69,151],"product_tag":[2023,516,677,2022],"class_list":{"0":"post-11762","1":"product","2":"type-product","3":"status-publish","4":"has-post-thumbnail","6":"product_cat-carnaval","7":"product_cat-tematicos","8":"product_cat-texteis","9":"product_cat-tule","10":"product_tag-10gr-m2","11":"product_tag-castanho","12":"product_tag-liso","13":"product_tag-tecido-tule","15":"first","16":"instock","17":"taxable","18":"shipping-taxable","19":"purchasable","20":"product-type-simple"},"_links":{"self":[{"href":"https:\/\/dev.eunitecidos.pt\/en\/wp-json\/wp\/v2\/product\/11762","targetHints":{"allow":["GET"]}}],"collection":[{"href":"https:\/\/dev.eunitecidos.pt\/en\/wp-json\/wp\/v2\/product"}],"about":[{"href":"https:\/\/dev.eunitecidos.pt\/en\/wp-json\/wp\/v2\/types\/product"}],"replies":[{"embeddable":true,"href":"https:\/\/dev.eunitecidos.pt\/en\/wp-json\/wp\/v2\/comments?post=11762"}],"wp:featuredmedia":[{"embeddable":true,"href":"https:\/\/dev.eunitecidos.pt\/en\/wp-json\/wp\/v2\/media\/11755"}],"wp:attachment":[{"href":"https:\/\/dev.eunitecidos.pt\/en\/wp-json\/wp\/v2\/media?parent=11762"}],"wp:term":[{"taxonomy":"product_brand","embeddable":true,"href":"https:\/\/dev.eunitecidos.pt\/en\/wp-json\/wp\/v2\/product_brand?post=11762"},{"taxonomy":"product_cat","embeddable":true,"href":"https:\/\/dev.eunitecidos.pt\/en\/wp-json\/wp\/v2\/product_cat?post=11762"},{"taxonomy":"product_tag","embeddable":true,"href":"https:\/\/dev.eunitecidos.pt\/en\/wp-json\/wp\/v2\/product_tag?post=11762"}],"curies":[{"name":"wp","href":"https:\/\/api.w.org\/{rel}","templated":true}]}}