
{"id":11889,"date":"2022-02-01T16:08:08","date_gmt":"2022-02-01T16:08:08","guid":{"rendered":"https:\/\/dev.eunitecidos.pt\/?post_type=product&#038;p=11889"},"modified":"2022-02-01T16:08:10","modified_gmt":"2022-02-01T16:08:10","slug":"malha-jersey-estampado-fun-stuff","status":"publish","type":"product","link":"https:\/\/dev.eunitecidos.pt\/en\/loja\/texteis\/malha-jersey-estampado-fun-stuff\/","title":{"rendered":"Jersey knit | Printed | Fun Stuff"},"content":{"rendered":"<p>Jersey knit | Printed | Fun Stuff<\/p>\n<p>OEKO-TEX and GOTS certified<\/p>\n<p>Super-soft knit, smooth to the touch, no pile<\/p>\n<p>Widely used for babies' and children's clothing.<\/p>\n<p>Slightly elastic.<\/p>\n<p>1.80 Width<\/p>\n<p>Composition: 95% Cotton 5% Spandex<\/p>\n<p>200gr\/m2<\/p>","protected":false},"excerpt":{"rendered":"<p>Jersey knit | Printed | Fun Stuff OEKO-TEX and GOTS certified Super soft and smooth to the touch knit, without pile. Widely used for baby and children's clothing. Slightly elasticated. 1.80 Width Composition: 95% Cotton 5% Spandex 200gr\/m2<\/p>","protected":false},"featured_media":11855,"comment_status":"closed","ping_status":"closed","template":"","meta":{"_seopress_robots_primary_cat":"69","_seopress_titles_title":"Malha Jersey Estampado Certificado OEKO-TEX e GOTS","_seopress_titles_desc":"Descubra a malha super macia e suave ao toque, certificada OEKO-TEX e GOTS, perfeita para vestu\u00e1rio de beb\u00e9s e crian\u00e7as. Composi\u00e7\u00e3o: 95% Algod\u00e3o 5% Spandex","_seopress_robots_index":""},"product_brand":[],"product_cat":[215,140,69],"product_tag":[307,884,321,541,515,340,2030,2031,1673,2029,2028,2027,491,2026,334,102],"class_list":{"0":"post-11889","1":"product","2":"type-product","3":"status-publish","4":"has-post-thumbnail","6":"product_cat-estampados-jerseys","7":"product_cat-jerseys","8":"product_cat-texteis","9":"product_tag-amarelo","10":"product_tag-azulao","11":"product_tag-branco","12":"product_tag-carros","13":"product_tag-coral","14":"product_tag-estampado","15":"product_tag-folha","16":"product_tag-fun-stuff","17":"product_tag-malha-jersey","18":"product_tag-mota","19":"product_tag-oculos","20":"product_tag-palmeira","21":"product_tag-preto","22":"product_tag-sem-carda","23":"product_tag-sol","24":"product_tag-verde","26":"first","27":"instock","28":"taxable","29":"shipping-taxable","30":"purchasable","31":"product-type-simple"},"_links":{"self":[{"href":"https:\/\/dev.eunitecidos.pt\/en\/wp-json\/wp\/v2\/product\/11889","targetHints":{"allow":["GET"]}}],"collection":[{"href":"https:\/\/dev.eunitecidos.pt\/en\/wp-json\/wp\/v2\/product"}],"about":[{"href":"https:\/\/dev.eunitecidos.pt\/en\/wp-json\/wp\/v2\/types\/product"}],"replies":[{"embeddable":true,"href":"https:\/\/dev.eunitecidos.pt\/en\/wp-json\/wp\/v2\/comments?post=11889"}],"wp:featuredmedia":[{"embeddable":true,"href":"https:\/\/dev.eunitecidos.pt\/en\/wp-json\/wp\/v2\/media\/11855"}],"wp:attachment":[{"href":"https:\/\/dev.eunitecidos.pt\/en\/wp-json\/wp\/v2\/media?parent=11889"}],"wp:term":[{"taxonomy":"product_brand","embeddable":true,"href":"https:\/\/dev.eunitecidos.pt\/en\/wp-json\/wp\/v2\/product_brand?post=11889"},{"taxonomy":"product_cat","embeddable":true,"href":"https:\/\/dev.eunitecidos.pt\/en\/wp-json\/wp\/v2\/product_cat?post=11889"},{"taxonomy":"product_tag","embeddable":true,"href":"https:\/\/dev.eunitecidos.pt\/en\/wp-json\/wp\/v2\/product_tag?post=11889"}],"curies":[{"name":"wp","href":"https:\/\/api.w.org\/{rel}","templated":true}]}}