
{"id":12004,"date":"2022-02-03T19:35:13","date_gmt":"2022-02-03T19:35:13","guid":{"rendered":"https:\/\/dev.eunitecidos.pt\/?post_type=product&#038;p=12004"},"modified":"2025-10-06T16:12:57","modified_gmt":"2025-10-06T16:12:57","slug":"malha-jersey-liso-bege","status":"publish","type":"product","link":"https:\/\/dev.eunitecidos.pt\/en\/loja\/texteis\/malha-jersey-liso-bege\/","title":{"rendered":"Jersey Knit | Plain | Beige"},"content":{"rendered":"<p>Jersey Knit | Plain | Beige<\/p>\n<p>OEKO-TEX certified<\/p>\n<p>Super-soft knit, smooth to the touch, no pile<\/p>\n<p>Widely used for babies' and children's clothing.<\/p>\n<p>Slightly elastic.<\/p>\n<p>1.50 Width<\/p>\n<p>Composition: 95 Cotton 5% Spandex<\/p>\n<p>215gr\/m2<\/p>","protected":false},"excerpt":{"rendered":"<p>Jersey knit | | Plain | Beige OEKO-TEX certified Super soft and smooth to the touch knit, with no pile. Widely used for babies' and children's clothing. Slightly elasticated. 1.50 Width Composition: 95 Cotton 5% Spandex 215gr\/m2<\/p>","protected":false},"featured_media":11848,"comment_status":"closed","ping_status":"closed","template":"","meta":{"_seopress_robots_primary_cat":"69","_seopress_titles_title":"Malha Jersey Bege | Certificado OEKO-TEX | Macia e Confort\u00e1vel","_seopress_titles_desc":"Malha super macia e suave ao toque, ideal para vestu\u00e1rio de beb\u00e9s e crian\u00e7as. Composi\u00e7\u00e3o 95% Algod\u00e3o, 5% Spandex. Descubra mais!","_seopress_robots_index":""},"product_brand":[],"product_cat":[140,214,69],"product_tag":[319,1692,3030,3029,677,1673,2026],"class_list":{"0":"post-12004","1":"product","2":"type-product","3":"status-publish","4":"has-post-thumbnail","6":"product_cat-jerseys","7":"product_cat-lisos-jerseys","8":"product_cat-texteis","9":"product_tag-bege","10":"product_tag-conforto","11":"product_tag-fatos-treino","12":"product_tag-jersey","13":"product_tag-liso","14":"product_tag-malha-jersey","15":"product_tag-sem-carda","17":"first","18":"instock","19":"taxable","20":"shipping-taxable","21":"purchasable","22":"product-type-simple"},"_links":{"self":[{"href":"https:\/\/dev.eunitecidos.pt\/en\/wp-json\/wp\/v2\/product\/12004","targetHints":{"allow":["GET"]}}],"collection":[{"href":"https:\/\/dev.eunitecidos.pt\/en\/wp-json\/wp\/v2\/product"}],"about":[{"href":"https:\/\/dev.eunitecidos.pt\/en\/wp-json\/wp\/v2\/types\/product"}],"replies":[{"embeddable":true,"href":"https:\/\/dev.eunitecidos.pt\/en\/wp-json\/wp\/v2\/comments?post=12004"}],"wp:featuredmedia":[{"embeddable":true,"href":"https:\/\/dev.eunitecidos.pt\/en\/wp-json\/wp\/v2\/media\/11848"}],"wp:attachment":[{"href":"https:\/\/dev.eunitecidos.pt\/en\/wp-json\/wp\/v2\/media?parent=12004"}],"wp:term":[{"taxonomy":"product_brand","embeddable":true,"href":"https:\/\/dev.eunitecidos.pt\/en\/wp-json\/wp\/v2\/product_brand?post=12004"},{"taxonomy":"product_cat","embeddable":true,"href":"https:\/\/dev.eunitecidos.pt\/en\/wp-json\/wp\/v2\/product_cat?post=12004"},{"taxonomy":"product_tag","embeddable":true,"href":"https:\/\/dev.eunitecidos.pt\/en\/wp-json\/wp\/v2\/product_tag?post=12004"}],"curies":[{"name":"wp","href":"https:\/\/api.w.org\/{rel}","templated":true}]}}