
{"id":12282,"date":"2022-02-09T21:45:15","date_gmt":"2022-02-09T21:45:15","guid":{"rendered":"https:\/\/dev.eunitecidos.pt\/?post_type=product&#038;p=12282"},"modified":"2026-01-07T16:10:43","modified_gmt":"2026-01-07T16:10:43","slug":"cetim-liso-verde-alface-ref-5","status":"publish","type":"product","link":"https:\/\/dev.eunitecidos.pt\/en\/loja\/texteis\/cetim-liso-verde-alface-ref-5\/","title":{"rendered":"Satin | Plain | Lettuce Green (ref.5)"},"content":{"rendered":"<p>Satin | Plain | Lettuce Green (ref.5)<\/p>\n<p>Ideal for clothing, bed linen, marches, carnivals, etc.<\/p>\n<p>100% Polyester 80\/90 gr\/m2<\/p>\n<p>1.50 Width<\/p>","protected":false},"excerpt":{"rendered":"<p>Cetim | Liso | Verde Alface (ref.5) Ideal para vestu\u00e1rio, roupa de cama, marchas, carnaval, etc 100% Poli\u00e9ster 80\/90 gr\/m2 1,50 Largura<\/p>","protected":false},"featured_media":12254,"comment_status":"closed","ping_status":"closed","template":"","meta":{"_seopress_robots_primary_cat":"69","_seopress_titles_title":"Tecido de cetim verde alface | Ideal para vestu\u00e1rio e decora\u00e7\u00e3o","_seopress_titles_desc":"Descubra o nosso tecido de cetim verde alface perfeito para vestu\u00e1rio, roupa de cama, marchas e carnaval. Leve e de qualidade garantida.","_seopress_robots_index":""},"product_brand":[],"product_cat":[2059,69],"product_tag":[707,1992,2052,677,2060,882],"class_list":{"0":"post-12282","1":"product","2":"type-product","3":"status-publish","4":"has-post-thumbnail","6":"product_cat-cetim-lisos-estampados","7":"product_cat-texteis","8":"product_tag-100-poliester","9":"product_tag-carnaval","10":"product_tag-cetim","11":"product_tag-liso","12":"product_tag-marchas","13":"product_tag-verde-alface","15":"first","16":"instock","17":"taxable","18":"shipping-taxable","19":"purchasable","20":"product-type-simple"},"_links":{"self":[{"href":"https:\/\/dev.eunitecidos.pt\/en\/wp-json\/wp\/v2\/product\/12282","targetHints":{"allow":["GET"]}}],"collection":[{"href":"https:\/\/dev.eunitecidos.pt\/en\/wp-json\/wp\/v2\/product"}],"about":[{"href":"https:\/\/dev.eunitecidos.pt\/en\/wp-json\/wp\/v2\/types\/product"}],"replies":[{"embeddable":true,"href":"https:\/\/dev.eunitecidos.pt\/en\/wp-json\/wp\/v2\/comments?post=12282"}],"wp:featuredmedia":[{"embeddable":true,"href":"https:\/\/dev.eunitecidos.pt\/en\/wp-json\/wp\/v2\/media\/12254"}],"wp:attachment":[{"href":"https:\/\/dev.eunitecidos.pt\/en\/wp-json\/wp\/v2\/media?parent=12282"}],"wp:term":[{"taxonomy":"product_brand","embeddable":true,"href":"https:\/\/dev.eunitecidos.pt\/en\/wp-json\/wp\/v2\/product_brand?post=12282"},{"taxonomy":"product_cat","embeddable":true,"href":"https:\/\/dev.eunitecidos.pt\/en\/wp-json\/wp\/v2\/product_cat?post=12282"},{"taxonomy":"product_tag","embeddable":true,"href":"https:\/\/dev.eunitecidos.pt\/en\/wp-json\/wp\/v2\/product_tag?post=12282"}],"curies":[{"name":"wp","href":"https:\/\/api.w.org\/{rel}","templated":true}]}}