
{"id":12291,"date":"2022-02-09T20:34:26","date_gmt":"2022-02-09T20:34:26","guid":{"rendered":"https:\/\/dev.eunitecidos.pt\/?post_type=product&#038;p=12291"},"modified":"2026-01-26T11:19:33","modified_gmt":"2026-01-26T11:19:33","slug":"cetim-liso-amarelo-ref-37","status":"publish","type":"product","link":"https:\/\/dev.eunitecidos.pt\/en\/loja\/texteis\/cetim-liso-amarelo-ref-37\/","title":{"rendered":"Satin | Plain | Yellow (ref.37)"},"content":{"rendered":"<p>Satin | Plain | Yellow (ref.37)<\/p>\n<p>Light, flowing fabric with a sheen on one side.<\/p>\n<p>Ideal for clothing, bed linen, marches, carnivals, etc.<\/p>\n<p>100% Polyester 80\/90 gr\/m2<\/p>\n<p>1.50 Width<\/p>","protected":false},"excerpt":{"rendered":"<p>Satin | Plain | Yellow (ref.37) Light, flowing fabric with a sheen on one side. Ideal for clothing, bed linen, marches, carnivals, etc 100% Polyester 80\/90 gr\/m2 1.50 Width<\/p>","protected":false},"featured_media":12247,"comment_status":"closed","ping_status":"closed","template":"","meta":{"_seopress_robots_primary_cat":"69","_seopress_titles_title":"Tecido Cetim Amarelo Liso | Ideal para Vestu\u00e1rio e Festas","_seopress_titles_desc":"Conhe\u00e7a o tecido cetim amarelo, leve e fluido, ideal para vestu\u00e1rio, roupa de cama, marchas e carnaval. Brilho numa das faces, 80\/90 gr\/m2, 1,50 Largura.","_seopress_robots_index":""},"product_brand":[],"product_cat":[2059,69],"product_tag":[707,307,1992,2052,677,2060],"class_list":{"0":"post-12291","1":"product","2":"type-product","3":"status-publish","4":"has-post-thumbnail","6":"product_cat-cetim-lisos-estampados","7":"product_cat-texteis","8":"product_tag-100-poliester","9":"product_tag-amarelo","10":"product_tag-carnaval","11":"product_tag-cetim","12":"product_tag-liso","13":"product_tag-marchas","15":"first","16":"instock","17":"taxable","18":"shipping-taxable","19":"purchasable","20":"product-type-simple"},"_links":{"self":[{"href":"https:\/\/dev.eunitecidos.pt\/en\/wp-json\/wp\/v2\/product\/12291","targetHints":{"allow":["GET"]}}],"collection":[{"href":"https:\/\/dev.eunitecidos.pt\/en\/wp-json\/wp\/v2\/product"}],"about":[{"href":"https:\/\/dev.eunitecidos.pt\/en\/wp-json\/wp\/v2\/types\/product"}],"replies":[{"embeddable":true,"href":"https:\/\/dev.eunitecidos.pt\/en\/wp-json\/wp\/v2\/comments?post=12291"}],"wp:featuredmedia":[{"embeddable":true,"href":"https:\/\/dev.eunitecidos.pt\/en\/wp-json\/wp\/v2\/media\/12247"}],"wp:attachment":[{"href":"https:\/\/dev.eunitecidos.pt\/en\/wp-json\/wp\/v2\/media?parent=12291"}],"wp:term":[{"taxonomy":"product_brand","embeddable":true,"href":"https:\/\/dev.eunitecidos.pt\/en\/wp-json\/wp\/v2\/product_brand?post=12291"},{"taxonomy":"product_cat","embeddable":true,"href":"https:\/\/dev.eunitecidos.pt\/en\/wp-json\/wp\/v2\/product_cat?post=12291"},{"taxonomy":"product_tag","embeddable":true,"href":"https:\/\/dev.eunitecidos.pt\/en\/wp-json\/wp\/v2\/product_tag?post=12291"}],"curies":[{"name":"wp","href":"https:\/\/api.w.org\/{rel}","templated":true}]}}