
{"id":12478,"date":"2022-02-21T18:21:17","date_gmt":"2022-02-21T18:21:17","guid":{"rendered":"https:\/\/dev.eunitecidos.pt\/?post_type=product&#038;p=12478"},"modified":"2025-12-26T12:32:56","modified_gmt":"2025-12-26T12:32:56","slug":"lycras-lisas-azul-escuro","status":"publish","type":"product","link":"https:\/\/dev.eunitecidos.pt\/en\/loja\/texteis\/lycras-lisas-azul-escuro\/","title":{"rendered":"Lycras | Smooth | Dark Blue"},"content":{"rendered":"<p>Lycras | Smooth | Dark Blue<\/p>\n<p>80% Polyamide<\/p>\n<p>20% Elastane<\/p>\n<p>Width 1.50 cm<\/p>\n<p>260 Gr\/m<\/p>\n<p>Lycras for Bikinis, Swimwear, Sportswear, Skirts, Dance, Figure Skating<\/p>","protected":false},"excerpt":{"rendered":"<p>Lycras | Lisas | Azul Escuro 80% Poliamida 20% Elastano Largura 1.50 cm 260 Gr\/m Lycras para Biqu\u00ednis, Fatos De Banho, Roupa Desportiva, Saias, Dan\u00e7a, Patinagem Art\u00edstica<\/p>","protected":false},"featured_media":12318,"comment_status":"closed","ping_status":"closed","template":"","meta":{"_seopress_robots_primary_cat":"69","_seopress_titles_title":"Lycras Lisas Azul Escuro - Ideal para Biqu\u00ednis e Roupa Desportiva","_seopress_titles_desc":"Encontre lycras lisas em azul escuro para biqu\u00ednis, fatos de banho, roupa desportiva e mais. Feitas de 80% poliamida e 20% elastano, largura de 1.50 cm, 260 Gr\/m.","_seopress_robots_index":""},"product_brand":[],"product_cat":[240,154,69],"product_tag":[563,849,840],"class_list":{"0":"post-12478","1":"product","2":"type-product","3":"status-publish","4":"has-post-thumbnail","6":"product_cat-lisas-lycras","7":"product_cat-lycras","8":"product_cat-texteis","9":"product_tag-azul-escuro","10":"product_tag-lisas","11":"product_tag-lycras","13":"first","14":"instock","15":"taxable","16":"shipping-taxable","17":"purchasable","18":"product-type-simple"},"_links":{"self":[{"href":"https:\/\/dev.eunitecidos.pt\/en\/wp-json\/wp\/v2\/product\/12478","targetHints":{"allow":["GET"]}}],"collection":[{"href":"https:\/\/dev.eunitecidos.pt\/en\/wp-json\/wp\/v2\/product"}],"about":[{"href":"https:\/\/dev.eunitecidos.pt\/en\/wp-json\/wp\/v2\/types\/product"}],"replies":[{"embeddable":true,"href":"https:\/\/dev.eunitecidos.pt\/en\/wp-json\/wp\/v2\/comments?post=12478"}],"wp:featuredmedia":[{"embeddable":true,"href":"https:\/\/dev.eunitecidos.pt\/en\/wp-json\/wp\/v2\/media\/12318"}],"wp:attachment":[{"href":"https:\/\/dev.eunitecidos.pt\/en\/wp-json\/wp\/v2\/media?parent=12478"}],"wp:term":[{"taxonomy":"product_brand","embeddable":true,"href":"https:\/\/dev.eunitecidos.pt\/en\/wp-json\/wp\/v2\/product_brand?post=12478"},{"taxonomy":"product_cat","embeddable":true,"href":"https:\/\/dev.eunitecidos.pt\/en\/wp-json\/wp\/v2\/product_cat?post=12478"},{"taxonomy":"product_tag","embeddable":true,"href":"https:\/\/dev.eunitecidos.pt\/en\/wp-json\/wp\/v2\/product_tag?post=12478"}],"curies":[{"name":"wp","href":"https:\/\/api.w.org\/{rel}","templated":true}]}}