
{"id":12539,"date":"2022-02-21T09:43:39","date_gmt":"2022-02-21T09:43:39","guid":{"rendered":"https:\/\/dev.eunitecidos.pt\/?post_type=product&#038;p=12539"},"modified":"2026-01-08T17:44:32","modified_gmt":"2026-01-08T17:44:32","slug":"feltro-liso-camel","status":"publish","type":"product","link":"https:\/\/dev.eunitecidos.pt\/en\/loja\/texteis\/feltros\/feltro-liso-camel\/","title":{"rendered":"Felt | Plain | Camel 2001"},"content":{"rendered":"<p>Felt | Plain | Camel 2001<\/p>\n<p>Felt is a non-woven fabric.<\/p>\n<p>It is made by compressing and binding fibres until they come together to form a strong fabric.<\/p>\n<p>It is one of the oldest known forms of fabric.<\/p>\n<p>Felt is used to make hats, coats and is widely used in handicrafts and carnival costumes.<\/p>\n<p>Washable and does not fray when cut.<\/p>\n<p>Composition: 100% Polyester 180 gr\/m2<\/p>\n<p>90 cm Width<\/p>","protected":false},"excerpt":{"rendered":"<p>Feltro | Liso | Camel 2001 O feltro \u00e9 um TNT (Tecido n\u00e3o Tecido) \u00c9 feito comprimindo e ligando fibras, at\u00e9 se juntarem para formar um tecido forte. \u00c9 uma das formas de tecido mais antigas conhecidas. O feltro \u00e9 usado no fabrico de chap\u00e9us, casacos, e muito utilizado em trabalhos de artesanato e em [&hellip;]<\/p>","protected":false},"featured_media":12540,"comment_status":"closed","ping_status":"closed","template":"","meta":{"_seopress_robots_primary_cat":"150","_seopress_titles_title":"Feltro de qualidade premium dispon\u00edvel na cor camel","_seopress_titles_desc":"Feltro \u00e9 um tecido forte e antigo feito de poli\u00e9ster, usado em chap\u00e9us, casacos e artesanato. N\u00e3o desfia ao cortar. Descubra mais aqui!","_seopress_robots_index":""},"product_brand":[],"product_cat":[2016,150,199,69],"product_tag":[707,602,2017,677],"class_list":{"0":"post-12539","1":"product","2":"type-product","3":"status-publish","4":"has-post-thumbnail","6":"product_cat-carnaval","7":"product_cat-feltros","8":"product_cat-tematicos","9":"product_cat-texteis","10":"product_tag-100-poliester","11":"product_tag-camel","12":"product_tag-feltro","13":"product_tag-liso","15":"first","16":"instock","17":"taxable","18":"shipping-taxable","19":"purchasable","20":"product-type-simple"},"_links":{"self":[{"href":"https:\/\/dev.eunitecidos.pt\/en\/wp-json\/wp\/v2\/product\/12539","targetHints":{"allow":["GET"]}}],"collection":[{"href":"https:\/\/dev.eunitecidos.pt\/en\/wp-json\/wp\/v2\/product"}],"about":[{"href":"https:\/\/dev.eunitecidos.pt\/en\/wp-json\/wp\/v2\/types\/product"}],"replies":[{"embeddable":true,"href":"https:\/\/dev.eunitecidos.pt\/en\/wp-json\/wp\/v2\/comments?post=12539"}],"wp:featuredmedia":[{"embeddable":true,"href":"https:\/\/dev.eunitecidos.pt\/en\/wp-json\/wp\/v2\/media\/12540"}],"wp:attachment":[{"href":"https:\/\/dev.eunitecidos.pt\/en\/wp-json\/wp\/v2\/media?parent=12539"}],"wp:term":[{"taxonomy":"product_brand","embeddable":true,"href":"https:\/\/dev.eunitecidos.pt\/en\/wp-json\/wp\/v2\/product_brand?post=12539"},{"taxonomy":"product_cat","embeddable":true,"href":"https:\/\/dev.eunitecidos.pt\/en\/wp-json\/wp\/v2\/product_cat?post=12539"},{"taxonomy":"product_tag","embeddable":true,"href":"https:\/\/dev.eunitecidos.pt\/en\/wp-json\/wp\/v2\/product_tag?post=12539"}],"curies":[{"name":"wp","href":"https:\/\/api.w.org\/{rel}","templated":true}]}}