
{"id":14597,"date":"2022-04-06T17:36:00","date_gmt":"2022-04-06T17:36:00","guid":{"rendered":"https:\/\/dev.eunitecidos.pt\/?post_type=product&#038;p=14597"},"modified":"2025-01-26T21:52:18","modified_gmt":"2025-01-26T21:52:18","slug":"tecidos-resinados-poppy-pintinhas-mostarda","status":"publish","type":"product","link":"https:\/\/dev.eunitecidos.pt\/en\/loja\/plastificados\/resinados\/tecidos-resinados-poppy-pintinhas-mostarda\/","title":{"rendered":"Resin Fabrics | Poppy | Pints | Mustard"},"content":{"rendered":"<p>Resin Fabrics | Poppy | Pints | Mustard<\/p>\n<p>1.40 Width<\/p>\n<p>Waterproof fabrics, great for outdoors, resistant fabrics, won't heat up in the sun.<\/p>\n<p>Soft and comfortable fabrics to the touch.<\/p>","protected":false},"excerpt":{"rendered":"<p>Resin Fabrics | Poppy | Pintinhas | Mostarda 1.40 Width Waterproof fabrics, great for outdoors, resistant fabrics, do not heat up in the sun. Soft and comfortable to the touch.<\/p>","protected":false},"featured_media":14560,"comment_status":"closed","ping_status":"closed","template":"","meta":{"_seopress_robots_primary_cat":"163","_seopress_titles_title":"Tecidos Resinados Mostarda 1.40 Largura | Poppy Pintinhas | Imperme\u00e1veis e Resistentes","_seopress_titles_desc":"Descubra tecidos resistentes e confort\u00e1veis para exterior - garantindo prote\u00e7\u00e3o e estilo. Tecidos que n\u00e3o aquecem com o Sol e s\u00e3o \u00f3timos ao toque com a pele.","_seopress_robots_index":""},"product_brand":[],"product_cat":[256,163],"product_tag":[405,2191,861,784],"class_list":{"0":"post-14597","1":"product","2":"type-product","3":"status-publish","4":"has-post-thumbnail","6":"product_cat-estampados-resinados","7":"product_cat-resinados","8":"product_tag-mostarda","9":"product_tag-pintinha-branca","10":"product_tag-resinados-poppy","11":"product_tag-tecidos-resinados","13":"first","14":"instock","15":"taxable","16":"shipping-taxable","17":"purchasable","18":"product-type-simple"},"_links":{"self":[{"href":"https:\/\/dev.eunitecidos.pt\/en\/wp-json\/wp\/v2\/product\/14597","targetHints":{"allow":["GET"]}}],"collection":[{"href":"https:\/\/dev.eunitecidos.pt\/en\/wp-json\/wp\/v2\/product"}],"about":[{"href":"https:\/\/dev.eunitecidos.pt\/en\/wp-json\/wp\/v2\/types\/product"}],"replies":[{"embeddable":true,"href":"https:\/\/dev.eunitecidos.pt\/en\/wp-json\/wp\/v2\/comments?post=14597"}],"wp:featuredmedia":[{"embeddable":true,"href":"https:\/\/dev.eunitecidos.pt\/en\/wp-json\/wp\/v2\/media\/14560"}],"wp:attachment":[{"href":"https:\/\/dev.eunitecidos.pt\/en\/wp-json\/wp\/v2\/media?parent=14597"}],"wp:term":[{"taxonomy":"product_brand","embeddable":true,"href":"https:\/\/dev.eunitecidos.pt\/en\/wp-json\/wp\/v2\/product_brand?post=14597"},{"taxonomy":"product_cat","embeddable":true,"href":"https:\/\/dev.eunitecidos.pt\/en\/wp-json\/wp\/v2\/product_cat?post=14597"},{"taxonomy":"product_tag","embeddable":true,"href":"https:\/\/dev.eunitecidos.pt\/en\/wp-json\/wp\/v2\/product_tag?post=14597"}],"curies":[{"name":"wp","href":"https:\/\/api.w.org\/{rel}","templated":true}]}}