
{"id":15537,"date":"2022-05-20T16:56:37","date_gmt":"2022-05-20T16:56:37","guid":{"rendered":"https:\/\/dev.eunitecidos.pt\/?post_type=product&#038;p=15537"},"modified":"2025-01-22T11:38:47","modified_gmt":"2025-01-22T11:38:47","slug":"tecido-decoracao-loneta-lisa-siena-302-vermelho","status":"publish","type":"product","link":"https:\/\/dev.eunitecidos.pt\/en\/loja\/texteis\/tecido-decoracao-loneta-lisa-siena-302-vermelho\/","title":{"rendered":"Decoration Fabric | Loneta Lisa | Siena 302 | Red"},"content":{"rendered":"<p>Decoration Fabric | Loneta Lisa | Siena 302 | Red<\/p>\n<p>Medium\/heavy fabric, often used for curtains, cushions or other types of decoration<\/p>\n<p>Also used for making bags, mals or other creative sewing.<\/p>\n<p>Composition 70% Cotton 30% Polyester 200gr\/m2<\/p>\n<p>2.80 Width<\/p>","protected":false},"excerpt":{"rendered":"<p>Tecido Decora\u00e7\u00e3o | Loneta Lisa | Siena 302 | Vermelho Tecido m\u00e9dio\/pesado, muito utilizado para cortinados, almofadas ou outro tipo de decora\u00e7\u00e3o Usado tamb\u00e9m para a confe\u00e7\u00e3o de sacos, mals, ou outro tipo de costura criativa Composi\u00e7\u00e3o 70% Algod\u00e3o 30% Poli\u00e9ster 200gr\/m2 2,80 Largura<\/p>","protected":false},"featured_media":15519,"comment_status":"closed","ping_status":"closed","template":"","meta":{"_seopress_robots_primary_cat":"69","_seopress_titles_title":"Tecido Decora\u00e7\u00e3o Vermelho | Loneta Lisa Siena 302","_seopress_titles_desc":"Tecido m\u00e9dio\/pesado, ideal para cortinados, almofadas e costura criativa. Composi\u00e7\u00e3o: 70% Algod\u00e3o 30% Poli\u00e9ster 200gr\/m2 2,80 Largura.","_seopress_robots_index":""},"product_brand":[],"product_cat":[243,242,159,69],"product_tag":[290,1638,2185,2346,1758,1659,453],"class_list":{"0":"post-15537","1":"product","2":"type-product","3":"status-publish","4":"has-post-thumbnail","6":"product_cat-lisas-lonetas","7":"product_cat-lonetas","8":"product_cat-tecidos-decoracao","9":"product_cat-texteis","10":"product_tag-algodao","11":"product_tag-lisa","12":"product_tag-poliester","13":"product_tag-siena-302","14":"product_tag-tecido-decoracao","15":"product_tag-tecido-loneta","16":"product_tag-vermelho","18":"first","19":"instock","20":"taxable","21":"shipping-taxable","22":"purchasable","23":"product-type-simple"},"_links":{"self":[{"href":"https:\/\/dev.eunitecidos.pt\/en\/wp-json\/wp\/v2\/product\/15537","targetHints":{"allow":["GET"]}}],"collection":[{"href":"https:\/\/dev.eunitecidos.pt\/en\/wp-json\/wp\/v2\/product"}],"about":[{"href":"https:\/\/dev.eunitecidos.pt\/en\/wp-json\/wp\/v2\/types\/product"}],"replies":[{"embeddable":true,"href":"https:\/\/dev.eunitecidos.pt\/en\/wp-json\/wp\/v2\/comments?post=15537"}],"wp:featuredmedia":[{"embeddable":true,"href":"https:\/\/dev.eunitecidos.pt\/en\/wp-json\/wp\/v2\/media\/15519"}],"wp:attachment":[{"href":"https:\/\/dev.eunitecidos.pt\/en\/wp-json\/wp\/v2\/media?parent=15537"}],"wp:term":[{"taxonomy":"product_brand","embeddable":true,"href":"https:\/\/dev.eunitecidos.pt\/en\/wp-json\/wp\/v2\/product_brand?post=15537"},{"taxonomy":"product_cat","embeddable":true,"href":"https:\/\/dev.eunitecidos.pt\/en\/wp-json\/wp\/v2\/product_cat?post=15537"},{"taxonomy":"product_tag","embeddable":true,"href":"https:\/\/dev.eunitecidos.pt\/en\/wp-json\/wp\/v2\/product_tag?post=15537"}],"curies":[{"name":"wp","href":"https:\/\/api.w.org\/{rel}","templated":true}]}}