
{"id":16393,"date":"2022-06-24T19:06:56","date_gmt":"2022-06-24T19:06:56","guid":{"rendered":"https:\/\/dev.eunitecidos.pt\/?post_type=product&#038;p=16393"},"modified":"2026-01-26T23:09:14","modified_gmt":"2026-01-26T23:09:14","slug":"tecido-algodao-100-algodao-estampado-livros","status":"publish","type":"product","link":"https:\/\/dev.eunitecidos.pt\/en\/loja\/texteis\/tecido-algodao-100-algodao-estampado-livros\/","title":{"rendered":"Fabric Cotton | 100% Cotton | Printed | Books"},"content":{"rendered":"<p>Fabric Cotton | 100% Cotton | Printed | Books<\/p>\n<p>Fabric 100% Cotton<\/p>\n<p>1.50 Width<\/p>","protected":false},"excerpt":{"rendered":"<p>Tecido Algod\u00e3o | 100% Algod\u00e3o | Estampado | Livros Tecido 100% Algod\u00e3o 1,50 Largura<\/p>","protected":false},"featured_media":45711,"comment_status":"closed","ping_status":"closed","template":"","meta":{"_seopress_robots_primary_cat":"69","_seopress_titles_title":"","_seopress_titles_desc":"Conhe\u00e7a a nossa cole\u00e7\u00e3o de tecidos 100% algod\u00e3o estampados com 1,50m de largura. Ideais para os seus projetos de costura e patchwork!","_seopress_robots_index":""},"product_brand":[],"product_cat":[360,135,69],"product_tag":[315,319,516,2441,340,2118,424,1377,1712,750],"class_list":{"0":"post-16393","1":"product","2":"type-product","3":"status-publish","4":"has-post-thumbnail","6":"product_cat-estampados-tecido-100-algodao","7":"product_cat-tecido-100-algodao","8":"product_cat-texteis","9":"product_tag-100-algodao","10":"product_tag-bege","11":"product_tag-castanho","12":"product_tag-chaves","13":"product_tag-estampado","14":"product_tag-fundo-cru","15":"product_tag-laranja","16":"product_tag-livros","17":"product_tag-tecido-algodao","18":"product_tag-verde-seco","20":"first","21":"instock","22":"taxable","23":"shipping-taxable","24":"purchasable","25":"product-type-simple"},"_links":{"self":[{"href":"https:\/\/dev.eunitecidos.pt\/en\/wp-json\/wp\/v2\/product\/16393","targetHints":{"allow":["GET"]}}],"collection":[{"href":"https:\/\/dev.eunitecidos.pt\/en\/wp-json\/wp\/v2\/product"}],"about":[{"href":"https:\/\/dev.eunitecidos.pt\/en\/wp-json\/wp\/v2\/types\/product"}],"replies":[{"embeddable":true,"href":"https:\/\/dev.eunitecidos.pt\/en\/wp-json\/wp\/v2\/comments?post=16393"}],"wp:featuredmedia":[{"embeddable":true,"href":"https:\/\/dev.eunitecidos.pt\/en\/wp-json\/wp\/v2\/media\/45711"}],"wp:attachment":[{"href":"https:\/\/dev.eunitecidos.pt\/en\/wp-json\/wp\/v2\/media?parent=16393"}],"wp:term":[{"taxonomy":"product_brand","embeddable":true,"href":"https:\/\/dev.eunitecidos.pt\/en\/wp-json\/wp\/v2\/product_brand?post=16393"},{"taxonomy":"product_cat","embeddable":true,"href":"https:\/\/dev.eunitecidos.pt\/en\/wp-json\/wp\/v2\/product_cat?post=16393"},{"taxonomy":"product_tag","embeddable":true,"href":"https:\/\/dev.eunitecidos.pt\/en\/wp-json\/wp\/v2\/product_tag?post=16393"}],"curies":[{"name":"wp","href":"https:\/\/api.w.org\/{rel}","templated":true}]}}