
{"id":16396,"date":"2022-06-24T18:57:51","date_gmt":"2022-06-24T18:57:51","guid":{"rendered":"https:\/\/dev.eunitecidos.pt\/?post_type=product&#038;p=16396"},"modified":"2025-05-28T11:08:19","modified_gmt":"2025-05-28T11:08:19","slug":"tecido-algodao-100-algodao-estampado-floral","status":"publish","type":"product","link":"https:\/\/dev.eunitecidos.pt\/en\/loja\/texteis\/tecido-algodao-100-algodao-estampado-floral\/","title":{"rendered":"Fabric Cotton | 100% Cotton | Printed | Floral"},"content":{"rendered":"<p>Fabric Cotton | 100% Cotton | Printed | Floral<\/p>\n<p>Fabric 100% Cotton<\/p>\n<p>1.50 Width<\/p>","protected":false},"excerpt":{"rendered":"<p>Fabric Cotton | 100% Cotton | Printed | Floral Fabric 100% Cotton 1.50 Wide<\/p>","protected":false},"featured_media":16365,"comment_status":"closed","ping_status":"closed","template":"","meta":{"_seopress_robots_primary_cat":"69","_seopress_titles_title":"Tecido Algod\u00e3o Estampado Floral | 100% Algod\u00e3o 1,50 Largura","_seopress_titles_desc":"Descubra o elegante e confort\u00e1vel tecido de algod\u00e3o 100% estampado com padr\u00f5es florais. Ideal para os seus projetos de costura!","_seopress_robots_index":""},"product_brand":[],"product_cat":[360,197,135,69],"product_tag":[315,340,1798,1244,2167,1712,891],"class_list":{"0":"post-16396","1":"product","2":"type-product","3":"status-publish","4":"has-post-thumbnail","6":"product_cat-estampados-tecido-100-algodao","7":"product_cat-florais-tropicais","8":"product_cat-tecido-100-algodao","9":"product_cat-texteis","10":"product_tag-100-algodao","11":"product_tag-estampado","12":"product_tag-floral","13":"product_tag-folhas","14":"product_tag-fundo-azul-bebe","15":"product_tag-tecido-algodao","16":"product_tag-turquesa","18":"first","19":"instock","20":"taxable","21":"shipping-taxable","22":"purchasable","23":"product-type-simple"},"_links":{"self":[{"href":"https:\/\/dev.eunitecidos.pt\/en\/wp-json\/wp\/v2\/product\/16396","targetHints":{"allow":["GET"]}}],"collection":[{"href":"https:\/\/dev.eunitecidos.pt\/en\/wp-json\/wp\/v2\/product"}],"about":[{"href":"https:\/\/dev.eunitecidos.pt\/en\/wp-json\/wp\/v2\/types\/product"}],"replies":[{"embeddable":true,"href":"https:\/\/dev.eunitecidos.pt\/en\/wp-json\/wp\/v2\/comments?post=16396"}],"wp:featuredmedia":[{"embeddable":true,"href":"https:\/\/dev.eunitecidos.pt\/en\/wp-json\/wp\/v2\/media\/16365"}],"wp:attachment":[{"href":"https:\/\/dev.eunitecidos.pt\/en\/wp-json\/wp\/v2\/media?parent=16396"}],"wp:term":[{"taxonomy":"product_brand","embeddable":true,"href":"https:\/\/dev.eunitecidos.pt\/en\/wp-json\/wp\/v2\/product_brand?post=16396"},{"taxonomy":"product_cat","embeddable":true,"href":"https:\/\/dev.eunitecidos.pt\/en\/wp-json\/wp\/v2\/product_cat?post=16396"},{"taxonomy":"product_tag","embeddable":true,"href":"https:\/\/dev.eunitecidos.pt\/en\/wp-json\/wp\/v2\/product_tag?post=16396"}],"curies":[{"name":"wp","href":"https:\/\/api.w.org\/{rel}","templated":true}]}}