
{"id":16539,"date":"2022-07-02T17:32:35","date_gmt":"2022-07-02T17:32:35","guid":{"rendered":"https:\/\/dev.eunitecidos.pt\/?post_type=product&#038;p=16539"},"modified":"2025-12-10T18:30:07","modified_gmt":"2025-12-10T18:30:07","slug":"turco-bambu-rosa-claro","status":"publish","type":"product","link":"https:\/\/dev.eunitecidos.pt\/en\/loja\/texteis\/turco-bambu-rosa-claro\/","title":{"rendered":"Turkish Bamboo | Light Pink"},"content":{"rendered":"<p>Turkish Bamboo | Light Pink<\/p>\n<p>40% Bamboo Viscose<\/p>\n<p>40% Polyester<\/p>\n<p>20% Cotton<\/p>\n<p>305 grams<\/p>\n<p>1.50 Width<\/p>\n<p>Ideal for make-up remover discs, beach towels, reusable wipes and sanitary towels.<\/p>","protected":false},"excerpt":{"rendered":"<p>Turco Bambu | Rosa Claro 40% Viscose de Bambu 40% Poli\u00e9ster 20% Algod\u00e3o 305 Gramas 1.50 Largura Turco ideal para Discos Desmaquilhantes, Toalhas de Praia, Toalhitas reutiliz\u00e1veis, Pensos Higi\u00e9nicos.<\/p>","protected":false},"featured_media":16496,"comment_status":"closed","ping_status":"closed","template":"","meta":{"_seopress_robots_primary_cat":"69","_seopress_titles_title":"Turco Bambu Rosa Claro 40% Viscose de Bambu 40% Poli\u00e9ster 20% Algod\u00e3o 305 Gramas 1.50 Largura","_seopress_titles_desc":"Descubra o tecido de Turco Bambu Rosa Claro com 40% Viscose de Bambu, ideal para Discos Desmaquilhantes, Toalhas de Praia e muito mais. Conhe\u00e7a aqui!","_seopress_robots_index":""},"product_brand":[],"product_cat":[135,69,239,153],"product_tag":[290,593,677,2185,1878,587],"class_list":{"0":"post-16539","1":"product","2":"type-product","3":"status-publish","4":"has-post-thumbnail","6":"product_cat-tecido-100-algodao","7":"product_cat-texteis","8":"product_cat-turco-bambu","9":"product_cat-turcos","10":"product_tag-algodao","11":"product_tag-bamboo","12":"product_tag-liso","13":"product_tag-poliester","14":"product_tag-rosa-claro","15":"product_tag-turco-bamboo","17":"first","18":"instock","19":"taxable","20":"shipping-taxable","21":"purchasable","22":"product-type-simple"},"_links":{"self":[{"href":"https:\/\/dev.eunitecidos.pt\/en\/wp-json\/wp\/v2\/product\/16539","targetHints":{"allow":["GET"]}}],"collection":[{"href":"https:\/\/dev.eunitecidos.pt\/en\/wp-json\/wp\/v2\/product"}],"about":[{"href":"https:\/\/dev.eunitecidos.pt\/en\/wp-json\/wp\/v2\/types\/product"}],"replies":[{"embeddable":true,"href":"https:\/\/dev.eunitecidos.pt\/en\/wp-json\/wp\/v2\/comments?post=16539"}],"wp:featuredmedia":[{"embeddable":true,"href":"https:\/\/dev.eunitecidos.pt\/en\/wp-json\/wp\/v2\/media\/16496"}],"wp:attachment":[{"href":"https:\/\/dev.eunitecidos.pt\/en\/wp-json\/wp\/v2\/media?parent=16539"}],"wp:term":[{"taxonomy":"product_brand","embeddable":true,"href":"https:\/\/dev.eunitecidos.pt\/en\/wp-json\/wp\/v2\/product_brand?post=16539"},{"taxonomy":"product_cat","embeddable":true,"href":"https:\/\/dev.eunitecidos.pt\/en\/wp-json\/wp\/v2\/product_cat?post=16539"},{"taxonomy":"product_tag","embeddable":true,"href":"https:\/\/dev.eunitecidos.pt\/en\/wp-json\/wp\/v2\/product_tag?post=16539"}],"curies":[{"name":"wp","href":"https:\/\/api.w.org\/{rel}","templated":true}]}}