
{"id":16651,"date":"2022-07-11T14:49:32","date_gmt":"2022-07-11T14:49:32","guid":{"rendered":"https:\/\/dev.eunitecidos.pt\/?post_type=product&#038;p=16651"},"modified":"2025-10-20T10:55:04","modified_gmt":"2025-10-20T10:55:04","slug":"chita-estampado-tradicional-17","status":"publish","type":"product","link":"https:\/\/dev.eunitecidos.pt\/en\/loja\/texteis\/chita-estampado-tradicional-17\/","title":{"rendered":"Chita | Traditional Print"},"content":{"rendered":"<p>Chita | Traditional Print<\/p>\n<p>Chintz is made exclusively in the Portuguese textile industry<\/p>\n<p>Composition 50% Cotton 50% Polyester<\/p>\n<p>1.50 Width<\/p>\n<p>Discover authentic Portuguese chintz, made in Portugal's textile industry. Composed of 50% cotton and 50% polyester, 1.50 metres wide. Perfect for your sewing and craft projects.<\/p>","protected":false},"excerpt":{"rendered":"<p>Chita | Traditional Print Chita is made exclusively in the Portuguese textile industry Composition 50% Cotton 50% Polyester 1.50 metres wide Discover the authentic Portuguese chita, made in the Portuguese textile industry. Composed of 50% cotton and 50% polyester, 1.50 metres wide. Perfect for your sewing and craft projects.<\/p>","protected":false},"featured_media":16618,"comment_status":"closed","ping_status":"closed","template":"","meta":{"_seopress_robots_primary_cat":"69","_seopress_titles_title":"Chita Portuguesa | Estampado tradicional 1,50 largura","_seopress_titles_desc":"Descubra a aut\u00eantica chita portuguesa, fabricada na ind\u00fastria t\u00eaxtil nacional. Composi\u00e7\u00e3o de 50% algod\u00e3o e 50% poli\u00e9ster, largura de 1,50 metros. Perfeito para os seus projetos de costura e artesanato.","_seopress_robots_index":""},"product_brand":[],"product_cat":[142,227,69],"product_tag":[290,307,778,582,1944,885,340,86,2060,2185,1893,90,2837,1890,3208,1779,102,1470,453],"class_list":{"0":"post-16651","1":"product","2":"type-product","3":"status-publish","4":"has-post-thumbnail","6":"product_cat-cambraias","7":"product_cat-chitas","8":"product_cat-texteis","9":"product_tag-algodao","10":"product_tag-amarelo","11":"product_tag-bordo","12":"product_tag-cambraia","13":"product_tag-chita","14":"product_tag-cru","15":"product_tag-estampado","16":"product_tag-flores","17":"product_tag-marchas","18":"product_tag-poliester","19":"product_tag-rancho-folclorico","20":"product_tag-riscas","21":"product_tag-santos-populares","22":"product_tag-tipico-portugues","23":"product_tag-tipicos-portugueses","24":"product_tag-tradicional","25":"product_tag-verde","26":"product_tag-verde-musgo","27":"product_tag-vermelho","29":"first","30":"instock","31":"taxable","32":"shipping-taxable","33":"purchasable","34":"product-type-simple"},"_links":{"self":[{"href":"https:\/\/dev.eunitecidos.pt\/en\/wp-json\/wp\/v2\/product\/16651","targetHints":{"allow":["GET"]}}],"collection":[{"href":"https:\/\/dev.eunitecidos.pt\/en\/wp-json\/wp\/v2\/product"}],"about":[{"href":"https:\/\/dev.eunitecidos.pt\/en\/wp-json\/wp\/v2\/types\/product"}],"replies":[{"embeddable":true,"href":"https:\/\/dev.eunitecidos.pt\/en\/wp-json\/wp\/v2\/comments?post=16651"}],"wp:featuredmedia":[{"embeddable":true,"href":"https:\/\/dev.eunitecidos.pt\/en\/wp-json\/wp\/v2\/media\/16618"}],"wp:attachment":[{"href":"https:\/\/dev.eunitecidos.pt\/en\/wp-json\/wp\/v2\/media?parent=16651"}],"wp:term":[{"taxonomy":"product_brand","embeddable":true,"href":"https:\/\/dev.eunitecidos.pt\/en\/wp-json\/wp\/v2\/product_brand?post=16651"},{"taxonomy":"product_cat","embeddable":true,"href":"https:\/\/dev.eunitecidos.pt\/en\/wp-json\/wp\/v2\/product_cat?post=16651"},{"taxonomy":"product_tag","embeddable":true,"href":"https:\/\/dev.eunitecidos.pt\/en\/wp-json\/wp\/v2\/product_tag?post=16651"}],"curies":[{"name":"wp","href":"https:\/\/api.w.org\/{rel}","templated":true}]}}