
{"id":16746,"date":"2022-07-11T12:13:07","date_gmt":"2022-07-11T12:13:07","guid":{"rendered":"https:\/\/dev.eunitecidos.pt\/?post_type=product&#038;p=16746"},"modified":"2025-10-19T14:47:07","modified_gmt":"2025-10-19T14:47:07","slug":"chita-estampado-tradicional-2","status":"publish","type":"product","link":"https:\/\/dev.eunitecidos.pt\/en\/loja\/texteis\/chita-estampado-tradicional-2\/","title":{"rendered":"Chita | Traditional Print | Sardines"},"content":{"rendered":"<p>Chita | Traditional Print | Sardines<\/p>\n<p>Chintz is made exclusively in the Portuguese textile industry<\/p>\n<p>Composition 50% Cotton 50% Polyester<\/p>\n<p>1.50 Width<\/p>\n<p>Discover chita, a traditional print made exclusively in the Portuguese textile industry. Composed of 50% cotton and 50% polyester, 1.50 wide.<\/p>","protected":false},"excerpt":{"rendered":"<p>Chita | Estampado Tradicional | Sardinhas A chita \u00e9 feita exclusivamente na industria t\u00eaxtil Portuguesa Composi\u00e7\u00e3o 50% Algod\u00e3o 50% poli\u00e9ster 1,50 Largura Descubra a chita, um estampado tradicional feito exclusivamente na ind\u00fastria t\u00eaxtil portuguesa. Com composi\u00e7\u00e3o de 50% algod\u00e3o e 50% poli\u00e9ster, 1,50 de largura.<\/p>","protected":false},"featured_media":16563,"comment_status":"closed","ping_status":"closed","template":"","meta":{"_seopress_robots_primary_cat":"69","_seopress_titles_title":"Chita Estampado Tradicional 50% Algod\u00e3o 50% Poli\u00e9ster Portugal","_seopress_titles_desc":"Descubra a chita, um estampado tradicional feito exclusivamente na ind\u00fastria t\u00eaxtil portuguesa. Com composi\u00e7\u00e3o de 50% algod\u00e3o e 50% poli\u00e9ster, 1,50 de largura.","_seopress_robots_index":""},"product_brand":[],"product_cat":[142,227,69],"product_tag":[290,307,884,321,582,1944,380,340,1891,2060,2185,491,2837,839,1890,3208,1779,882,453],"class_list":{"0":"post-16746","1":"product","2":"type-product","3":"status-publish","4":"has-post-thumbnail","6":"product_cat-cambraias","7":"product_cat-chitas","8":"product_cat-texteis","9":"product_tag-algodao","10":"product_tag-amarelo","11":"product_tag-azulao","12":"product_tag-branco","13":"product_tag-cambraia","14":"product_tag-chita","15":"product_tag-coracoes","16":"product_tag-estampado","17":"product_tag-galo-barcelos","18":"product_tag-marchas","19":"product_tag-poliester","20":"product_tag-preto","21":"product_tag-santos-populares","22":"product_tag-sardinhas","23":"product_tag-tipico-portugues","24":"product_tag-tipicos-portugueses","25":"product_tag-tradicional","26":"product_tag-verde-alface","27":"product_tag-vermelho","29":"first","30":"instock","31":"taxable","32":"shipping-taxable","33":"purchasable","34":"product-type-simple"},"_links":{"self":[{"href":"https:\/\/dev.eunitecidos.pt\/en\/wp-json\/wp\/v2\/product\/16746","targetHints":{"allow":["GET"]}}],"collection":[{"href":"https:\/\/dev.eunitecidos.pt\/en\/wp-json\/wp\/v2\/product"}],"about":[{"href":"https:\/\/dev.eunitecidos.pt\/en\/wp-json\/wp\/v2\/types\/product"}],"replies":[{"embeddable":true,"href":"https:\/\/dev.eunitecidos.pt\/en\/wp-json\/wp\/v2\/comments?post=16746"}],"wp:featuredmedia":[{"embeddable":true,"href":"https:\/\/dev.eunitecidos.pt\/en\/wp-json\/wp\/v2\/media\/16563"}],"wp:attachment":[{"href":"https:\/\/dev.eunitecidos.pt\/en\/wp-json\/wp\/v2\/media?parent=16746"}],"wp:term":[{"taxonomy":"product_brand","embeddable":true,"href":"https:\/\/dev.eunitecidos.pt\/en\/wp-json\/wp\/v2\/product_brand?post=16746"},{"taxonomy":"product_cat","embeddable":true,"href":"https:\/\/dev.eunitecidos.pt\/en\/wp-json\/wp\/v2\/product_cat?post=16746"},{"taxonomy":"product_tag","embeddable":true,"href":"https:\/\/dev.eunitecidos.pt\/en\/wp-json\/wp\/v2\/product_tag?post=16746"}],"curies":[{"name":"wp","href":"https:\/\/api.w.org\/{rel}","templated":true}]}}