
{"id":16748,"date":"2022-07-11T12:07:20","date_gmt":"2022-07-11T12:07:20","guid":{"rendered":"https:\/\/dev.eunitecidos.pt\/?post_type=product&#038;p=16748"},"modified":"2025-11-10T11:29:39","modified_gmt":"2025-11-10T11:29:39","slug":"chita-estampado-tradicional","status":"publish","type":"product","link":"https:\/\/dev.eunitecidos.pt\/en\/loja\/texteis\/chita-estampado-tradicional\/","title":{"rendered":"Chita | Traditional Print"},"content":{"rendered":"<p>Chita | Traditional Print<\/p>\n<p>Chintz is made exclusively in the Portuguese textile industry<\/p>\n<p>Composition 50% Cotton 50% Polyester<\/p>\n<p>1.50 Width<\/p>\n<p>Discover authentic Portuguese chintz, made from 50% cotton and 50% polyester. With a width of 1.50, it's perfect for your sewing and decorating projects.<\/p>","protected":false},"excerpt":{"rendered":"<p>Chita | Estampado Tradicional A chita \u00e9 feita exclusivamente na industria t\u00eaxtil Portuguesa Composi\u00e7\u00e3o 50% Algod\u00e3o 50% poli\u00e9ster 1,50 Largura Descubra a aut\u00eantica chita portuguesa, fabricada com 50% de algod\u00e3o e 50% de poli\u00e9ster. Com uma largura de 1,50, \u00e9 perfeita para os seus projetos de costura e decora\u00e7\u00e3o.<\/p>","protected":false},"featured_media":16566,"comment_status":"closed","ping_status":"closed","template":"","meta":{"_seopress_robots_primary_cat":"69","_seopress_titles_title":"Chita Portuguesa | Estampado Tradicional 50% Algod\u00e3o 50% Poli\u00e9ster","_seopress_titles_desc":"Descubra a aut\u00eantica chita portuguesa, fabricada com 50% de algod\u00e3o e 50% de poli\u00e9ster. Com uma largura de 1,50, \u00e9 perfeita para os seus projetos de costura e decora\u00e7\u00e3o.","_seopress_robots_index":""},"product_brand":[],"product_cat":[142,227,69],"product_tag":[290,307,884,321,582,1944,380,340,1891,2185,491,2837,839,1890,1779,882,453],"class_list":{"0":"post-16748","1":"product","2":"type-product","3":"status-publish","4":"has-post-thumbnail","6":"product_cat-cambraias","7":"product_cat-chitas","8":"product_cat-texteis","9":"product_tag-algodao","10":"product_tag-amarelo","11":"product_tag-azulao","12":"product_tag-branco","13":"product_tag-cambraia","14":"product_tag-chita","15":"product_tag-coracoes","16":"product_tag-estampado","17":"product_tag-galo-barcelos","18":"product_tag-poliester","19":"product_tag-preto","20":"product_tag-santos-populares","21":"product_tag-sardinhas","22":"product_tag-tipico-portugues","23":"product_tag-tradicional","24":"product_tag-verde-alface","25":"product_tag-vermelho","27":"first","28":"instock","29":"taxable","30":"shipping-taxable","31":"purchasable","32":"product-type-simple"},"_links":{"self":[{"href":"https:\/\/dev.eunitecidos.pt\/en\/wp-json\/wp\/v2\/product\/16748","targetHints":{"allow":["GET"]}}],"collection":[{"href":"https:\/\/dev.eunitecidos.pt\/en\/wp-json\/wp\/v2\/product"}],"about":[{"href":"https:\/\/dev.eunitecidos.pt\/en\/wp-json\/wp\/v2\/types\/product"}],"replies":[{"embeddable":true,"href":"https:\/\/dev.eunitecidos.pt\/en\/wp-json\/wp\/v2\/comments?post=16748"}],"wp:featuredmedia":[{"embeddable":true,"href":"https:\/\/dev.eunitecidos.pt\/en\/wp-json\/wp\/v2\/media\/16566"}],"wp:attachment":[{"href":"https:\/\/dev.eunitecidos.pt\/en\/wp-json\/wp\/v2\/media?parent=16748"}],"wp:term":[{"taxonomy":"product_brand","embeddable":true,"href":"https:\/\/dev.eunitecidos.pt\/en\/wp-json\/wp\/v2\/product_brand?post=16748"},{"taxonomy":"product_cat","embeddable":true,"href":"https:\/\/dev.eunitecidos.pt\/en\/wp-json\/wp\/v2\/product_cat?post=16748"},{"taxonomy":"product_tag","embeddable":true,"href":"https:\/\/dev.eunitecidos.pt\/en\/wp-json\/wp\/v2\/product_tag?post=16748"}],"curies":[{"name":"wp","href":"https:\/\/api.w.org\/{rel}","templated":true}]}}