
{"id":16885,"date":"2022-07-19T16:34:57","date_gmt":"2022-07-19T16:34:57","guid":{"rendered":"https:\/\/dev.eunitecidos.pt\/?post_type=product&#038;p=16885"},"modified":"2026-01-21T09:42:22","modified_gmt":"2026-01-21T09:42:22","slug":"chita-estampado-tradicional-azulejo-3","status":"publish","type":"product","link":"https:\/\/dev.eunitecidos.pt\/en\/loja\/texteis\/chita-estampado-tradicional-azulejo-3\/","title":{"rendered":"Chita | Traditional Print | Tile"},"content":{"rendered":"<p>Chita | Traditional Print | Tile<\/p>\n<p>Chintz is made exclusively in the Portuguese textile industry<\/p>\n<p>Composition 50% Cotton 50% Polyester<\/p>\n<p>1.50 Width<\/p>","protected":false},"excerpt":{"rendered":"<p>Chita | Estampado Tradicional | Azulejo A chita \u00e9 feita exclusivamente na industria t\u00eaxtil Portuguesa Composi\u00e7\u00e3o 50% Algod\u00e3o 50% poli\u00e9ster 1,50 Largura<\/p>","protected":false},"featured_media":16583,"comment_status":"closed","ping_status":"closed","template":"","meta":{"_seopress_robots_primary_cat":"69","_seopress_titles_title":"Chita Estampada Tradicional para Decora\u00e7\u00e3o de Azulejos","_seopress_titles_desc":"A chita \u00e9 feita exclusivamente na ind\u00fastria t\u00eaxtil de Portugal. Descubra esta tela com 1,50m de largura e admire o tradicional estampado de azulejo. Encomende j\u00e1!","_seopress_robots_index":""},"product_brand":[],"product_cat":[142,227,69],"product_tag":[290,307,298,1887,321,564,1944,340,2185,2837,1890,1779],"class_list":{"0":"post-16885","1":"product","2":"type-product","3":"status-publish","4":"has-post-thumbnail","6":"product_cat-cambraias","7":"product_cat-chitas","8":"product_cat-texteis","9":"product_tag-algodao","10":"product_tag-amarelo","11":"product_tag-azul","12":"product_tag-azulejo","13":"product_tag-branco","14":"product_tag-cambraias","15":"product_tag-chita","16":"product_tag-estampado","17":"product_tag-poliester","18":"product_tag-santos-populares","19":"product_tag-tipico-portugues","20":"product_tag-tradicional","22":"first","23":"instock","24":"taxable","25":"shipping-taxable","26":"purchasable","27":"product-type-simple"},"_links":{"self":[{"href":"https:\/\/dev.eunitecidos.pt\/en\/wp-json\/wp\/v2\/product\/16885","targetHints":{"allow":["GET"]}}],"collection":[{"href":"https:\/\/dev.eunitecidos.pt\/en\/wp-json\/wp\/v2\/product"}],"about":[{"href":"https:\/\/dev.eunitecidos.pt\/en\/wp-json\/wp\/v2\/types\/product"}],"replies":[{"embeddable":true,"href":"https:\/\/dev.eunitecidos.pt\/en\/wp-json\/wp\/v2\/comments?post=16885"}],"wp:featuredmedia":[{"embeddable":true,"href":"https:\/\/dev.eunitecidos.pt\/en\/wp-json\/wp\/v2\/media\/16583"}],"wp:attachment":[{"href":"https:\/\/dev.eunitecidos.pt\/en\/wp-json\/wp\/v2\/media?parent=16885"}],"wp:term":[{"taxonomy":"product_brand","embeddable":true,"href":"https:\/\/dev.eunitecidos.pt\/en\/wp-json\/wp\/v2\/product_brand?post=16885"},{"taxonomy":"product_cat","embeddable":true,"href":"https:\/\/dev.eunitecidos.pt\/en\/wp-json\/wp\/v2\/product_cat?post=16885"},{"taxonomy":"product_tag","embeddable":true,"href":"https:\/\/dev.eunitecidos.pt\/en\/wp-json\/wp\/v2\/product_tag?post=16885"}],"curies":[{"name":"wp","href":"https:\/\/api.w.org\/{rel}","templated":true}]}}