
{"id":17343,"date":"2022-08-28T23:55:55","date_gmt":"2022-08-28T23:55:55","guid":{"rendered":"https:\/\/dev.eunitecidos.pt\/?post_type=product&#038;p=17343"},"modified":"2025-02-07T12:47:46","modified_gmt":"2025-02-07T12:47:46","slug":"linha-de-bordar-polyneon-madeira-castanho-1936","status":"publish","type":"product","link":"https:\/\/dev.eunitecidos.pt\/en\/loja\/retrosaria\/linha-de-bordar-polyneon-madeira-castanho-1936\/","title":{"rendered":"Embroidery thread | Polyneon | Wood | Brown 1936"},"content":{"rendered":"<p>Embroidery thread | Polyneon | Wood | Brown 1936<\/p>\n<p>Polyneon, due to its resistance to chlorine, is the ideal embroidery thread for denim-wash items and those that require frequent washing. Recommended for sportswear, swimwear, children's clothing and workwear, including hospitality products.<\/p>\n<p><strong>Recommendation for chlorine treatment<\/strong>up to 20 grams of active chlorine per litre.<\/p>\n<p><strong>Temperature: <\/strong>Up to 30*C, treatment time 30min.<\/p>\n<p>OEKO-TEX certified<\/p>\n<p>1000 metre cones<\/p>\n<p>100% Polyester<\/p>","protected":false},"excerpt":{"rendered":"<p>Linha de Bordar | Polyneon | Madeira | Castanho 1936 Polyneon, devido \u00e0 sua resist\u00eancia ao cloro, \u00e9 a linha de bordar ideal para artigos sujeitos a denim-wash e para aqueles que requerem frequentes lavagens. Recomendado para roupas de desporto, roupa de nata\u00e7\u00e3o, roupa de crian\u00e7a e roupa de trabalho, incluindo produtos de hotelaria. Recomenda\u00e7\u00e3o [&hellip;]<\/p>","protected":false},"featured_media":17271,"comment_status":"closed","ping_status":"closed","template":"","meta":{"_seopress_robots_primary_cat":"72","_seopress_titles_title":"Fio de Bordar Resistente em Castanho | Polyneon","_seopress_titles_desc":"Polyneon, a linha de bordar ideal para roupa sujeita a denim-wash e lavagens frequentes, recomendada para desporto, nata\u00e7\u00e3o, crian\u00e7a e trabalho. Certificado OEKO-TEX.","_seopress_robots_index":""},"product_brand":[],"product_cat":[2110,2567,72],"product_tag":[707,1983,516,2481,2482,1460,2483],"class_list":{"0":"post-17343","1":"product","2":"type-product","3":"status-publish","4":"has-post-thumbnail","6":"product_cat-linhas","7":"product_cat-linhas-bordar","8":"product_cat-retrosaria","9":"product_tag-100-poliester","10":"product_tag-1000-metros","11":"product_tag-castanho","12":"product_tag-linha-de-bordar","13":"product_tag-madeira","14":"product_tag-maquina","15":"product_tag-polyneon","17":"first","18":"instock","19":"taxable","20":"shipping-taxable","21":"purchasable","22":"product-type-simple"},"_links":{"self":[{"href":"https:\/\/dev.eunitecidos.pt\/en\/wp-json\/wp\/v2\/product\/17343","targetHints":{"allow":["GET"]}}],"collection":[{"href":"https:\/\/dev.eunitecidos.pt\/en\/wp-json\/wp\/v2\/product"}],"about":[{"href":"https:\/\/dev.eunitecidos.pt\/en\/wp-json\/wp\/v2\/types\/product"}],"replies":[{"embeddable":true,"href":"https:\/\/dev.eunitecidos.pt\/en\/wp-json\/wp\/v2\/comments?post=17343"}],"wp:featuredmedia":[{"embeddable":true,"href":"https:\/\/dev.eunitecidos.pt\/en\/wp-json\/wp\/v2\/media\/17271"}],"wp:attachment":[{"href":"https:\/\/dev.eunitecidos.pt\/en\/wp-json\/wp\/v2\/media?parent=17343"}],"wp:term":[{"taxonomy":"product_brand","embeddable":true,"href":"https:\/\/dev.eunitecidos.pt\/en\/wp-json\/wp\/v2\/product_brand?post=17343"},{"taxonomy":"product_cat","embeddable":true,"href":"https:\/\/dev.eunitecidos.pt\/en\/wp-json\/wp\/v2\/product_cat?post=17343"},{"taxonomy":"product_tag","embeddable":true,"href":"https:\/\/dev.eunitecidos.pt\/en\/wp-json\/wp\/v2\/product_tag?post=17343"}],"curies":[{"name":"wp","href":"https:\/\/api.w.org\/{rel}","templated":true}]}}