
{"id":1766,"date":"2021-06-17T10:01:23","date_gmt":"2021-06-17T10:01:23","guid":{"rendered":"https:\/\/dev.eunitecidos.pt\/?post_type=product&#038;p=1766"},"modified":"2024-03-22T23:30:19","modified_gmt":"2024-03-22T23:30:19","slug":"tecidos-100-algodao-infantil-coroas","status":"publish","type":"product","link":"https:\/\/dev.eunitecidos.pt\/en\/loja\/cores\/tecidos-100-algodao-infantil-coroas\/","title":{"rendered":"Fabrics 100% Cotton | Children's | Crowns"},"content":{"rendered":"<p>Fabrics 100% Cotton | Children's | Crowns<\/p>\n<p>1.50 Width<\/p>\n<p>Oeko-Tex certified<\/p>","protected":false},"excerpt":{"rendered":"<p>&nbsp;<\/p>\n<p>Fabrics 100% Cotton | Children's | Unicorns<\/p>\n<p>1.50 Width<\/p>\n<p>Oeko-Tex certified<\/p>","protected":false},"featured_media":33272,"comment_status":"open","ping_status":"closed","template":"","meta":{"_seopress_robots_primary_cat":"122","_seopress_titles_title":"Tecidos 100% Algod\u00e3o para roupas de crian\u00e7a com certificado Oeko-Tex","_seopress_titles_desc":"Descubra tecidos 100% Algod\u00e3o de qualidade premium, perfeitos para roupas infantis, com certifica\u00e7\u00e3o Oeko-Tex. Conhe\u00e7a as coroas com 1.50m de largura!","_seopress_robots_index":""},"product_brand":[],"product_cat":[123,124,128,122,196,381,135,69,125],"product_tag":[315,290,307,298,318,470,548,300,352,304,303,102],"class_list":{"0":"post-1766","1":"product","2":"type-product","3":"status-publish","4":"has-post-thumbnail","6":"product_cat-amarelo","7":"product_cat-azul","8":"product_cat-cinzento","9":"product_cat-cores","10":"product_cat-estampados","11":"product_cat-infantis-tecido-100-algodao","12":"product_cat-tecido-100-algodao","13":"product_cat-texteis","14":"product_cat-verde","15":"product_tag-100-algodao","16":"product_tag-algodao","17":"product_tag-amarelo","18":"product_tag-azul","19":"product_tag-cinzento","20":"product_tag-coordenados","21":"product_tag-coroas","22":"product_tag-crianca","23":"product_tag-infantil","24":"product_tag-menina","25":"product_tag-menino","26":"product_tag-verde","28":"first","29":"instock","30":"taxable","31":"shipping-taxable","32":"purchasable","33":"product-type-simple"},"_links":{"self":[{"href":"https:\/\/dev.eunitecidos.pt\/en\/wp-json\/wp\/v2\/product\/1766","targetHints":{"allow":["GET"]}}],"collection":[{"href":"https:\/\/dev.eunitecidos.pt\/en\/wp-json\/wp\/v2\/product"}],"about":[{"href":"https:\/\/dev.eunitecidos.pt\/en\/wp-json\/wp\/v2\/types\/product"}],"replies":[{"embeddable":true,"href":"https:\/\/dev.eunitecidos.pt\/en\/wp-json\/wp\/v2\/comments?post=1766"}],"wp:featuredmedia":[{"embeddable":true,"href":"https:\/\/dev.eunitecidos.pt\/en\/wp-json\/wp\/v2\/media\/33272"}],"wp:attachment":[{"href":"https:\/\/dev.eunitecidos.pt\/en\/wp-json\/wp\/v2\/media?parent=1766"}],"wp:term":[{"taxonomy":"product_brand","embeddable":true,"href":"https:\/\/dev.eunitecidos.pt\/en\/wp-json\/wp\/v2\/product_brand?post=1766"},{"taxonomy":"product_cat","embeddable":true,"href":"https:\/\/dev.eunitecidos.pt\/en\/wp-json\/wp\/v2\/product_cat?post=1766"},{"taxonomy":"product_tag","embeddable":true,"href":"https:\/\/dev.eunitecidos.pt\/en\/wp-json\/wp\/v2\/product_tag?post=1766"}],"curies":[{"name":"wp","href":"https:\/\/api.w.org\/{rel}","templated":true}]}}