
{"id":18267,"date":"2022-09-25T16:52:30","date_gmt":"2022-09-25T16:52:30","guid":{"rendered":"https:\/\/dev.eunitecidos.pt\/?post_type=product&#038;p=18267"},"modified":"2023-09-13T17:46:16","modified_gmt":"2023-09-13T17:46:16","slug":"tecido-algodao-100-algodao-estampado-rosas","status":"publish","type":"product","link":"https:\/\/dev.eunitecidos.pt\/en\/loja\/texteis\/tecido-algodao-100-algodao-estampado-rosas\/","title":{"rendered":"Fabric Cotton | 100% Cotton | Printed | Roses"},"content":{"rendered":"<p>Fabric Cotton | 100% Cotton | Printed | Roses<\/p>\n<p>100% cotton fabric<\/p>\n<p>1.50 Width<\/p>","protected":false},"excerpt":{"rendered":"<p>Fabric Cotton | 100% Cotton | Printed | Roses Fabric 100% Cotton 1.50 Wide<\/p>","protected":false},"featured_media":19091,"comment_status":"closed","ping_status":"closed","template":"","meta":{"_seopress_robots_primary_cat":"69","_seopress_titles_title":"Tecido Algod\u00e3o Estampado Rosas | 100% Algod\u00e3o | 1,50 Largura","_seopress_titles_desc":"Descubra o tecido de algod\u00e3o 100% estampado com rosas, com largura de 1,50 metros. Perfeito para os seus projetos de costura!","_seopress_robots_index":""},"product_brand":[],"product_cat":[197,135,69],"product_tag":[315,340,1798,2037,2191,320,2162,1712,102],"class_list":{"0":"post-18267","1":"product","2":"type-product","3":"status-publish","4":"has-post-thumbnail","6":"product_cat-florais-tropicais","7":"product_cat-tecido-100-algodao","8":"product_cat-texteis","9":"product_tag-100-algodao","10":"product_tag-estampado","11":"product_tag-floral","12":"product_tag-fundo-azul-escuro","13":"product_tag-pintinha-branca","14":"product_tag-rosa","15":"product_tag-rosas","16":"product_tag-tecido-algodao","17":"product_tag-verde","19":"first","20":"instock","21":"taxable","22":"shipping-taxable","23":"purchasable","24":"product-type-simple"},"_links":{"self":[{"href":"https:\/\/dev.eunitecidos.pt\/en\/wp-json\/wp\/v2\/product\/18267","targetHints":{"allow":["GET"]}}],"collection":[{"href":"https:\/\/dev.eunitecidos.pt\/en\/wp-json\/wp\/v2\/product"}],"about":[{"href":"https:\/\/dev.eunitecidos.pt\/en\/wp-json\/wp\/v2\/types\/product"}],"replies":[{"embeddable":true,"href":"https:\/\/dev.eunitecidos.pt\/en\/wp-json\/wp\/v2\/comments?post=18267"}],"wp:featuredmedia":[{"embeddable":true,"href":"https:\/\/dev.eunitecidos.pt\/en\/wp-json\/wp\/v2\/media\/19091"}],"wp:attachment":[{"href":"https:\/\/dev.eunitecidos.pt\/en\/wp-json\/wp\/v2\/media?parent=18267"}],"wp:term":[{"taxonomy":"product_brand","embeddable":true,"href":"https:\/\/dev.eunitecidos.pt\/en\/wp-json\/wp\/v2\/product_brand?post=18267"},{"taxonomy":"product_cat","embeddable":true,"href":"https:\/\/dev.eunitecidos.pt\/en\/wp-json\/wp\/v2\/product_cat?post=18267"},{"taxonomy":"product_tag","embeddable":true,"href":"https:\/\/dev.eunitecidos.pt\/en\/wp-json\/wp\/v2\/product_tag?post=18267"}],"curies":[{"name":"wp","href":"https:\/\/api.w.org\/{rel}","templated":true}]}}