
{"id":18431,"date":"2022-09-27T15:33:10","date_gmt":"2022-09-27T15:33:10","guid":{"rendered":"https:\/\/dev.eunitecidos.pt\/?post_type=product&#038;p=18431"},"modified":"2024-09-16T21:36:39","modified_gmt":"2024-09-16T21:36:39","slug":"tecidos-100-algodao-halloween-5","status":"publish","type":"product","link":"https:\/\/dev.eunitecidos.pt\/en\/loja\/texteis\/tecidos-100-algodao-halloween-5\/","title":{"rendered":"Fabrics 100% Cotton | Halloween"},"content":{"rendered":"<p>Fabrics 100% Cotton | Halloween<\/p>\n<p>100% Organic Cotton<\/p>\n<p>OEKO-TEX and GOTS certified<\/p>\n<p>1.50 Width<\/p>","protected":false},"excerpt":{"rendered":"<p>Fabrics 100% Cotton | Halloween 100% Organic Cotton OEKO-TEX and GOTS Certified 1.50 Wide<\/p>","protected":false},"featured_media":18351,"comment_status":"closed","ping_status":"closed","template":"","meta":{"_seopress_robots_primary_cat":"69","_seopress_titles_title":"Tecidos 100% Algod\u00e3o Halloween Org\u00e2nico OEKO-TEX GOTS","_seopress_titles_desc":"Descubra tecidos de Halloween 100% Algod\u00e3o Org\u00e2nico, certificados OEKO-TEX e GOTS com 1,50m de largura. Qualidade e sustentabilidade garantidas!","_seopress_robots_index":""},"product_brand":[],"product_cat":[194,2517,135,199,69],"product_tag":[315,443,319,2523,340,1560,424,1712,2369,102],"class_list":{"0":"post-18431","1":"product","2":"type-product","3":"status-publish","4":"has-post-thumbnail","6":"product_cat-algodao-organico","7":"product_cat-halloween","8":"product_cat-tecido-100-algodao","9":"product_cat-tematicos","10":"product_cat-texteis","11":"product_tag-100-algodao","12":"product_tag-algodao-organico","13":"product_tag-bege","14":"product_tag-boneco-vodu","15":"product_tag-estampado","16":"product_tag-halloween","17":"product_tag-laranja","18":"product_tag-tecido-algodao","19":"product_tag-tematico","20":"product_tag-verde","22":"first","23":"instock","24":"taxable","25":"shipping-taxable","26":"purchasable","27":"product-type-simple"},"_links":{"self":[{"href":"https:\/\/dev.eunitecidos.pt\/en\/wp-json\/wp\/v2\/product\/18431","targetHints":{"allow":["GET"]}}],"collection":[{"href":"https:\/\/dev.eunitecidos.pt\/en\/wp-json\/wp\/v2\/product"}],"about":[{"href":"https:\/\/dev.eunitecidos.pt\/en\/wp-json\/wp\/v2\/types\/product"}],"replies":[{"embeddable":true,"href":"https:\/\/dev.eunitecidos.pt\/en\/wp-json\/wp\/v2\/comments?post=18431"}],"wp:featuredmedia":[{"embeddable":true,"href":"https:\/\/dev.eunitecidos.pt\/en\/wp-json\/wp\/v2\/media\/18351"}],"wp:attachment":[{"href":"https:\/\/dev.eunitecidos.pt\/en\/wp-json\/wp\/v2\/media?parent=18431"}],"wp:term":[{"taxonomy":"product_brand","embeddable":true,"href":"https:\/\/dev.eunitecidos.pt\/en\/wp-json\/wp\/v2\/product_brand?post=18431"},{"taxonomy":"product_cat","embeddable":true,"href":"https:\/\/dev.eunitecidos.pt\/en\/wp-json\/wp\/v2\/product_cat?post=18431"},{"taxonomy":"product_tag","embeddable":true,"href":"https:\/\/dev.eunitecidos.pt\/en\/wp-json\/wp\/v2\/product_tag?post=18431"}],"curies":[{"name":"wp","href":"https:\/\/api.w.org\/{rel}","templated":true}]}}