
{"id":18702,"date":"2022-10-04T20:40:20","date_gmt":"2022-10-04T20:40:20","guid":{"rendered":"https:\/\/dev.eunitecidos.pt\/?post_type=product&#038;p=18702"},"modified":"2025-12-21T00:39:01","modified_gmt":"2025-12-21T00:39:01","slug":"tecidos-100-algodao-natal-estrela-media","status":"publish","type":"product","link":"https:\/\/dev.eunitecidos.pt\/en\/loja\/texteis\/tecidos-100-algodao-natal-estrela-media\/","title":{"rendered":"Tecidos 100% Algod\u00e3o | Natal | Fundo Vermelho | Estrela Dourada"},"content":{"rendered":"<p>Tecidos 100% Algod\u00e3o | Natal | Fundo Vermelho | Estrela Dourada<\/p>\n<p>1.50 Width<\/p>\n<p>Organic cotton<\/p>\n<p>Oeko-tex certified<\/p>","protected":false},"excerpt":{"rendered":"<p>Tecidos 100% Algod\u00e3o | Natal | Fundo Vermelho | Estrela Dourada 1,50 Largura Algod\u00e3o Org\u00e2nico Certificado Oeko-tex<\/p>","protected":false},"featured_media":18558,"comment_status":"closed","ping_status":"closed","template":"","meta":{"_seopress_robots_primary_cat":"69","_seopress_titles_title":"Tecidos Natal Estrela M\u00e9dia Algod\u00e3o Org\u00e2nico Certificado Oeko-tex","_seopress_titles_desc":"Descubra os tecidos de Natal em 100% algod\u00e3o org\u00e2nico certificado Oeko-tex. Tecido com estrela m\u00e9dia de 1,50 de largura. Garanta qualidade e seguran\u00e7a para os seus projetos de costura.","_seopress_robots_index":""},"product_brand":[],"product_cat":[194,2518,135,199,69],"product_tag":[315,443,340,2529,1577,2005,1575,1712,1576],"class_list":{"0":"post-18702","1":"product","2":"type-product","3":"status-publish","4":"has-post-thumbnail","6":"product_cat-algodao-organico","7":"product_cat-natal","8":"product_cat-tecido-100-algodao","9":"product_cat-tematicos","10":"product_cat-texteis","11":"product_tag-100-algodao","12":"product_tag-algodao-organico","13":"product_tag-estampado","14":"product_tag-estrela-media","15":"product_tag-estrelas-dourado","16":"product_tag-fundo-vermelho","17":"product_tag-natal","18":"product_tag-tecido-algodao","19":"product_tag-tecidos-natal","21":"first","22":"instock","23":"taxable","24":"shipping-taxable","25":"purchasable","26":"product-type-simple"},"_links":{"self":[{"href":"https:\/\/dev.eunitecidos.pt\/en\/wp-json\/wp\/v2\/product\/18702","targetHints":{"allow":["GET"]}}],"collection":[{"href":"https:\/\/dev.eunitecidos.pt\/en\/wp-json\/wp\/v2\/product"}],"about":[{"href":"https:\/\/dev.eunitecidos.pt\/en\/wp-json\/wp\/v2\/types\/product"}],"replies":[{"embeddable":true,"href":"https:\/\/dev.eunitecidos.pt\/en\/wp-json\/wp\/v2\/comments?post=18702"}],"wp:featuredmedia":[{"embeddable":true,"href":"https:\/\/dev.eunitecidos.pt\/en\/wp-json\/wp\/v2\/media\/18558"}],"wp:attachment":[{"href":"https:\/\/dev.eunitecidos.pt\/en\/wp-json\/wp\/v2\/media?parent=18702"}],"wp:term":[{"taxonomy":"product_brand","embeddable":true,"href":"https:\/\/dev.eunitecidos.pt\/en\/wp-json\/wp\/v2\/product_brand?post=18702"},{"taxonomy":"product_cat","embeddable":true,"href":"https:\/\/dev.eunitecidos.pt\/en\/wp-json\/wp\/v2\/product_cat?post=18702"},{"taxonomy":"product_tag","embeddable":true,"href":"https:\/\/dev.eunitecidos.pt\/en\/wp-json\/wp\/v2\/product_tag?post=18702"}],"curies":[{"name":"wp","href":"https:\/\/api.w.org\/{rel}","templated":true}]}}