
{"id":18721,"date":"2022-10-04T21:40:41","date_gmt":"2022-10-04T21:40:41","guid":{"rendered":"https:\/\/dev.eunitecidos.pt\/?post_type=product&#038;p=18721"},"modified":"2024-12-01T17:34:47","modified_gmt":"2024-12-01T17:34:47","slug":"tecidos-100-algodao-natal-urso","status":"publish","type":"product","link":"https:\/\/dev.eunitecidos.pt\/en\/loja\/texteis\/tecidos-100-algodao-natal-urso\/","title":{"rendered":"Fabrics 100% Cotton | Christmas | Bear"},"content":{"rendered":"<p>Fabrics 100% Cotton | Christmas | Bear<\/p>\n<p>1.50 Width<\/p>\n<p>Organic cotton<\/p>\n<p>Oeko-tex certified<\/p>","protected":false},"excerpt":{"rendered":"<p>Tecidos 100% Algod\u00e3o | Natal | Urso 1,50 Largura Algod\u00e3o Org\u00e2nico Certificado Oeko-tex<\/p>","protected":false},"featured_media":18483,"comment_status":"closed","ping_status":"closed","template":"","meta":{"_seopress_robots_primary_cat":"69","_seopress_titles_title":"Tecidos 100% Algod\u00e3o | Natal | Urso 1,50","_seopress_titles_desc":"Encontre tecidos de Natal alusivos e sustent\u00e1veis, certificados Oeko-tex. Escolha qualidade com Algod\u00e3o Org\u00e2nico.","_seopress_robots_index":""},"product_brand":[],"product_cat":[194,2518,135,199,69],"product_tag":[315,443,319,321,340,2533,1575,1582,1712,1576,2536,549,102],"class_list":{"0":"post-18721","1":"product","2":"type-product","3":"status-publish","4":"has-post-thumbnail","6":"product_cat-algodao-organico","7":"product_cat-natal","8":"product_cat-tecido-100-algodao","9":"product_cat-tematicos","10":"product_cat-texteis","11":"product_tag-100-algodao","12":"product_tag-algodao-organico","13":"product_tag-bege","14":"product_tag-branco","15":"product_tag-estampado","16":"product_tag-gorro","17":"product_tag-natal","18":"product_tag-pai-natal","19":"product_tag-tecido-algodao","20":"product_tag-tecidos-natal","21":"product_tag-teddy","22":"product_tag-urso","23":"product_tag-verde","25":"first","26":"instock","27":"taxable","28":"shipping-taxable","29":"purchasable","30":"product-type-simple"},"_links":{"self":[{"href":"https:\/\/dev.eunitecidos.pt\/en\/wp-json\/wp\/v2\/product\/18721","targetHints":{"allow":["GET"]}}],"collection":[{"href":"https:\/\/dev.eunitecidos.pt\/en\/wp-json\/wp\/v2\/product"}],"about":[{"href":"https:\/\/dev.eunitecidos.pt\/en\/wp-json\/wp\/v2\/types\/product"}],"replies":[{"embeddable":true,"href":"https:\/\/dev.eunitecidos.pt\/en\/wp-json\/wp\/v2\/comments?post=18721"}],"wp:featuredmedia":[{"embeddable":true,"href":"https:\/\/dev.eunitecidos.pt\/en\/wp-json\/wp\/v2\/media\/18483"}],"wp:attachment":[{"href":"https:\/\/dev.eunitecidos.pt\/en\/wp-json\/wp\/v2\/media?parent=18721"}],"wp:term":[{"taxonomy":"product_brand","embeddable":true,"href":"https:\/\/dev.eunitecidos.pt\/en\/wp-json\/wp\/v2\/product_brand?post=18721"},{"taxonomy":"product_cat","embeddable":true,"href":"https:\/\/dev.eunitecidos.pt\/en\/wp-json\/wp\/v2\/product_cat?post=18721"},{"taxonomy":"product_tag","embeddable":true,"href":"https:\/\/dev.eunitecidos.pt\/en\/wp-json\/wp\/v2\/product_tag?post=18721"}],"curies":[{"name":"wp","href":"https:\/\/api.w.org\/{rel}","templated":true}]}}