
{"id":18722,"date":"2022-10-04T21:47:49","date_gmt":"2022-10-04T21:47:49","guid":{"rendered":"https:\/\/dev.eunitecidos.pt\/?post_type=product&#038;p=18722"},"modified":"2025-11-04T18:09:32","modified_gmt":"2025-11-04T18:09:32","slug":"tecidos-100-algodao-natal-quadrados","status":"publish","type":"product","link":"https:\/\/dev.eunitecidos.pt\/en\/loja\/texteis\/tecidos-100-algodao-natal-quadrados\/","title":{"rendered":"Fabrics 100% Cotton | Christmas | Square"},"content":{"rendered":"<p>Fabrics 100% Cotton | Christmas | Square<\/p>\n<p>1.50 Width<\/p>\n<p>Organic cotton<\/p>\n<p>Oeko-tex certified<\/p>","protected":false},"excerpt":{"rendered":"<p>Tecidos 100% Algod\u00e3o | Natal | Quadrados 1,50 Largura Algod\u00e3o Org\u00e2nico Certificado Oeko-tex<\/p>","protected":false},"featured_media":18482,"comment_status":"closed","ping_status":"closed","template":"","meta":{"_seopress_robots_primary_cat":"69","_seopress_titles_title":"Tecidos Natal 100% Algod\u00e3o Org\u00e2nico Certificado Oeko-tex","_seopress_titles_desc":"Descubra tecidos de algod\u00e3o certificados Oeko-tex para um Natal eco-respons\u00e1vel. Quadrados com 1,50m de largura. Escolha algod\u00e3o org\u00e2nico de qualidade!","_seopress_robots_index":""},"product_brand":[],"product_cat":[194,2518,135,199,69],"product_tag":[315,443,319,2526,321,340,302,2533,1575,1582,1712,1576,2536,549,102],"class_list":{"0":"post-18722","1":"product","2":"type-product","3":"status-publish","4":"has-post-thumbnail","6":"product_cat-algodao-organico","7":"product_cat-natal","8":"product_cat-tecido-100-algodao","9":"product_cat-tematicos","10":"product_cat-texteis","11":"product_tag-100-algodao","12":"product_tag-algodao-organico","13":"product_tag-bege","14":"product_tag-botas","15":"product_tag-branco","16":"product_tag-estampado","17":"product_tag-estrelas","18":"product_tag-gorro","19":"product_tag-natal","20":"product_tag-pai-natal","21":"product_tag-tecido-algodao","22":"product_tag-tecidos-natal","23":"product_tag-teddy","24":"product_tag-urso","25":"product_tag-verde","27":"first","28":"instock","29":"taxable","30":"shipping-taxable","31":"purchasable","32":"product-type-simple"},"_links":{"self":[{"href":"https:\/\/dev.eunitecidos.pt\/en\/wp-json\/wp\/v2\/product\/18722","targetHints":{"allow":["GET"]}}],"collection":[{"href":"https:\/\/dev.eunitecidos.pt\/en\/wp-json\/wp\/v2\/product"}],"about":[{"href":"https:\/\/dev.eunitecidos.pt\/en\/wp-json\/wp\/v2\/types\/product"}],"replies":[{"embeddable":true,"href":"https:\/\/dev.eunitecidos.pt\/en\/wp-json\/wp\/v2\/comments?post=18722"}],"wp:featuredmedia":[{"embeddable":true,"href":"https:\/\/dev.eunitecidos.pt\/en\/wp-json\/wp\/v2\/media\/18482"}],"wp:attachment":[{"href":"https:\/\/dev.eunitecidos.pt\/en\/wp-json\/wp\/v2\/media?parent=18722"}],"wp:term":[{"taxonomy":"product_brand","embeddable":true,"href":"https:\/\/dev.eunitecidos.pt\/en\/wp-json\/wp\/v2\/product_brand?post=18722"},{"taxonomy":"product_cat","embeddable":true,"href":"https:\/\/dev.eunitecidos.pt\/en\/wp-json\/wp\/v2\/product_cat?post=18722"},{"taxonomy":"product_tag","embeddable":true,"href":"https:\/\/dev.eunitecidos.pt\/en\/wp-json\/wp\/v2\/product_tag?post=18722"}],"curies":[{"name":"wp","href":"https:\/\/api.w.org\/{rel}","templated":true}]}}