
{"id":19192,"date":"2022-10-14T12:12:38","date_gmt":"2022-10-14T12:12:38","guid":{"rendered":"https:\/\/dev.eunitecidos.pt\/?post_type=product&#038;p=19192"},"modified":"2023-09-06T14:35:18","modified_gmt":"2023-09-06T14:35:18","slug":"tecido-algodao-100-algodao-estampado-caes-4","status":"publish","type":"product","link":"https:\/\/dev.eunitecidos.pt\/en\/loja\/texteis\/tecido-algodao-100-algodao-estampado-caes-4\/","title":{"rendered":"Fabric Cotton | 100% Cotton | Printed | Dogs"},"content":{"rendered":"<p>Fabric Cotton | 100% Cotton | Printed | Dogs<\/p>\n<p>100% Organic cotton fabric<\/p>\n<p>OEKO-TEX and GOTS certified<\/p>\n<p>1.50 Width<\/p>","protected":false},"excerpt":{"rendered":"<p>Fabric Cotton | 100% Cotton | Printed | Dogs Fabric 100% Organic cotton OEKO-TEX and GOTS certified 1.50 Wide<\/p>","protected":false},"featured_media":18784,"comment_status":"closed","ping_status":"closed","template":"","meta":{"_seopress_robots_primary_cat":"69","_seopress_titles_title":"Tecido Algod\u00e3o Estampado 100% Algod\u00e3o para C\u00e3es","_seopress_titles_desc":"Tecido 100% algod\u00e3o org\u00e2nico certificado OEKO-TEX e GOTS, com 1,50m de largura. A qualidade que o seu animal de estima\u00e7\u00e3o merece!","_seopress_robots_index":""},"product_brand":[],"product_cat":[194,200,360,135,69],"product_tag":[315,443,319,321,1208,516,340,2176,491,1712,453],"class_list":{"0":"post-19192","1":"product","2":"type-product","3":"status-publish","4":"has-post-thumbnail","6":"product_cat-algodao-organico","7":"product_cat-animais","8":"product_cat-estampados-tecido-100-algodao","9":"product_cat-tecido-100-algodao","10":"product_cat-texteis","11":"product_tag-100-algodao","12":"product_tag-algodao-organico","13":"product_tag-bege","14":"product_tag-branco","15":"product_tag-caes","16":"product_tag-castanho","17":"product_tag-estampado","18":"product_tag-fundo-verde-tropa","19":"product_tag-preto","20":"product_tag-tecido-algodao","21":"product_tag-vermelho","23":"first","24":"instock","25":"taxable","26":"shipping-taxable","27":"purchasable","28":"product-type-simple"},"_links":{"self":[{"href":"https:\/\/dev.eunitecidos.pt\/en\/wp-json\/wp\/v2\/product\/19192","targetHints":{"allow":["GET"]}}],"collection":[{"href":"https:\/\/dev.eunitecidos.pt\/en\/wp-json\/wp\/v2\/product"}],"about":[{"href":"https:\/\/dev.eunitecidos.pt\/en\/wp-json\/wp\/v2\/types\/product"}],"replies":[{"embeddable":true,"href":"https:\/\/dev.eunitecidos.pt\/en\/wp-json\/wp\/v2\/comments?post=19192"}],"wp:featuredmedia":[{"embeddable":true,"href":"https:\/\/dev.eunitecidos.pt\/en\/wp-json\/wp\/v2\/media\/18784"}],"wp:attachment":[{"href":"https:\/\/dev.eunitecidos.pt\/en\/wp-json\/wp\/v2\/media?parent=19192"}],"wp:term":[{"taxonomy":"product_brand","embeddable":true,"href":"https:\/\/dev.eunitecidos.pt\/en\/wp-json\/wp\/v2\/product_brand?post=19192"},{"taxonomy":"product_cat","embeddable":true,"href":"https:\/\/dev.eunitecidos.pt\/en\/wp-json\/wp\/v2\/product_cat?post=19192"},{"taxonomy":"product_tag","embeddable":true,"href":"https:\/\/dev.eunitecidos.pt\/en\/wp-json\/wp\/v2\/product_tag?post=19192"}],"curies":[{"name":"wp","href":"https:\/\/api.w.org\/{rel}","templated":true}]}}