
{"id":19341,"date":"2022-10-18T21:30:13","date_gmt":"2022-10-18T21:30:13","guid":{"rendered":"https:\/\/dev.eunitecidos.pt\/?post_type=product&#038;p=19341"},"modified":"2026-01-23T10:32:17","modified_gmt":"2026-01-23T10:32:17","slug":"tecido-polar-liso-azul-bebe","status":"publish","type":"product","link":"https:\/\/dev.eunitecidos.pt\/en\/loja\/texteis\/tecido-polar-liso-azul-bebe\/","title":{"rendered":"Polar Fabric | Plain | Baby Blue"},"content":{"rendered":"<p>Polar Fabric | Plain | Baby Blue<\/p>\n<p>Short-haired fabric.<\/p>\n<p>Extremely soft and smooth to the touch.<\/p>\n<p>It is a material that conserves heat.<\/p>\n<p>Ideal for making baby and children's clothes, blankets and accessories.<\/p>\n<p>100% Polyester<\/p>\n<p>1.50 Width<\/p>\n<p>260 gr\/m2<\/p>","protected":false},"excerpt":{"rendered":"<p>Tecido Polar | Liso | Azul Beb\u00e9 Tecido de p\u00ealo curto. Extremamente macio e suave ao toque. \u00c9 um material que conserva o calor. Ideal para confec\u00e7\u00e3o de vestu\u00e1rio, mantinhas e acess\u00f3rios de beb\u00e9 e crian\u00e7a. 100% Poli\u00e9ster 1,50 Largura 260 gr\/m2<\/p>","protected":false},"featured_media":19338,"comment_status":"closed","ping_status":"closed","template":"","meta":{"_seopress_robots_primary_cat":"69","_seopress_titles_title":"Tecido Polar Azul Beb\u00e9 | Extremamente Macio e Quente","_seopress_titles_desc":"Descubra o tecido polar azul beb\u00e9 - perfeito para vestu\u00e1rio de beb\u00e9 e crian\u00e7a. Macio ao toque e conserva o calor. 1,50m de largura e 260 gr\/m2.","_seopress_robots_index":""},"product_brand":[],"product_cat":[2016,144,199,69],"product_tag":[707,601,1689],"class_list":{"0":"post-19341","1":"product","2":"type-product","3":"status-publish","4":"has-post-thumbnail","6":"product_cat-carnaval","7":"product_cat-polares","8":"product_cat-tematicos","9":"product_cat-texteis","10":"product_tag-100-poliester","11":"product_tag-azul-bebe","12":"product_tag-tecido-polar","14":"first","15":"instock","16":"taxable","17":"shipping-taxable","18":"purchasable","19":"product-type-simple"},"_links":{"self":[{"href":"https:\/\/dev.eunitecidos.pt\/en\/wp-json\/wp\/v2\/product\/19341","targetHints":{"allow":["GET"]}}],"collection":[{"href":"https:\/\/dev.eunitecidos.pt\/en\/wp-json\/wp\/v2\/product"}],"about":[{"href":"https:\/\/dev.eunitecidos.pt\/en\/wp-json\/wp\/v2\/types\/product"}],"replies":[{"embeddable":true,"href":"https:\/\/dev.eunitecidos.pt\/en\/wp-json\/wp\/v2\/comments?post=19341"}],"wp:featuredmedia":[{"embeddable":true,"href":"https:\/\/dev.eunitecidos.pt\/en\/wp-json\/wp\/v2\/media\/19338"}],"wp:attachment":[{"href":"https:\/\/dev.eunitecidos.pt\/en\/wp-json\/wp\/v2\/media?parent=19341"}],"wp:term":[{"taxonomy":"product_brand","embeddable":true,"href":"https:\/\/dev.eunitecidos.pt\/en\/wp-json\/wp\/v2\/product_brand?post=19341"},{"taxonomy":"product_cat","embeddable":true,"href":"https:\/\/dev.eunitecidos.pt\/en\/wp-json\/wp\/v2\/product_cat?post=19341"},{"taxonomy":"product_tag","embeddable":true,"href":"https:\/\/dev.eunitecidos.pt\/en\/wp-json\/wp\/v2\/product_tag?post=19341"}],"curies":[{"name":"wp","href":"https:\/\/api.w.org\/{rel}","templated":true}]}}