
{"id":19850,"date":"2022-11-04T22:42:50","date_gmt":"2022-11-04T22:42:50","guid":{"rendered":"https:\/\/dev.eunitecidos.pt\/?post_type=product&#038;p=19850"},"modified":"2022-11-04T22:42:51","modified_gmt":"2022-11-04T22:42:51","slug":"tecido-confecao-vestuario-malha-estampado-cornucopia-3","status":"publish","type":"product","link":"https:\/\/dev.eunitecidos.pt\/en\/loja\/texteis\/tecido-confecao-vestuario-malha-estampado-cornucopia-3\/","title":{"rendered":"Fabric | Clothing | Knitwear | Printed | Cornucopia"},"content":{"rendered":"<p>Fabric | Clothing | Knitwear | Printed | Cornucopia<\/p>\n<p>Super-soft knit fabric with stretch.<\/p>\n<p>Ideal for making clothes<\/p>\n<p>Composition: 85% Polyester 12% Cotton 3% Spandex<\/p>\n<p>1.50 Width<\/p>","protected":false},"excerpt":{"rendered":"<p>Fabric Making | Clothing | Knitwear | Printed | Cornucopia Super soft knit fabric with elasticity. Ideal for making clothes Composition: 85% Polyester 12% Cotton 3% Spandex 1.50 Width<\/p>","protected":false},"featured_media":19762,"comment_status":"closed","ping_status":"closed","template":"","meta":{"_seopress_robots_primary_cat":"69","_seopress_titles_title":"Tecido Malhinha Estampada | Confe\u00e7\u00e3o de Vestu\u00e1rio | Cornuc\u00f3pia","_seopress_titles_desc":"Tecido de malhinha super suave ideal para confe\u00e7\u00e3o de vestu\u00e1rio. Composi\u00e7\u00e3o: 85% Poli\u00e9ster, 12% Algod\u00e3o, 3% Spandex. Largura de 1,50 m.","_seopress_robots_index":""},"product_brand":[],"product_cat":[1737,158,1695,69],"product_tag":[290,319,1631,562,2183,340,2166,405,2185,1693,1279,378],"class_list":{"0":"post-19850","1":"product","2":"type-product","3":"status-publish","4":"has-post-thumbnail","6":"product_cat-estampados-tecidos-de-vestuario","7":"product_cat-malhas-viscose","8":"product_cat-tecidos-de-vestuario","9":"product_cat-texteis","10":"product_tag-algodao","11":"product_tag-bege","12":"product_tag-cinza-claro","13":"product_tag-cornucopias","14":"product_tag-elastano","15":"product_tag-estampado","16":"product_tag-fundo-verde-seco","17":"product_tag-mostarda","18":"product_tag-poliester","19":"product_tag-tecido-confecao","20":"product_tag-verde-claro","21":"product_tag-vestuario","23":"first","24":"instock","25":"taxable","26":"shipping-taxable","27":"purchasable","28":"product-type-simple"},"_links":{"self":[{"href":"https:\/\/dev.eunitecidos.pt\/en\/wp-json\/wp\/v2\/product\/19850","targetHints":{"allow":["GET"]}}],"collection":[{"href":"https:\/\/dev.eunitecidos.pt\/en\/wp-json\/wp\/v2\/product"}],"about":[{"href":"https:\/\/dev.eunitecidos.pt\/en\/wp-json\/wp\/v2\/types\/product"}],"replies":[{"embeddable":true,"href":"https:\/\/dev.eunitecidos.pt\/en\/wp-json\/wp\/v2\/comments?post=19850"}],"wp:featuredmedia":[{"embeddable":true,"href":"https:\/\/dev.eunitecidos.pt\/en\/wp-json\/wp\/v2\/media\/19762"}],"wp:attachment":[{"href":"https:\/\/dev.eunitecidos.pt\/en\/wp-json\/wp\/v2\/media?parent=19850"}],"wp:term":[{"taxonomy":"product_brand","embeddable":true,"href":"https:\/\/dev.eunitecidos.pt\/en\/wp-json\/wp\/v2\/product_brand?post=19850"},{"taxonomy":"product_cat","embeddable":true,"href":"https:\/\/dev.eunitecidos.pt\/en\/wp-json\/wp\/v2\/product_cat?post=19850"},{"taxonomy":"product_tag","embeddable":true,"href":"https:\/\/dev.eunitecidos.pt\/en\/wp-json\/wp\/v2\/product_tag?post=19850"}],"curies":[{"name":"wp","href":"https:\/\/api.w.org\/{rel}","templated":true}]}}