
{"id":19851,"date":"2022-11-04T22:41:45","date_gmt":"2022-11-04T22:41:45","guid":{"rendered":"https:\/\/dev.eunitecidos.pt\/?post_type=product&#038;p=19851"},"modified":"2022-11-18T11:19:50","modified_gmt":"2022-11-18T11:19:50","slug":"tecido-confecao-vestuario-malha-estampado-flores-2","status":"publish","type":"product","link":"https:\/\/dev.eunitecidos.pt\/en\/loja\/texteis\/tecido-confecao-vestuario-malha-estampado-flores-2\/","title":{"rendered":"Fabric | Clothing | Knitwear | Printed | Flowers"},"content":{"rendered":"<p>Fabric | Clothing | Knitwear | Printed | Flowers<\/p>\n<p>Super-soft knit fabric with stretch.<\/p>\n<p>Ideal for making clothes<\/p>\n<p>Composition: 85% Polyester 12% Cotton 3% Spandex<\/p>\n<p>1.50 Width<\/p>","protected":false},"excerpt":{"rendered":"<p>Fabric Making | Clothing | Knitwear | Printed | Flowers Super soft knit fabric with elasticity. Ideal for making clothes Composition: 85% Polyester 12% Cotton 3% Spandex 1,50 Width<\/p>","protected":false},"featured_media":19769,"comment_status":"closed","ping_status":"closed","template":"","meta":{"_seopress_robots_primary_cat":"69","_seopress_titles_title":"Tecido Malha Estampado | Super Suave e El\u00e1stico | 1,50m Largura","_seopress_titles_desc":"Composi\u00e7\u00e3o: 85% Poli\u00e9ster, 12% Algod\u00e3o, 3% Spandex. Ideal para confe\u00e7\u00e3o de pe\u00e7as com um toque \u00fanico. Encomende j\u00e1!","_seopress_robots_index":""},"product_brand":[],"product_cat":[1737,158,1695,69],"product_tag":[290,319,516,2183,340,86,2176,2185,1693,453,378],"class_list":{"0":"post-19851","1":"product","2":"type-product","3":"status-publish","4":"has-post-thumbnail","6":"product_cat-estampados-tecidos-de-vestuario","7":"product_cat-malhas-viscose","8":"product_cat-tecidos-de-vestuario","9":"product_cat-texteis","10":"product_tag-algodao","11":"product_tag-bege","12":"product_tag-castanho","13":"product_tag-elastano","14":"product_tag-estampado","15":"product_tag-flores","16":"product_tag-fundo-verde-tropa","17":"product_tag-poliester","18":"product_tag-tecido-confecao","19":"product_tag-vermelho","20":"product_tag-vestuario","22":"first","23":"instock","24":"taxable","25":"shipping-taxable","26":"purchasable","27":"product-type-simple"},"_links":{"self":[{"href":"https:\/\/dev.eunitecidos.pt\/en\/wp-json\/wp\/v2\/product\/19851","targetHints":{"allow":["GET"]}}],"collection":[{"href":"https:\/\/dev.eunitecidos.pt\/en\/wp-json\/wp\/v2\/product"}],"about":[{"href":"https:\/\/dev.eunitecidos.pt\/en\/wp-json\/wp\/v2\/types\/product"}],"replies":[{"embeddable":true,"href":"https:\/\/dev.eunitecidos.pt\/en\/wp-json\/wp\/v2\/comments?post=19851"}],"wp:featuredmedia":[{"embeddable":true,"href":"https:\/\/dev.eunitecidos.pt\/en\/wp-json\/wp\/v2\/media\/19769"}],"wp:attachment":[{"href":"https:\/\/dev.eunitecidos.pt\/en\/wp-json\/wp\/v2\/media?parent=19851"}],"wp:term":[{"taxonomy":"product_brand","embeddable":true,"href":"https:\/\/dev.eunitecidos.pt\/en\/wp-json\/wp\/v2\/product_brand?post=19851"},{"taxonomy":"product_cat","embeddable":true,"href":"https:\/\/dev.eunitecidos.pt\/en\/wp-json\/wp\/v2\/product_cat?post=19851"},{"taxonomy":"product_tag","embeddable":true,"href":"https:\/\/dev.eunitecidos.pt\/en\/wp-json\/wp\/v2\/product_tag?post=19851"}],"curies":[{"name":"wp","href":"https:\/\/api.w.org\/{rel}","templated":true}]}}