
{"id":19994,"date":"2022-11-08T19:13:55","date_gmt":"2022-11-08T19:13:55","guid":{"rendered":"https:\/\/dev.eunitecidos.pt\/?post_type=product&#038;p=19994"},"modified":"2024-04-09T07:28:20","modified_gmt":"2024-04-09T07:28:20","slug":"tecido-confecao-vestuario-malha-estampado-print-animal-cinza","status":"publish","type":"product","link":"https:\/\/dev.eunitecidos.pt\/en\/loja\/texteis\/tecido-confecao-vestuario-malha-estampado-print-animal-cinza\/","title":{"rendered":"Fabric | Apparel | Knitwear | Animal Print (Grey)"},"content":{"rendered":"<p>Fabric | Apparel | Knitwear | Animal Print (Grey)<\/p>\n<p>Super-soft knit fabric with stretch.<\/p>\n<p>Ideal for making clothes<\/p>\n<p>Composition: 85% Polyester 12% Cotton 3% Spandex<\/p>\n<p>1.50 Width<\/p>","protected":false},"excerpt":{"rendered":"<p>Tecido Confe\u00e7\u00e3o | Vestu\u00e1rio | Malha | Estampado | Print Animal (Cinza) Tecido de malhinha super suave com elasticidade. Ideal para confe\u00e7\u00e3o de Vestu\u00e1rio Composi\u00e7\u00e3o: 85% Poli\u00e9ster 12% Algod\u00e3o 3% Spandex 1,50 Largura<\/p>","protected":false},"featured_media":19759,"comment_status":"closed","ping_status":"closed","template":"","meta":{"_seopress_robots_primary_cat":"69","_seopress_titles_title":"Tecido Confe\u00e7\u00e3o Malha Estampado | Print Animal","_seopress_titles_desc":"Encontre tecido de malha cinzento ideal para estampados animal. Composi\u00e7\u00e3o: 85% Poli\u00e9ster 12% Algod\u00e3o 3% Spandex. Descubra aqui!","_seopress_robots_index":""},"product_brand":[],"product_cat":[158,1695,69],"product_tag":[290,2183,340,2322,754,1946,2185,491,835,1693,911,378],"class_list":{"0":"post-19994","1":"product","2":"type-product","3":"status-publish","4":"has-post-thumbnail","6":"product_cat-malhas-viscose","7":"product_cat-tecidos-de-vestuario","8":"product_cat-texteis","9":"product_tag-algodao","10":"product_tag-elastano","11":"product_tag-estampado","12":"product_tag-fundo-cinza-claro","13":"product_tag-malha","14":"product_tag-onca","15":"product_tag-poliester","16":"product_tag-preto","17":"product_tag-print-animal","18":"product_tag-tecido-confecao","19":"product_tag-toupeira","20":"product_tag-vestuario","22":"first","23":"instock","24":"taxable","25":"shipping-taxable","26":"purchasable","27":"product-type-simple"},"_links":{"self":[{"href":"https:\/\/dev.eunitecidos.pt\/en\/wp-json\/wp\/v2\/product\/19994","targetHints":{"allow":["GET"]}}],"collection":[{"href":"https:\/\/dev.eunitecidos.pt\/en\/wp-json\/wp\/v2\/product"}],"about":[{"href":"https:\/\/dev.eunitecidos.pt\/en\/wp-json\/wp\/v2\/types\/product"}],"replies":[{"embeddable":true,"href":"https:\/\/dev.eunitecidos.pt\/en\/wp-json\/wp\/v2\/comments?post=19994"}],"wp:featuredmedia":[{"embeddable":true,"href":"https:\/\/dev.eunitecidos.pt\/en\/wp-json\/wp\/v2\/media\/19759"}],"wp:attachment":[{"href":"https:\/\/dev.eunitecidos.pt\/en\/wp-json\/wp\/v2\/media?parent=19994"}],"wp:term":[{"taxonomy":"product_brand","embeddable":true,"href":"https:\/\/dev.eunitecidos.pt\/en\/wp-json\/wp\/v2\/product_brand?post=19994"},{"taxonomy":"product_cat","embeddable":true,"href":"https:\/\/dev.eunitecidos.pt\/en\/wp-json\/wp\/v2\/product_cat?post=19994"},{"taxonomy":"product_tag","embeddable":true,"href":"https:\/\/dev.eunitecidos.pt\/en\/wp-json\/wp\/v2\/product_tag?post=19994"}],"curies":[{"name":"wp","href":"https:\/\/api.w.org\/{rel}","templated":true}]}}