
{"id":21009,"date":"2022-12-07T13:53:05","date_gmt":"2022-12-07T13:53:05","guid":{"rendered":"https:\/\/dev.eunitecidos.pt\/?post_type=product&#038;p=21009"},"modified":"2026-01-09T14:00:41","modified_gmt":"2026-01-09T14:00:41","slug":"tecidos-100-algodao-estampado-geometrico-3","status":"publish","type":"product","link":"https:\/\/dev.eunitecidos.pt\/en\/loja\/texteis\/tecidos-100-algodao-estampado-geometrico-3\/","title":{"rendered":"Fabrics 100% Cotton | Printed | Geometric"},"content":{"rendered":"<p>Fabrics 100% Cotton | Printed | Geometric<\/p>\n<p>100% Cotton<\/p>\n<p>1.60 Width<\/p>\n<p>Oeko-Tex certified<\/p>","protected":false},"excerpt":{"rendered":"<p>Fabrics 100% Cotton | Printed | Geometric 100% Cotton 1.60 Wide Oeko-Tex Certified<\/p>","protected":false},"featured_media":20979,"comment_status":"closed","ping_status":"closed","template":"","meta":{"_seopress_robots_primary_cat":"69","_seopress_titles_title":"Tecidos 100% Algod\u00e3o Estampado Geom\u00e9trico | Certificado Oeko-Tex","_seopress_titles_desc":"Descubra os tecidos 100% Algod\u00e3o estampado em padr\u00f5es geom\u00e9tricos com 1.60m de largura e certificado Oeko-Tex. Qualidade e sustentabilidade garantidas!","_seopress_robots_index":""},"product_brand":[],"product_cat":[194,360,135,69],"product_tag":[315,443,321,351,340,1606,405,491,1712],"class_list":{"0":"post-21009","1":"product","2":"type-product","3":"status-publish","4":"has-post-thumbnail","6":"product_cat-algodao-organico","7":"product_cat-estampados-tecido-100-algodao","8":"product_cat-tecido-100-algodao","9":"product_cat-texteis","10":"product_tag-100-algodao","11":"product_tag-algodao-organico","12":"product_tag-branco","13":"product_tag-cinza","14":"product_tag-estampado","15":"product_tag-geometrico","16":"product_tag-mostarda","17":"product_tag-preto","18":"product_tag-tecido-algodao","20":"first","21":"instock","22":"taxable","23":"shipping-taxable","24":"purchasable","25":"product-type-simple"},"_links":{"self":[{"href":"https:\/\/dev.eunitecidos.pt\/en\/wp-json\/wp\/v2\/product\/21009","targetHints":{"allow":["GET"]}}],"collection":[{"href":"https:\/\/dev.eunitecidos.pt\/en\/wp-json\/wp\/v2\/product"}],"about":[{"href":"https:\/\/dev.eunitecidos.pt\/en\/wp-json\/wp\/v2\/types\/product"}],"replies":[{"embeddable":true,"href":"https:\/\/dev.eunitecidos.pt\/en\/wp-json\/wp\/v2\/comments?post=21009"}],"wp:featuredmedia":[{"embeddable":true,"href":"https:\/\/dev.eunitecidos.pt\/en\/wp-json\/wp\/v2\/media\/20979"}],"wp:attachment":[{"href":"https:\/\/dev.eunitecidos.pt\/en\/wp-json\/wp\/v2\/media?parent=21009"}],"wp:term":[{"taxonomy":"product_brand","embeddable":true,"href":"https:\/\/dev.eunitecidos.pt\/en\/wp-json\/wp\/v2\/product_brand?post=21009"},{"taxonomy":"product_cat","embeddable":true,"href":"https:\/\/dev.eunitecidos.pt\/en\/wp-json\/wp\/v2\/product_cat?post=21009"},{"taxonomy":"product_tag","embeddable":true,"href":"https:\/\/dev.eunitecidos.pt\/en\/wp-json\/wp\/v2\/product_tag?post=21009"}],"curies":[{"name":"wp","href":"https:\/\/api.w.org\/{rel}","templated":true}]}}