
{"id":21119,"date":"2022-12-13T16:20:00","date_gmt":"2022-12-13T16:20:00","guid":{"rendered":"https:\/\/dev.eunitecidos.pt\/?post_type=product&#038;p=21119"},"modified":"2025-11-24T15:37:16","modified_gmt":"2025-11-24T15:37:16","slug":"tecidos-100-algodao-licencas-disney-dumbo","status":"publish","type":"product","link":"https:\/\/dev.eunitecidos.pt\/en\/loja\/texteis\/tecidos-100-algodao-licencas-disney-dumbo\/","title":{"rendered":"Fabrics 100% Cotton | Disney Licences | Dumbo"},"content":{"rendered":"<p>Fabrics 100% Cotton | Disney Licences | Dumbo<\/p>\n<p>100% Cotton<\/p>\n<p>1.50 Width<\/p>\n<p>Oeko-Tex certified<\/p>","protected":false},"excerpt":{"rendered":"<p>Tecidos 100% Algod\u00e3o | Licen\u00e7as Disney | Dumbo 100% Algod\u00e3o 1.50 Largura Certificado Oeko-Tex<\/p>","protected":false},"featured_media":21068,"comment_status":"closed","ping_status":"closed","template":"","meta":{"_seopress_robots_primary_cat":"69","_seopress_titles_title":"Tecidos 100% Algod\u00e3o Licen\u00e7as Disney Dumbo Certificado Oeko-Tex","_seopress_titles_desc":"Descobre tecidos 100% Algod\u00e3o com Licen\u00e7as Disney, incluindo o ador\u00e1vel Dumbo. Com 1.50 metros de largura e Certificado Oeko-Tex. Veste com qualidade e estilo!","_seopress_robots_index":""},"product_brand":[],"product_cat":[194,195,381,135,69],"product_tag":[315,443,321,1631,449,2247,1619,2044,451,1712,756],"class_list":{"0":"post-21119","1":"product","2":"type-product","3":"status-publish","4":"has-post-thumbnail","6":"product_cat-algodao-organico","7":"product_cat-disney-licencas","8":"product_cat-infantis-tecido-100-algodao","9":"product_cat-tecido-100-algodao","10":"product_cat-texteis","11":"product_tag-100-algodao","12":"product_tag-algodao-organico","13":"product_tag-branco","14":"product_tag-cinza-claro","15":"product_tag-disney","16":"product_tag-dumbo","17":"product_tag-estampado-infantil","18":"product_tag-fundo-verde-agua","19":"product_tag-licencas","20":"product_tag-tecido-algodao","21":"product_tag-tecidos-disney","23":"first","24":"instock","25":"taxable","26":"shipping-taxable","27":"purchasable","28":"product-type-simple"},"_links":{"self":[{"href":"https:\/\/dev.eunitecidos.pt\/en\/wp-json\/wp\/v2\/product\/21119","targetHints":{"allow":["GET"]}}],"collection":[{"href":"https:\/\/dev.eunitecidos.pt\/en\/wp-json\/wp\/v2\/product"}],"about":[{"href":"https:\/\/dev.eunitecidos.pt\/en\/wp-json\/wp\/v2\/types\/product"}],"replies":[{"embeddable":true,"href":"https:\/\/dev.eunitecidos.pt\/en\/wp-json\/wp\/v2\/comments?post=21119"}],"wp:featuredmedia":[{"embeddable":true,"href":"https:\/\/dev.eunitecidos.pt\/en\/wp-json\/wp\/v2\/media\/21068"}],"wp:attachment":[{"href":"https:\/\/dev.eunitecidos.pt\/en\/wp-json\/wp\/v2\/media?parent=21119"}],"wp:term":[{"taxonomy":"product_brand","embeddable":true,"href":"https:\/\/dev.eunitecidos.pt\/en\/wp-json\/wp\/v2\/product_brand?post=21119"},{"taxonomy":"product_cat","embeddable":true,"href":"https:\/\/dev.eunitecidos.pt\/en\/wp-json\/wp\/v2\/product_cat?post=21119"},{"taxonomy":"product_tag","embeddable":true,"href":"https:\/\/dev.eunitecidos.pt\/en\/wp-json\/wp\/v2\/product_tag?post=21119"}],"curies":[{"name":"wp","href":"https:\/\/api.w.org\/{rel}","templated":true}]}}