
{"id":21456,"date":"2023-01-02T13:14:12","date_gmt":"2023-01-02T13:14:12","guid":{"rendered":"https:\/\/dev.eunitecidos.pt\/?post_type=product&#038;p=21456"},"modified":"2024-02-21T10:45:17","modified_gmt":"2024-02-21T10:45:17","slug":"veludo-elasticidade-carnaval-turquesa","status":"publish","type":"product","link":"https:\/\/dev.eunitecidos.pt\/en\/loja\/texteis\/veludo-elasticidade-carnaval-turquesa\/","title":{"rendered":"Velvet | Elasticity | Carnival | Turquoise"},"content":{"rendered":"<p>Velvet | Elasticity | Carnival | Turquoise<\/p>\n<p>Velour fabric, with stretch in the width of the fabric.<\/p>\n<p>Ideal for carnival costumes<\/p>\n<p>Composition 100% Polyester<\/p>\n<p>1.5 metre width<\/p>","protected":false},"excerpt":{"rendered":"<p>Veludo | Elasticidade | Carnaval | Turquesa Tecido de veludo, com elasticidade na largura do tecido. Ideal para fatos e fantasias de carnaval Composi\u00e7\u00e3o 100% Poli\u00e9ster 1,5 mt Largura<\/p>","protected":false},"featured_media":21440,"comment_status":"closed","ping_status":"closed","template":"","meta":{"_seopress_robots_primary_cat":"69","_seopress_titles_title":"Tecido de Veludo Turquesa para Carnaval | Elasticidade 100% Poli\u00e9ster","_seopress_titles_desc":"Descubra o tecido de veludo com elasticidade, ideal para cria\u00e7\u00f5es de Carnaval. Composi\u00e7\u00e3o 100% Poli\u00e9ster e 1,5 mt de largura.","_seopress_robots_index":""},"product_brand":[],"product_cat":[2016,199,69,2568],"product_tag":[707,1992,1614,2648,891,1722],"class_list":{"0":"post-21456","1":"product","2":"type-product","3":"status-publish","4":"has-post-thumbnail","6":"product_cat-carnaval","7":"product_cat-tematicos","8":"product_cat-texteis","9":"product_cat-veludos","10":"product_tag-100-poliester","11":"product_tag-carnaval","12":"product_tag-elasticidade","13":"product_tag-tecido-tematico","14":"product_tag-turquesa","15":"product_tag-veludo","17":"first","18":"instock","19":"taxable","20":"shipping-taxable","21":"purchasable","22":"product-type-simple"},"_links":{"self":[{"href":"https:\/\/dev.eunitecidos.pt\/en\/wp-json\/wp\/v2\/product\/21456","targetHints":{"allow":["GET"]}}],"collection":[{"href":"https:\/\/dev.eunitecidos.pt\/en\/wp-json\/wp\/v2\/product"}],"about":[{"href":"https:\/\/dev.eunitecidos.pt\/en\/wp-json\/wp\/v2\/types\/product"}],"replies":[{"embeddable":true,"href":"https:\/\/dev.eunitecidos.pt\/en\/wp-json\/wp\/v2\/comments?post=21456"}],"wp:featuredmedia":[{"embeddable":true,"href":"https:\/\/dev.eunitecidos.pt\/en\/wp-json\/wp\/v2\/media\/21440"}],"wp:attachment":[{"href":"https:\/\/dev.eunitecidos.pt\/en\/wp-json\/wp\/v2\/media?parent=21456"}],"wp:term":[{"taxonomy":"product_brand","embeddable":true,"href":"https:\/\/dev.eunitecidos.pt\/en\/wp-json\/wp\/v2\/product_brand?post=21456"},{"taxonomy":"product_cat","embeddable":true,"href":"https:\/\/dev.eunitecidos.pt\/en\/wp-json\/wp\/v2\/product_cat?post=21456"},{"taxonomy":"product_tag","embeddable":true,"href":"https:\/\/dev.eunitecidos.pt\/en\/wp-json\/wp\/v2\/product_tag?post=21456"}],"curies":[{"name":"wp","href":"https:\/\/api.w.org\/{rel}","templated":true}]}}