
{"id":21458,"date":"2023-01-02T12:51:42","date_gmt":"2023-01-02T12:51:42","guid":{"rendered":"https:\/\/dev.eunitecidos.pt\/?post_type=product&#038;p=21458"},"modified":"2025-04-25T21:15:32","modified_gmt":"2025-04-25T21:15:32","slug":"veludo-elasticidade-carnaval-bordo","status":"publish","type":"product","link":"https:\/\/dev.eunitecidos.pt\/en\/loja\/texteis\/veludo-elasticidade-carnaval-bordo\/","title":{"rendered":"Velvet | Elasticity | Carnival | Bordeaux"},"content":{"rendered":"<p>Velvet | Elasticity | Carnival | Bordeaux<\/p>\n<p>Velour fabric, with stretch in the width of the fabric.<\/p>\n<p>Ideal for carnival costumes<\/p>\n<p>Composition 100% Polyester<\/p>\n<p>1.5 metre width<\/p>","protected":false},"excerpt":{"rendered":"<p>Veludo | Elasticidade | Carnaval | Bord\u00f4 Tecido de veludo, com elasticidade na largura do tecido. Ideal para fatos e fantasias de carnaval Composi\u00e7\u00e3o 100% Poli\u00e9ster 1,5 mt Largura<\/p>","protected":false},"featured_media":21438,"comment_status":"closed","ping_status":"closed","template":"","meta":{"_seopress_robots_primary_cat":"69","_seopress_titles_title":"Tecido de veludo bord\u00f4 el\u00e1stico para carnaval","_seopress_titles_desc":"Descubra o tecido de veludo bord\u00f4 com elasticidade, ideal para cria\u00e7\u00e3o de fatos e fantasias de Carnaval. Composi\u00e7\u00e3o 100% Poli\u00e9ster, largura de 1,5 mt.","_seopress_robots_index":""},"product_brand":[],"product_cat":[2016,199,69,2568],"product_tag":[707,778,1992,1614,2648,1722],"class_list":{"0":"post-21458","1":"product","2":"type-product","3":"status-publish","4":"has-post-thumbnail","6":"product_cat-carnaval","7":"product_cat-tematicos","8":"product_cat-texteis","9":"product_cat-veludos","10":"product_tag-100-poliester","11":"product_tag-bordo","12":"product_tag-carnaval","13":"product_tag-elasticidade","14":"product_tag-tecido-tematico","15":"product_tag-veludo","17":"first","18":"instock","19":"taxable","20":"shipping-taxable","21":"purchasable","22":"product-type-simple"},"_links":{"self":[{"href":"https:\/\/dev.eunitecidos.pt\/en\/wp-json\/wp\/v2\/product\/21458","targetHints":{"allow":["GET"]}}],"collection":[{"href":"https:\/\/dev.eunitecidos.pt\/en\/wp-json\/wp\/v2\/product"}],"about":[{"href":"https:\/\/dev.eunitecidos.pt\/en\/wp-json\/wp\/v2\/types\/product"}],"replies":[{"embeddable":true,"href":"https:\/\/dev.eunitecidos.pt\/en\/wp-json\/wp\/v2\/comments?post=21458"}],"wp:featuredmedia":[{"embeddable":true,"href":"https:\/\/dev.eunitecidos.pt\/en\/wp-json\/wp\/v2\/media\/21438"}],"wp:attachment":[{"href":"https:\/\/dev.eunitecidos.pt\/en\/wp-json\/wp\/v2\/media?parent=21458"}],"wp:term":[{"taxonomy":"product_brand","embeddable":true,"href":"https:\/\/dev.eunitecidos.pt\/en\/wp-json\/wp\/v2\/product_brand?post=21458"},{"taxonomy":"product_cat","embeddable":true,"href":"https:\/\/dev.eunitecidos.pt\/en\/wp-json\/wp\/v2\/product_cat?post=21458"},{"taxonomy":"product_tag","embeddable":true,"href":"https:\/\/dev.eunitecidos.pt\/en\/wp-json\/wp\/v2\/product_tag?post=21458"}],"curies":[{"name":"wp","href":"https:\/\/api.w.org\/{rel}","templated":true}]}}