
{"id":21497,"date":"2023-01-02T11:39:47","date_gmt":"2023-01-02T11:39:47","guid":{"rendered":"https:\/\/dev.eunitecidos.pt\/?post_type=product&#038;p=21497"},"modified":"2023-01-02T11:39:48","modified_gmt":"2023-01-02T11:39:48","slug":"tule-elasticidade-carnaval-brilhantes-bege","status":"publish","type":"product","link":"https:\/\/dev.eunitecidos.pt\/en\/loja\/texteis\/tule-elasticidade-carnaval-brilhantes-bege\/","title":{"rendered":"Tulle | Elasticity | Carnival | Glitter | Beige"},"content":{"rendered":"<p>Tulle | Elasticity | Carnival | Glitter | Beige<\/p>\n<p>Very fluid and elastic tulle.<\/p>\n<p>Brights in the colour of the fabric<\/p>\n<p>Composition 71% Nylon 29% Spandex<\/p>\n<p>1.50mt Width<\/p>","protected":false},"excerpt":{"rendered":"<p>Tule | Elasticidade | Carnaval | Brilhantes | Bege Tule bastante fluido e com elasticidade. Brilhantes na cor do tecido Composi\u00e7\u00e3o 71% Nylon 29% Spandex 1,50mt Largura<\/p>","protected":false},"featured_media":21408,"comment_status":"closed","ping_status":"closed","template":"","meta":{"_seopress_robots_primary_cat":"69","_seopress_titles_title":"Tule Carnaval Bege | Elasticidade e Brilho | 71% Nylon","_seopress_titles_desc":"Descubra o tule fluido e el\u00e1stico com brilhantes na cor bege, perfeito para o Carnaval. Composi\u00e7\u00e3o: 71% Nylon, 29% Spandex. Encomende j\u00e1!","_seopress_robots_index":""},"product_brand":[],"product_cat":[2016,199,69,151],"product_tag":[319,1357,1992,2646,2647,2648,2022,2670],"class_list":{"0":"post-21497","1":"product","2":"type-product","3":"status-publish","4":"has-post-thumbnail","6":"product_cat-carnaval","7":"product_cat-tematicos","8":"product_cat-texteis","9":"product_cat-tule","10":"product_tag-bege","11":"product_tag-brilhantes","12":"product_tag-carnaval","13":"product_tag-nylon","14":"product_tag-spandex","15":"product_tag-tecido-tematico","16":"product_tag-tecido-tule","17":"product_tag-tule-com-elasticidade","19":"first","20":"instock","21":"taxable","22":"shipping-taxable","23":"purchasable","24":"product-type-simple"},"_links":{"self":[{"href":"https:\/\/dev.eunitecidos.pt\/en\/wp-json\/wp\/v2\/product\/21497","targetHints":{"allow":["GET"]}}],"collection":[{"href":"https:\/\/dev.eunitecidos.pt\/en\/wp-json\/wp\/v2\/product"}],"about":[{"href":"https:\/\/dev.eunitecidos.pt\/en\/wp-json\/wp\/v2\/types\/product"}],"replies":[{"embeddable":true,"href":"https:\/\/dev.eunitecidos.pt\/en\/wp-json\/wp\/v2\/comments?post=21497"}],"wp:featuredmedia":[{"embeddable":true,"href":"https:\/\/dev.eunitecidos.pt\/en\/wp-json\/wp\/v2\/media\/21408"}],"wp:attachment":[{"href":"https:\/\/dev.eunitecidos.pt\/en\/wp-json\/wp\/v2\/media?parent=21497"}],"wp:term":[{"taxonomy":"product_brand","embeddable":true,"href":"https:\/\/dev.eunitecidos.pt\/en\/wp-json\/wp\/v2\/product_brand?post=21497"},{"taxonomy":"product_cat","embeddable":true,"href":"https:\/\/dev.eunitecidos.pt\/en\/wp-json\/wp\/v2\/product_cat?post=21497"},{"taxonomy":"product_tag","embeddable":true,"href":"https:\/\/dev.eunitecidos.pt\/en\/wp-json\/wp\/v2\/product_tag?post=21497"}],"curies":[{"name":"wp","href":"https:\/\/api.w.org\/{rel}","templated":true}]}}