
{"id":21586,"date":"2023-01-14T17:51:00","date_gmt":"2023-01-14T17:51:00","guid":{"rendered":"https:\/\/dev.eunitecidos.pt\/?post_type=product&#038;p=21586"},"modified":"2026-01-28T11:07:44","modified_gmt":"2026-01-28T11:07:44","slug":"tecidos-plastificados-estampado-flamingo","status":"publish","type":"product","link":"https:\/\/dev.eunitecidos.pt\/en\/loja\/plastificados\/tecidos-plastificados-estampado-flamingo\/","title":{"rendered":"Plasticised Fabrics | Printed | Flamingo"},"content":{"rendered":"<p>Plasticised Fabrics | Printed | Flamingo<\/p>\n<p>100% Cotton Plasticised Fabrics<\/p>\n<p>1.40 Width<\/p>\n<p>Waterproof fabrics, great for bags, suitcases, lunch boxes, beach cushions, because they are easy to clean.<\/p>","protected":false},"excerpt":{"rendered":"<p>Tecidos Plastificados | Estampado | Flamingo Tecidos 100% Algod\u00e3o Plastificados 1.40 Largura Tecidos imperme\u00e1veis, \u00f3timos para sacos, malas, lancheiras, almofadas de praia, pela sua facilidade de limpeza.<\/p>","protected":false},"featured_media":21528,"comment_status":"closed","ping_status":"closed","template":"","meta":{"_seopress_robots_primary_cat":"92","_seopress_titles_title":"Tecidos Plastificados Estampado Flamingo | 100% Algod\u00e3o","_seopress_titles_desc":"Tecidos 100% Algod\u00e3o Plastificados 1.40 Largura. Ideais para sacos, malas, lancheiras, almofadas de praia. F\u00e1ceis de limpar e com estampas de flamingos.","_seopress_robots_index":""},"product_brand":[],"product_cat":[253,92,162],"product_tag":[315,340,454,2260,491,320,2266,2883],"class_list":{"0":"post-21586","1":"product","2":"type-product","3":"status-publish","4":"has-post-thumbnail","6":"product_cat-estampados-plastificados-plastificados","7":"product_cat-plastificados","8":"product_cat-plastificados-plastificados","9":"product_tag-100-algodao","10":"product_tag-estampado","11":"product_tag-flamingos","12":"product_tag-fundo-turquesa","13":"product_tag-preto","14":"product_tag-rosa","15":"product_tag-tecido-plastificado","16":"product_tag-verao-praia","18":"first","19":"instock","20":"taxable","21":"shipping-taxable","22":"purchasable","23":"product-type-simple"},"_links":{"self":[{"href":"https:\/\/dev.eunitecidos.pt\/en\/wp-json\/wp\/v2\/product\/21586","targetHints":{"allow":["GET"]}}],"collection":[{"href":"https:\/\/dev.eunitecidos.pt\/en\/wp-json\/wp\/v2\/product"}],"about":[{"href":"https:\/\/dev.eunitecidos.pt\/en\/wp-json\/wp\/v2\/types\/product"}],"replies":[{"embeddable":true,"href":"https:\/\/dev.eunitecidos.pt\/en\/wp-json\/wp\/v2\/comments?post=21586"}],"wp:featuredmedia":[{"embeddable":true,"href":"https:\/\/dev.eunitecidos.pt\/en\/wp-json\/wp\/v2\/media\/21528"}],"wp:attachment":[{"href":"https:\/\/dev.eunitecidos.pt\/en\/wp-json\/wp\/v2\/media?parent=21586"}],"wp:term":[{"taxonomy":"product_brand","embeddable":true,"href":"https:\/\/dev.eunitecidos.pt\/en\/wp-json\/wp\/v2\/product_brand?post=21586"},{"taxonomy":"product_cat","embeddable":true,"href":"https:\/\/dev.eunitecidos.pt\/en\/wp-json\/wp\/v2\/product_cat?post=21586"},{"taxonomy":"product_tag","embeddable":true,"href":"https:\/\/dev.eunitecidos.pt\/en\/wp-json\/wp\/v2\/product_tag?post=21586"}],"curies":[{"name":"wp","href":"https:\/\/api.w.org\/{rel}","templated":true}]}}