
{"id":21780,"date":"2023-01-08T17:42:13","date_gmt":"2023-01-08T17:42:13","guid":{"rendered":"https:\/\/dev.eunitecidos.pt\/?post_type=product&#038;p=21780"},"modified":"2025-12-11T20:11:38","modified_gmt":"2025-12-11T20:11:38","slug":"tecidos-100-algodao-basicos-vermelho-estrela","status":"publish","type":"product","link":"https:\/\/dev.eunitecidos.pt\/en\/loja\/texteis\/tecidos-100-algodao-basicos-vermelho-estrela\/","title":{"rendered":"Fabrics 100% Cotton | Basic | Red | Star"},"content":{"rendered":"<p>Fabrics 100% Cotton | Basic | Red | Star<\/p>\n<p>100% Cotton<\/p>\n<p>1.40 Width<\/p>","protected":false},"excerpt":{"rendered":"<p>Tecidos 100% Algod\u00e3o | B\u00e1sicos | Vermelho | Estrela 100% Algod\u00e3o 1.40 Largura<\/p>","protected":false},"featured_media":21807,"comment_status":"closed","ping_status":"closed","template":"","meta":{"_seopress_robots_primary_cat":"69","_seopress_titles_title":"Tecidos 100% Algod\u00e3o Vermelho | Estrela | 1.40 Largura","_seopress_titles_desc":"Descubra os b\u00e1sicos em tecidos 100% algod\u00e3o na cor vermelha da Estrela com largura de 1.40 metros. Qualidade e conforto garantidos!","_seopress_robots_index":""},"product_brand":[],"product_cat":[194,189,191,135,69],"product_tag":[315,443,404,321,1994,2005,1712,453],"class_list":{"0":"post-21780","1":"product","2":"type-product","3":"status-publish","4":"has-post-thumbnail","6":"product_cat-algodao-organico","7":"product_cat-basicos","8":"product_cat-estrelas","9":"product_cat-tecido-100-algodao","10":"product_cat-texteis","11":"product_tag-100-algodao","12":"product_tag-algodao-organico","13":"product_tag-basicos","14":"product_tag-branco","15":"product_tag-estrela-branca","16":"product_tag-fundo-vermelho","17":"product_tag-tecido-algodao","18":"product_tag-vermelho","20":"first","21":"outofstock","22":"taxable","23":"shipping-taxable","24":"purchasable","25":"product-type-simple"},"_links":{"self":[{"href":"https:\/\/dev.eunitecidos.pt\/en\/wp-json\/wp\/v2\/product\/21780","targetHints":{"allow":["GET"]}}],"collection":[{"href":"https:\/\/dev.eunitecidos.pt\/en\/wp-json\/wp\/v2\/product"}],"about":[{"href":"https:\/\/dev.eunitecidos.pt\/en\/wp-json\/wp\/v2\/types\/product"}],"replies":[{"embeddable":true,"href":"https:\/\/dev.eunitecidos.pt\/en\/wp-json\/wp\/v2\/comments?post=21780"}],"wp:featuredmedia":[{"embeddable":true,"href":"https:\/\/dev.eunitecidos.pt\/en\/wp-json\/wp\/v2\/media\/21807"}],"wp:attachment":[{"href":"https:\/\/dev.eunitecidos.pt\/en\/wp-json\/wp\/v2\/media?parent=21780"}],"wp:term":[{"taxonomy":"product_brand","embeddable":true,"href":"https:\/\/dev.eunitecidos.pt\/en\/wp-json\/wp\/v2\/product_brand?post=21780"},{"taxonomy":"product_cat","embeddable":true,"href":"https:\/\/dev.eunitecidos.pt\/en\/wp-json\/wp\/v2\/product_cat?post=21780"},{"taxonomy":"product_tag","embeddable":true,"href":"https:\/\/dev.eunitecidos.pt\/en\/wp-json\/wp\/v2\/product_tag?post=21780"}],"curies":[{"name":"wp","href":"https:\/\/api.w.org\/{rel}","templated":true}]}}