
{"id":21919,"date":"2023-01-07T15:14:18","date_gmt":"2023-01-07T15:14:18","guid":{"rendered":"https:\/\/dev.eunitecidos.pt\/?post_type=product&#038;p=21919"},"modified":"2025-08-20T13:16:42","modified_gmt":"2025-08-20T13:16:42","slug":"tecido-algodao-100-algodao-organico-liso-branco","status":"publish","type":"product","link":"https:\/\/dev.eunitecidos.pt\/en\/loja\/texteis\/tecido-algodao-100-algodao-organico-liso-branco\/","title":{"rendered":"Cotton Fabric | 100% Organic Cotton | Plain | White"},"content":{"rendered":"<p>Cotton Fabric | 100% Organic Cotton | Plain | White<\/p>\n<p>Fabric 100% Organic Cotton<\/p>\n<p>OEKO-TEX certified<\/p>\n<p>2.80 metres wide<\/p>","protected":false},"excerpt":{"rendered":"<p>Fabric Cotton | 100% Organic Cotton | Plain | White Fabric 100% Organic Cotton OEKO-TEX Certified 2,80Mt Wide<\/p>","protected":false},"featured_media":21908,"comment_status":"closed","ping_status":"closed","template":"","meta":{"_seopress_robots_primary_cat":"69","_seopress_titles_title":"Tecido Algod\u00e3o Org\u00e2nico Certificado OEKO-TEX | Branco Liso","_seopress_titles_desc":"Descubra o tecido de 100% Algod\u00e3o Org\u00e2nico Certificado OEKO-TEX, ideal para projetos sustent\u00e1veis. Compre agora e garanta qualidade e responsabilidade ambiental!","_seopress_robots_index":""},"product_brand":[],"product_cat":[194,187,135,69],"product_tag":[315,443,321,677,1712],"class_list":{"0":"post-21919","1":"product","2":"type-product","3":"status-publish","4":"has-post-thumbnail","6":"product_cat-algodao-organico","7":"product_cat-lisos","8":"product_cat-tecido-100-algodao","9":"product_cat-texteis","10":"product_tag-100-algodao","11":"product_tag-algodao-organico","12":"product_tag-branco","13":"product_tag-liso","14":"product_tag-tecido-algodao","16":"first","17":"instock","18":"taxable","19":"shipping-taxable","20":"purchasable","21":"product-type-simple"},"_links":{"self":[{"href":"https:\/\/dev.eunitecidos.pt\/en\/wp-json\/wp\/v2\/product\/21919","targetHints":{"allow":["GET"]}}],"collection":[{"href":"https:\/\/dev.eunitecidos.pt\/en\/wp-json\/wp\/v2\/product"}],"about":[{"href":"https:\/\/dev.eunitecidos.pt\/en\/wp-json\/wp\/v2\/types\/product"}],"replies":[{"embeddable":true,"href":"https:\/\/dev.eunitecidos.pt\/en\/wp-json\/wp\/v2\/comments?post=21919"}],"wp:featuredmedia":[{"embeddable":true,"href":"https:\/\/dev.eunitecidos.pt\/en\/wp-json\/wp\/v2\/media\/21908"}],"wp:attachment":[{"href":"https:\/\/dev.eunitecidos.pt\/en\/wp-json\/wp\/v2\/media?parent=21919"}],"wp:term":[{"taxonomy":"product_brand","embeddable":true,"href":"https:\/\/dev.eunitecidos.pt\/en\/wp-json\/wp\/v2\/product_brand?post=21919"},{"taxonomy":"product_cat","embeddable":true,"href":"https:\/\/dev.eunitecidos.pt\/en\/wp-json\/wp\/v2\/product_cat?post=21919"},{"taxonomy":"product_tag","embeddable":true,"href":"https:\/\/dev.eunitecidos.pt\/en\/wp-json\/wp\/v2\/product_tag?post=21919"}],"curies":[{"name":"wp","href":"https:\/\/api.w.org\/{rel}","templated":true}]}}