
{"id":22270,"date":"2023-01-20T19:40:49","date_gmt":"2023-01-20T19:40:49","guid":{"rendered":"https:\/\/dev.eunitecidos.pt\/?post_type=product&#038;p=22270"},"modified":"2025-01-10T14:33:01","modified_gmt":"2025-01-10T14:33:01","slug":"tecido-100-poliester-carnaval-losango-azul","status":"publish","type":"product","link":"https:\/\/dev.eunitecidos.pt\/en\/loja\/texteis\/tecido-100-poliester-carnaval-losango-azul\/","title":{"rendered":"Fabric 100% Polyester | Carnival | Losango Blue"},"content":{"rendered":"<p>Fabric 100% Polyester | Carnival | Losango Blue<\/p>\n<p>Ideal fabric for Carnival costumes. Fabric similar to minimat, with slight elasticity,<\/p>\n<p>with a light, flowing fall.<\/p>\n<p>Composition 100% Polyester<\/p>\n<p>1.50 wide<\/p>","protected":false},"excerpt":{"rendered":"<p>Fabric 100% Polyester | Carnival | Blue Rhombus Ideal fabric for Carnival costumes. Fabric similar to minimat, with slight elasticity and a light, flowing fall. Composition 100% Polyester 1.50 wide<\/p>","protected":false},"featured_media":22214,"comment_status":"closed","ping_status":"closed","template":"","meta":{"_seopress_robots_primary_cat":"69","_seopress_titles_title":"Tecido 100% Poli\u00e9ster para Fantasias de Carnaval","_seopress_titles_desc":"Encontre o tecido ideal para as suas fantasias de Carnaval. Composi\u00e7\u00e3o de 100% Poli\u00e9ster, ligeira elasticidade e ca\u00edda leve e fluida. 1,50m de largura.","_seopress_robots_index":""},"product_brand":[],"product_cat":[2016,156,199,69],"product_tag":[707,601,884,321,1992,340,2053,2657,491],"class_list":{"0":"post-22270","1":"product","2":"type-product","3":"status-publish","4":"has-post-thumbnail","6":"product_cat-carnaval","7":"product_cat-minimate","8":"product_cat-tematicos","9":"product_cat-texteis","10":"product_tag-100-poliester","11":"product_tag-azul-bebe","12":"product_tag-azulao","13":"product_tag-branco","14":"product_tag-carnaval","15":"product_tag-estampado","16":"product_tag-losangos","17":"product_tag-minimat","18":"product_tag-preto","20":"first","21":"instock","22":"taxable","23":"shipping-taxable","24":"purchasable","25":"product-type-simple"},"_links":{"self":[{"href":"https:\/\/dev.eunitecidos.pt\/en\/wp-json\/wp\/v2\/product\/22270","targetHints":{"allow":["GET"]}}],"collection":[{"href":"https:\/\/dev.eunitecidos.pt\/en\/wp-json\/wp\/v2\/product"}],"about":[{"href":"https:\/\/dev.eunitecidos.pt\/en\/wp-json\/wp\/v2\/types\/product"}],"replies":[{"embeddable":true,"href":"https:\/\/dev.eunitecidos.pt\/en\/wp-json\/wp\/v2\/comments?post=22270"}],"wp:featuredmedia":[{"embeddable":true,"href":"https:\/\/dev.eunitecidos.pt\/en\/wp-json\/wp\/v2\/media\/22214"}],"wp:attachment":[{"href":"https:\/\/dev.eunitecidos.pt\/en\/wp-json\/wp\/v2\/media?parent=22270"}],"wp:term":[{"taxonomy":"product_brand","embeddable":true,"href":"https:\/\/dev.eunitecidos.pt\/en\/wp-json\/wp\/v2\/product_brand?post=22270"},{"taxonomy":"product_cat","embeddable":true,"href":"https:\/\/dev.eunitecidos.pt\/en\/wp-json\/wp\/v2\/product_cat?post=22270"},{"taxonomy":"product_tag","embeddable":true,"href":"https:\/\/dev.eunitecidos.pt\/en\/wp-json\/wp\/v2\/product_tag?post=22270"}],"curies":[{"name":"wp","href":"https:\/\/api.w.org\/{rel}","templated":true}]}}