
{"id":22948,"date":"2023-02-27T17:18:58","date_gmt":"2023-02-27T17:18:58","guid":{"rendered":"https:\/\/dev.eunitecidos.pt\/?post_type=product&#038;p=22948"},"modified":"2026-01-03T15:58:01","modified_gmt":"2026-01-03T15:58:01","slug":"precinta-algodao-3-cm-espinha-mostarda-213","status":"publish","type":"product","link":"https:\/\/dev.eunitecidos.pt\/en\/loja\/retrosaria\/precinta-algodao-3-cm-espinha-mostarda-213\/","title":{"rendered":"Precinta Cotton | 3 cm | Herringbone | Mustard 213"},"content":{"rendered":"<p>Precinta Cotton | 3 cm | Herringbone | Mustard 213<\/p>\n<p>3cm wide cotton strap with herringbone pattern<\/p>","protected":false},"excerpt":{"rendered":"<p>Precinta Algod\u00e3o | 3 cm | Espinha | Mostarda 213 Precinta de 3cm de largura, em algod\u00e3o com padr\u00e3o em espinha<\/p>","protected":false},"featured_media":22923,"comment_status":"closed","ping_status":"closed","template":"","meta":{"_seopress_robots_primary_cat":"72","_seopress_titles_title":"Precinta Algod\u00e3o 3cm Espinha Mostarda 213","_seopress_titles_desc":"","_seopress_robots_index":""},"product_brand":[],"product_cat":[178,72],"product_tag":[405,2712,634,616],"class_list":{"0":"post-22948","1":"product","2":"type-product","3":"status-publish","4":"has-post-thumbnail","6":"product_cat-precintas","7":"product_cat-retrosaria","8":"product_tag-mostarda","9":"product_tag-padrao-espinha","10":"product_tag-precinta-3cm","11":"product_tag-precinta-de-algodao","13":"first","14":"instock","15":"taxable","16":"shipping-taxable","17":"purchasable","18":"product-type-simple"},"_links":{"self":[{"href":"https:\/\/dev.eunitecidos.pt\/en\/wp-json\/wp\/v2\/product\/22948","targetHints":{"allow":["GET"]}}],"collection":[{"href":"https:\/\/dev.eunitecidos.pt\/en\/wp-json\/wp\/v2\/product"}],"about":[{"href":"https:\/\/dev.eunitecidos.pt\/en\/wp-json\/wp\/v2\/types\/product"}],"replies":[{"embeddable":true,"href":"https:\/\/dev.eunitecidos.pt\/en\/wp-json\/wp\/v2\/comments?post=22948"}],"wp:featuredmedia":[{"embeddable":true,"href":"https:\/\/dev.eunitecidos.pt\/en\/wp-json\/wp\/v2\/media\/22923"}],"wp:attachment":[{"href":"https:\/\/dev.eunitecidos.pt\/en\/wp-json\/wp\/v2\/media?parent=22948"}],"wp:term":[{"taxonomy":"product_brand","embeddable":true,"href":"https:\/\/dev.eunitecidos.pt\/en\/wp-json\/wp\/v2\/product_brand?post=22948"},{"taxonomy":"product_cat","embeddable":true,"href":"https:\/\/dev.eunitecidos.pt\/en\/wp-json\/wp\/v2\/product_cat?post=22948"},{"taxonomy":"product_tag","embeddable":true,"href":"https:\/\/dev.eunitecidos.pt\/en\/wp-json\/wp\/v2\/product_tag?post=22948"}],"curies":[{"name":"wp","href":"https:\/\/api.w.org\/{rel}","templated":true}]}}