
{"id":23014,"date":"2023-02-20T15:09:51","date_gmt":"2023-02-20T15:09:51","guid":{"rendered":"https:\/\/dev.eunitecidos.pt\/?post_type=product&#038;p=23014"},"modified":"2025-01-21T15:48:34","modified_gmt":"2025-01-21T15:48:34","slug":"fustao-piquet-100-algodao-selva-no-carrinho","status":"publish","type":"product","link":"https:\/\/dev.eunitecidos.pt\/en\/loja\/texteis\/fustao-piquet-100-algodao-selva-no-carrinho\/","title":{"rendered":"Fust\u00e3o | Piquet | 100% Cotton | Jungle in the pram"},"content":{"rendered":"<p>Fust\u00e3o | Piquet | 100% Cotton | Jungle in the pram<\/p>\n<p>100% Cotton fabric, soft, smooth and comfortable.<\/p>\n<p>Widely used in children's crafts, especially maternity items.<\/p>\n<p>OEKO-TEX certified<\/p>\n<p>1.60 metres wide<\/p>","protected":false},"excerpt":{"rendered":"<p>Fustian | Piquet | 100% Cotton | Jungle in the Carriage Fabric 100% Cotton, soft, smooth and comfortable. Widely used in children's handicrafts, especially maternity items. OEKO-TEX certified 1.60 metres wide<\/p>","protected":false},"featured_media":22998,"comment_status":"closed","ping_status":"closed","template":"","meta":{"_seopress_robots_primary_cat":"69","_seopress_titles_title":"Tecido de Algod\u00e3o Fust\u00e3o Piquet 100%: Suave e Confort\u00e1vel","_seopress_titles_desc":"Descubra o tecido de fust\u00e3o 100% algod\u00e3o, macio e suave, perfeito para artesanato infantil e artigos de maternidade. Certificado OEKO-TEX, 1,60mt largura.","_seopress_robots_index":""},"product_brand":[],"product_cat":[194,208,202,135,69],"product_tag":[315,443,307,1824,358,346,2617,516,1631,1813,1825,1619,302,1995,312,1828,1629,424,1827,2314,893,333,313,2490,2577,1712,549],"class_list":{"0":"post-23014","1":"product","2":"type-product","3":"status-publish","4":"has-post-thumbnail","6":"product_cat-algodao-organico","7":"product_cat-estampados-piquet-fustao","8":"product_cat-piquet-fustao","9":"product_cat-tecido-100-algodao","10":"product_cat-texteis","11":"product_tag-100-algodao","12":"product_tag-algodao-organico","13":"product_tag-amarelo","14":"product_tag-animais-da-selva","15":"product_tag-arco-iris","16":"product_tag-beges","17":"product_tag-carrinhos","18":"product_tag-castanho","19":"product_tag-cinza-claro","20":"product_tag-coelhinhos","21":"product_tag-elefante","22":"product_tag-estampado-infantil","23":"product_tag-estrelas","24":"product_tag-fundo-branco","25":"product_tag-fustao","26":"product_tag-girafa","27":"product_tag-hipopotamo","28":"product_tag-laranja","29":"product_tag-leao","30":"product_tag-macaco","31":"product_tag-menta","32":"product_tag-nuvens","33":"product_tag-piquet","34":"product_tag-raposa","35":"product_tag-ratos","36":"product_tag-tecido-algodao","37":"product_tag-urso","39":"first","40":"instock","41":"taxable","42":"shipping-taxable","43":"purchasable","44":"product-type-simple"},"_links":{"self":[{"href":"https:\/\/dev.eunitecidos.pt\/en\/wp-json\/wp\/v2\/product\/23014","targetHints":{"allow":["GET"]}}],"collection":[{"href":"https:\/\/dev.eunitecidos.pt\/en\/wp-json\/wp\/v2\/product"}],"about":[{"href":"https:\/\/dev.eunitecidos.pt\/en\/wp-json\/wp\/v2\/types\/product"}],"replies":[{"embeddable":true,"href":"https:\/\/dev.eunitecidos.pt\/en\/wp-json\/wp\/v2\/comments?post=23014"}],"wp:featuredmedia":[{"embeddable":true,"href":"https:\/\/dev.eunitecidos.pt\/en\/wp-json\/wp\/v2\/media\/22998"}],"wp:attachment":[{"href":"https:\/\/dev.eunitecidos.pt\/en\/wp-json\/wp\/v2\/media?parent=23014"}],"wp:term":[{"taxonomy":"product_brand","embeddable":true,"href":"https:\/\/dev.eunitecidos.pt\/en\/wp-json\/wp\/v2\/product_brand?post=23014"},{"taxonomy":"product_cat","embeddable":true,"href":"https:\/\/dev.eunitecidos.pt\/en\/wp-json\/wp\/v2\/product_cat?post=23014"},{"taxonomy":"product_tag","embeddable":true,"href":"https:\/\/dev.eunitecidos.pt\/en\/wp-json\/wp\/v2\/product_tag?post=23014"}],"curies":[{"name":"wp","href":"https:\/\/api.w.org\/{rel}","templated":true}]}}