
{"id":23160,"date":"2023-02-24T16:32:50","date_gmt":"2023-02-24T16:32:50","guid":{"rendered":"https:\/\/dev.eunitecidos.pt\/?post_type=product&#038;p=23160"},"modified":"2025-12-23T15:45:42","modified_gmt":"2025-12-23T15:45:42","slug":"tecido-algodao-pascoa-happy-easter","status":"publish","type":"product","link":"https:\/\/dev.eunitecidos.pt\/en\/loja\/texteis\/tecido-algodao-pascoa-happy-easter\/","title":{"rendered":"Cotton fabric | Easter | Happy Easter"},"content":{"rendered":"<p>Cotton fabric | Easter | Happy Easter<\/p>\n<p>Fabric 100% Cotton<\/p>\n<p>Organic cotton<\/p>\n<p>OEKO-TEX and GOTS certified<\/p>\n<p>1.50 Width<\/p>","protected":false},"excerpt":{"rendered":"<p>Tecido Algod\u00e3o | P\u00e1scoa | Happy Easter Tecido 100% Algod\u00e3o Algod\u00e3o Org\u00e2nico Certificado OEKO-TEX e GOTS 1,50 Largura<\/p>","protected":false},"featured_media":23158,"comment_status":"closed","ping_status":"closed","template":"","meta":{"_seopress_robots_primary_cat":"69","_seopress_titles_title":"Tecido Algod\u00e3o para P\u00e1scoa - Algod\u00e3o 100% Org\u00e2nico","_seopress_titles_desc":"","_seopress_robots_index":""},"product_brand":[],"product_cat":[194,2021,135,199,69],"product_tag":[315,443,307,884,321,340,2720,424,2013,491,427,1712,891,102,453],"class_list":{"0":"post-23160","1":"product","2":"type-product","3":"status-publish","4":"has-post-thumbnail","6":"product_cat-algodao-organico","7":"product_cat-pascoa","8":"product_cat-tecido-100-algodao","9":"product_cat-tematicos","10":"product_cat-texteis","11":"product_tag-100-algodao","12":"product_tag-algodao-organico","13":"product_tag-amarelo","14":"product_tag-azulao","15":"product_tag-branco","16":"product_tag-estampado","17":"product_tag-happy-easter","18":"product_tag-laranja","19":"product_tag-pascoa","20":"product_tag-preto","21":"product_tag-roxo","22":"product_tag-tecido-algodao","23":"product_tag-turquesa","24":"product_tag-verde","25":"product_tag-vermelho","27":"first","28":"instock","29":"taxable","30":"shipping-taxable","31":"purchasable","32":"product-type-simple"},"_links":{"self":[{"href":"https:\/\/dev.eunitecidos.pt\/en\/wp-json\/wp\/v2\/product\/23160","targetHints":{"allow":["GET"]}}],"collection":[{"href":"https:\/\/dev.eunitecidos.pt\/en\/wp-json\/wp\/v2\/product"}],"about":[{"href":"https:\/\/dev.eunitecidos.pt\/en\/wp-json\/wp\/v2\/types\/product"}],"replies":[{"embeddable":true,"href":"https:\/\/dev.eunitecidos.pt\/en\/wp-json\/wp\/v2\/comments?post=23160"}],"wp:featuredmedia":[{"embeddable":true,"href":"https:\/\/dev.eunitecidos.pt\/en\/wp-json\/wp\/v2\/media\/23158"}],"wp:attachment":[{"href":"https:\/\/dev.eunitecidos.pt\/en\/wp-json\/wp\/v2\/media?parent=23160"}],"wp:term":[{"taxonomy":"product_brand","embeddable":true,"href":"https:\/\/dev.eunitecidos.pt\/en\/wp-json\/wp\/v2\/product_brand?post=23160"},{"taxonomy":"product_cat","embeddable":true,"href":"https:\/\/dev.eunitecidos.pt\/en\/wp-json\/wp\/v2\/product_cat?post=23160"},{"taxonomy":"product_tag","embeddable":true,"href":"https:\/\/dev.eunitecidos.pt\/en\/wp-json\/wp\/v2\/product_tag?post=23160"}],"curies":[{"name":"wp","href":"https:\/\/api.w.org\/{rel}","templated":true}]}}