
{"id":23548,"date":"2023-03-07T19:42:07","date_gmt":"2023-03-07T19:42:07","guid":{"rendered":"https:\/\/dev.eunitecidos.pt\/?post_type=product&#038;p=23548"},"modified":"2025-11-27T16:42:46","modified_gmt":"2025-11-27T16:42:46","slug":"tecido-canvas-liso-preto","status":"publish","type":"product","link":"https:\/\/dev.eunitecidos.pt\/en\/loja\/texteis\/tecido-canvas-liso-preto\/","title":{"rendered":"Tecido Canvas | Liso | Preto (001)"},"content":{"rendered":"<p>Canvas Fabric | Plain | Black<\/p>\n<p>Fabric 100% Cotton<\/p>\n<p>Organic cotton<\/p>\n<p>OEKO-TEX and GOTS certified<\/p>\n<p>1.40 Width 225 gr\/m2<\/p>","protected":false},"excerpt":{"rendered":"<p>Tecido Canvas | Liso | Preto Tecido 100% Algod\u00e3o Algod\u00e3o Org\u00e2nico Certificado OEKO-TEX e GOTS 1,40 Largura 225 gr\/m2<\/p>","protected":false},"featured_media":23539,"comment_status":"closed","ping_status":"closed","template":"","meta":{"_seopress_robots_primary_cat":"69","_seopress_titles_title":"Tecido Canvas Preto 100% Algod\u00e3o Org\u00e2nico Certificado OEKO-TEX e GOTS","_seopress_titles_desc":"Descubra o tecido Canvas preto, 100% algod\u00e3o org\u00e2nico certificado OEKO-TEX e GOTS. Liso, com largura de 1,40 e 225 gr\/m2. Perfeito para os seus projetos de costura.","_seopress_robots_index":""},"product_brand":[],"product_cat":[194,732,135,69],"product_tag":[315,443,677,491,1712,1862],"class_list":{"0":"post-23548","1":"product","2":"type-product","3":"status-publish","4":"has-post-thumbnail","6":"product_cat-algodao-organico","7":"product_cat-alinhados-canvas","8":"product_cat-tecido-100-algodao","9":"product_cat-texteis","10":"product_tag-100-algodao","11":"product_tag-algodao-organico","12":"product_tag-liso","13":"product_tag-preto","14":"product_tag-tecido-algodao","15":"product_tag-tecido-canvas","17":"first","18":"instock","19":"taxable","20":"shipping-taxable","21":"purchasable","22":"product-type-simple"},"_links":{"self":[{"href":"https:\/\/dev.eunitecidos.pt\/en\/wp-json\/wp\/v2\/product\/23548","targetHints":{"allow":["GET"]}}],"collection":[{"href":"https:\/\/dev.eunitecidos.pt\/en\/wp-json\/wp\/v2\/product"}],"about":[{"href":"https:\/\/dev.eunitecidos.pt\/en\/wp-json\/wp\/v2\/types\/product"}],"replies":[{"embeddable":true,"href":"https:\/\/dev.eunitecidos.pt\/en\/wp-json\/wp\/v2\/comments?post=23548"}],"wp:featuredmedia":[{"embeddable":true,"href":"https:\/\/dev.eunitecidos.pt\/en\/wp-json\/wp\/v2\/media\/23539"}],"wp:attachment":[{"href":"https:\/\/dev.eunitecidos.pt\/en\/wp-json\/wp\/v2\/media?parent=23548"}],"wp:term":[{"taxonomy":"product_brand","embeddable":true,"href":"https:\/\/dev.eunitecidos.pt\/en\/wp-json\/wp\/v2\/product_brand?post=23548"},{"taxonomy":"product_cat","embeddable":true,"href":"https:\/\/dev.eunitecidos.pt\/en\/wp-json\/wp\/v2\/product_cat?post=23548"},{"taxonomy":"product_tag","embeddable":true,"href":"https:\/\/dev.eunitecidos.pt\/en\/wp-json\/wp\/v2\/product_tag?post=23548"}],"curies":[{"name":"wp","href":"https:\/\/api.w.org\/{rel}","templated":true}]}}