
{"id":23556,"date":"2023-03-07T21:29:32","date_gmt":"2023-03-07T21:29:32","guid":{"rendered":"https:\/\/dev.eunitecidos.pt\/?post_type=product&#038;p=23556"},"modified":"2025-12-02T11:23:37","modified_gmt":"2025-12-02T11:23:37","slug":"tecido-canvas-liso-bordo","status":"publish","type":"product","link":"https:\/\/dev.eunitecidos.pt\/en\/loja\/texteis\/tecido-canvas-liso-bordo\/","title":{"rendered":"Tecido Canvas | Liso | Bord\u00f4 (034)"},"content":{"rendered":"<p>Canvas Fabric | Plain | Bordeaux<\/p>\n<p>Fabric 100% Cotton<\/p>\n<p>Organic cotton<\/p>\n<p>OEKO-TEX and GOTS certified<\/p>\n<p>1.40 Width 225 gr\/m2<\/p>","protected":false},"excerpt":{"rendered":"<p>Tecido Canvas | Liso | Bord\u00f4 Tecido 100% Algod\u00e3o Algod\u00e3o Org\u00e2nico Certificado OEKO-TEX e GOTS 1,40 Largura 225 gr\/m2<\/p>","protected":false},"featured_media":23531,"comment_status":"closed","ping_status":"closed","template":"","meta":{"_seopress_robots_primary_cat":"69","_seopress_titles_title":"Tecido Canvas Liso Bord\u00f4 100% Algod\u00e3o Org\u00e2nico Certificado OEKO-TEX e GOTS","_seopress_titles_desc":"Descubra o tecido de alta qualidade em padr\u00e3o liso na cor bord\u00f4. Feito com algod\u00e3o org\u00e2nico certificado e sustent\u00e1vel. Ideal para projetos criativos. Confira agora!","_seopress_robots_index":""},"product_brand":[],"product_cat":[194,732,135,69],"product_tag":[315,443,419,778,770,1818,677,1018,1712,1862],"class_list":{"0":"post-23556","1":"product","2":"type-product","3":"status-publish","4":"has-post-thumbnail","6":"product_cat-algodao-organico","7":"product_cat-alinhados-canvas","8":"product_cat-tecido-100-algodao","9":"product_cat-texteis","10":"product_tag-100-algodao","11":"product_tag-algodao-organico","12":"product_tag-basico","13":"product_tag-bordo","14":"product_tag-costura-criativa","15":"product_tag-costuracriativa","16":"product_tag-liso","17":"product_tag-patchwork","18":"product_tag-tecido-algodao","19":"product_tag-tecido-canvas","21":"first","22":"instock","23":"taxable","24":"shipping-taxable","25":"purchasable","26":"product-type-simple"},"_links":{"self":[{"href":"https:\/\/dev.eunitecidos.pt\/en\/wp-json\/wp\/v2\/product\/23556","targetHints":{"allow":["GET"]}}],"collection":[{"href":"https:\/\/dev.eunitecidos.pt\/en\/wp-json\/wp\/v2\/product"}],"about":[{"href":"https:\/\/dev.eunitecidos.pt\/en\/wp-json\/wp\/v2\/types\/product"}],"replies":[{"embeddable":true,"href":"https:\/\/dev.eunitecidos.pt\/en\/wp-json\/wp\/v2\/comments?post=23556"}],"wp:featuredmedia":[{"embeddable":true,"href":"https:\/\/dev.eunitecidos.pt\/en\/wp-json\/wp\/v2\/media\/23531"}],"wp:attachment":[{"href":"https:\/\/dev.eunitecidos.pt\/en\/wp-json\/wp\/v2\/media?parent=23556"}],"wp:term":[{"taxonomy":"product_brand","embeddable":true,"href":"https:\/\/dev.eunitecidos.pt\/en\/wp-json\/wp\/v2\/product_brand?post=23556"},{"taxonomy":"product_cat","embeddable":true,"href":"https:\/\/dev.eunitecidos.pt\/en\/wp-json\/wp\/v2\/product_cat?post=23556"},{"taxonomy":"product_tag","embeddable":true,"href":"https:\/\/dev.eunitecidos.pt\/en\/wp-json\/wp\/v2\/product_tag?post=23556"}],"curies":[{"name":"wp","href":"https:\/\/api.w.org\/{rel}","templated":true}]}}