
{"id":23686,"date":"2023-03-10T21:01:09","date_gmt":"2023-03-10T21:01:09","guid":{"rendered":"https:\/\/dev.eunitecidos.pt\/?post_type=product&#038;p=23686"},"modified":"2023-03-10T21:01:10","modified_gmt":"2023-03-10T21:01:10","slug":"tecido-loneta-estampado-folhagens-3","status":"publish","type":"product","link":"https:\/\/dev.eunitecidos.pt\/en\/loja\/texteis\/tecido-loneta-estampado-folhagens-3\/","title":{"rendered":"Loneta Fabric | Printed | Foliage"},"content":{"rendered":"<p>Loneta Fabric | Printed | Foliage<\/p>\n<p>Composition: 65% Cotton 35% Polyester<\/p>\n<p>2.8 Width<\/p>","protected":false},"excerpt":{"rendered":"<p>Tecido Loneta |\u00a0 Estampado | Folhagens Composi\u00e7\u00e3o: 65% Algod\u00e3o 35% Poli\u00e9ster 2,8 Largura<\/p>","protected":false},"featured_media":23620,"comment_status":"closed","ping_status":"closed","template":"","meta":{"_seopress_robots_primary_cat":"69","_seopress_titles_title":"Tecido Loneta Estampada Folhagens | 65% Algod\u00e3o 35% Poli\u00e9ster","_seopress_titles_desc":"Descubra o tecido Loneta estampado com folhagens para os seus projetos de costura. Composi\u00e7\u00e3o de 65% algod\u00e3o e 35% poli\u00e9ster, largura de 2,8 metros.","_seopress_robots_index":""},"product_brand":[],"product_cat":[244,242,159,69],"product_tag":[290,319,885,340,461,1707,2185,1758,469,1472],"class_list":{"0":"post-23686","1":"product","2":"type-product","3":"status-publish","4":"has-post-thumbnail","6":"product_cat-estampadas-lonetas","7":"product_cat-lonetas","8":"product_cat-tecidos-decoracao","9":"product_cat-texteis","10":"product_tag-algodao","11":"product_tag-bege","12":"product_tag-cru","13":"product_tag-estampado","14":"product_tag-folhagens","15":"product_tag-loneta","16":"product_tag-poliester","17":"product_tag-tecido-decoracao","18":"product_tag-verde-agua","19":"product_tag-verde-escuro","21":"first","22":"instock","23":"taxable","24":"shipping-taxable","25":"purchasable","26":"product-type-simple"},"_links":{"self":[{"href":"https:\/\/dev.eunitecidos.pt\/en\/wp-json\/wp\/v2\/product\/23686","targetHints":{"allow":["GET"]}}],"collection":[{"href":"https:\/\/dev.eunitecidos.pt\/en\/wp-json\/wp\/v2\/product"}],"about":[{"href":"https:\/\/dev.eunitecidos.pt\/en\/wp-json\/wp\/v2\/types\/product"}],"replies":[{"embeddable":true,"href":"https:\/\/dev.eunitecidos.pt\/en\/wp-json\/wp\/v2\/comments?post=23686"}],"wp:featuredmedia":[{"embeddable":true,"href":"https:\/\/dev.eunitecidos.pt\/en\/wp-json\/wp\/v2\/media\/23620"}],"wp:attachment":[{"href":"https:\/\/dev.eunitecidos.pt\/en\/wp-json\/wp\/v2\/media?parent=23686"}],"wp:term":[{"taxonomy":"product_brand","embeddable":true,"href":"https:\/\/dev.eunitecidos.pt\/en\/wp-json\/wp\/v2\/product_brand?post=23686"},{"taxonomy":"product_cat","embeddable":true,"href":"https:\/\/dev.eunitecidos.pt\/en\/wp-json\/wp\/v2\/product_cat?post=23686"},{"taxonomy":"product_tag","embeddable":true,"href":"https:\/\/dev.eunitecidos.pt\/en\/wp-json\/wp\/v2\/product_tag?post=23686"}],"curies":[{"name":"wp","href":"https:\/\/api.w.org\/{rel}","templated":true}]}}