
{"id":23937,"date":"2023-03-18T20:01:13","date_gmt":"2023-03-18T20:01:13","guid":{"rendered":"https:\/\/dev.eunitecidos.pt\/?post_type=product&#038;p=23937"},"modified":"2025-06-04T11:31:27","modified_gmt":"2025-06-04T11:31:27","slug":"cambraia-lisa-vermelho-7","status":"publish","type":"product","link":"https:\/\/dev.eunitecidos.pt\/en\/loja\/texteis\/cambraia-lisa-vermelho-7\/","title":{"rendered":"Cambraia | Smooth | Red (7)"},"content":{"rendered":"<p>Cambraia | Smooth | Red (7)<\/p>\n<p>Composition 65% Cotton 35% Polyester<\/p>\n<p>1.50 Width<\/p>\n<p>&nbsp;<\/p>","protected":false},"excerpt":{"rendered":"<p>Cambraia | Lisa | Vermelho (7) Composi\u00e7\u00e3o 65% Algod\u00e3o 35% Poli\u00e9ster 1,50 Largura &nbsp;<\/p>","protected":false},"featured_media":23920,"comment_status":"closed","ping_status":"closed","template":"","meta":{"_seopress_robots_primary_cat":"69","_seopress_titles_title":"Tecido Cambraia Vermelho | Ideal para Costura","_seopress_titles_desc":"Descubra o tecido Cambraia Vermelho com composi\u00e7\u00e3o de 65% Algod\u00e3o e 35% Poli\u00e9ster, ideal para os seus projetos criativos. Encomende j\u00e1!","_seopress_robots_index":""},"product_brand":[],"product_cat":[142,219,69],"product_tag":[290,582,1638,2185,453],"class_list":{"0":"post-23937","1":"product","2":"type-product","3":"status-publish","4":"has-post-thumbnail","6":"product_cat-cambraias","7":"product_cat-lisas-cambraias","8":"product_cat-texteis","9":"product_tag-algodao","10":"product_tag-cambraia","11":"product_tag-lisa","12":"product_tag-poliester","13":"product_tag-vermelho","15":"first","16":"instock","17":"taxable","18":"shipping-taxable","19":"purchasable","20":"product-type-simple"},"_links":{"self":[{"href":"https:\/\/dev.eunitecidos.pt\/en\/wp-json\/wp\/v2\/product\/23937","targetHints":{"allow":["GET"]}}],"collection":[{"href":"https:\/\/dev.eunitecidos.pt\/en\/wp-json\/wp\/v2\/product"}],"about":[{"href":"https:\/\/dev.eunitecidos.pt\/en\/wp-json\/wp\/v2\/types\/product"}],"replies":[{"embeddable":true,"href":"https:\/\/dev.eunitecidos.pt\/en\/wp-json\/wp\/v2\/comments?post=23937"}],"wp:featuredmedia":[{"embeddable":true,"href":"https:\/\/dev.eunitecidos.pt\/en\/wp-json\/wp\/v2\/media\/23920"}],"wp:attachment":[{"href":"https:\/\/dev.eunitecidos.pt\/en\/wp-json\/wp\/v2\/media?parent=23937"}],"wp:term":[{"taxonomy":"product_brand","embeddable":true,"href":"https:\/\/dev.eunitecidos.pt\/en\/wp-json\/wp\/v2\/product_brand?post=23937"},{"taxonomy":"product_cat","embeddable":true,"href":"https:\/\/dev.eunitecidos.pt\/en\/wp-json\/wp\/v2\/product_cat?post=23937"},{"taxonomy":"product_tag","embeddable":true,"href":"https:\/\/dev.eunitecidos.pt\/en\/wp-json\/wp\/v2\/product_tag?post=23937"}],"curies":[{"name":"wp","href":"https:\/\/api.w.org\/{rel}","templated":true}]}}